{"id":1066,"date":"2025-06-12T17:24:34","date_gmt":"2025-06-12T15:24:34","guid":{"rendered":"https:\/\/te.cme.org.pl\/2025\/?page_id=1066"},"modified":"2025-11-26T08:36:38","modified_gmt":"2025-11-26T07:36:38","slug":"bilet-wsparcia","status":"publish","type":"page","link":"https:\/\/te.cme.org.pl\/2025\/wspieraj-te\/bilet-wsparcia\/","title":{"rendered":"Bilet wsparcia"},"content":{"rendered":"\n<p>Staramy si\u0119, by program Tygodnia Ewangelizacyjnego w&nbsp;Dzi\u0119gielowie by\u0142 przystosowany do jak najwi\u0119kszej ilo\u015bci os\u00f3b. Chcemy, by ka\u017cdy m\u00f3g\u0142 znale\u017a\u0107 co\u015b dla siebie. Nie inaczej b\u0119dzie w tym roku. Szeroki wachlarz tematyczny seminari\u00f3w, wyk\u0142ad\u00f3w i spotka\u0144 ewangelizacyjnych to nasza odpowied\u017a na zapotrzebowanie, kt\u00f3re wielu z was zg\u0142asza\u0142o do nas jako organizator\u00f3w.<\/p>\n\n\n\n<p>Podobnie jest z koncertami. Staramy si\u0119, by by\u0142y zr\u00f3\u017cnicowane pod wzgl\u0119dem stylu oraz by ich przekaz by\u0142 sp\u00f3jny z przes\u0142aniem S\u0142owa Bo\u017cego. Chcemy te\u017c, by poziom wykonawc\u00f3w by\u0142 jak najwy\u017cszy.<\/p>\n\n\n\n<p>Od lat dost\u0119p do ca\u0142ego programu TE jest darmowy i w tym roku to r\u00f3wnie\u017c si\u0119 nie zmieni!<\/p>\n\n\n\n<p>Nie b\u0119dziemy jednak ukrywa\u0107, \u017ce organizacja koncert\u00f3w wymaga du\u017cych nak\u0142ad\u00f3w pieni\u0119\u017cnych.<\/p>\n\n\n\n<p>Dlatego zwracamy si\u0119 do Ciebie z pro\u015bb\u0105. Je\u015bli podoba ci si\u0119 tegoroczny line\u2019up artyst\u00f3w, a do tego lubisz pos\u0142ucha\u0107 dobrej muzyki w&nbsp;zawodowym wykonaniu, cenisz dobry d\u017awi\u0119k i doskonale wiesz \u201eile to powinno kosztowa\u0107\u201d, to zach\u0119camy Ci\u0119 do wsparcia organizacji koncert\u00f3w na TE!<\/p>\n\n\n\n<p>Jak to zrobi\u0107? Wystarczy, \u017ce kupisz \u201eBilet wsparcia\u201d, czyli bilet cegie\u0142k\u0119, kt\u00f3rego warto\u015b\u0107 ustalasz sam, a ca\u0142a suma, kt\u00f3r\u0105 wska\u017cesz, zostanie przekazana na organizacj\u0119 koncert\u00f3w w trakcie TE.<\/p>\n\n\n\n<p>Mo\u017cesz te\u017c wskaza\u0107 konkretny zesp\u00f3\u0142 lub przekaza\u0107 kilka dobrych s\u0142\u00f3w do swojego ulubionego artysty.<\/p>\n\n\n\n<p>Ju\u017c teraz dzi\u0119kujemy ci za twoje wsparcie!<\/p>\n\n\n\n<div class=\"wp-block-buttons is-horizontal is-content-justification-center is-layout-flex wp-container-core-buttons-is-layout-82fee8d9 wp-block-buttons-is-layout-flex\" style=\"border-style:none;border-width:0px;border-radius:0px;margin-top:0;margin-bottom:0;padding-top:var(--wp--preset--spacing--20);padding-bottom:var(--wp--preset--spacing--20)\">\n<div class=\"wp-block-button te-button-outline\"><a class=\"wp-block-button__link has-accent-1-color has-base-background-color has-text-color has-background has-link-color has-border-color has-accent-1-border-color wp-element-button\" href=\"https:\/\/form.jotform.com\/231284215760048\" style=\"border-width:2px;border-radius:0px;padding-top:var(--wp--preset--spacing--20);padding-right:var(--wp--preset--spacing--30);padding-bottom:var(--wp--preset--spacing--20);padding-left:var(--wp--preset--spacing--30)\" target=\"_blank\" rel=\"noreferrer noopener\">Kup teraz<\/a><\/div>\n<\/div>\n","protected":false},"excerpt":{"rendered":"<p>Staramy si\u0119, by program Tygodnia Ewangelizacyjnego w&nbsp;Dzi\u0119gielowie by\u0142 przystosowany do jak najwi\u0119kszej ilo\u015bci os\u00f3b. Chcemy, by ka\u017cdy m\u00f3g\u0142 znale\u017a\u0107 co\u015b dla siebie. Nie inaczej b\u0119dzie w tym roku. Szeroki wachlarz tematyczny seminari\u00f3w, wyk\u0142ad\u00f3w i spotka\u0144 ewangelizacyjnych to nasza odpowied\u017a na zapotrzebowanie, kt\u00f3re wielu z was zg\u0142asza\u0142o do nas jako organizator\u00f3w. Podobnie jest z koncertami. Staramy [&hellip;]<\/p>\n","protected":false},"author":1,"featured_media":0,"parent":154,"menu_order":0,"comment_status":"closed","ping_status":"closed","template":"wp-custom-template-wsparcie","meta":{"te_page_icon":"local_activity","footnotes":""},"class_list":["post-1066","page","type-page","status-publish","hentry"],"_links":{"self":[{"href":"https:\/\/te.cme.org.pl\/2025\/wp-json\/wp\/v2\/pages\/1066","targetHints":{"allow":["GET"]}}],"collection":[{"href":"https:\/\/te.cme.org.pl\/2025\/wp-json\/wp\/v2\/pages"}],"about":[{"href":"https:\/\/te.cme.org.pl\/2025\/wp-json\/wp\/v2\/types\/page"}],"author":[{"embeddable":true,"href":"https:\/\/te.cme.org.pl\/2025\/wp-json\/wp\/v2\/users\/1"}],"replies":[{"embeddable":true,"href":"https:\/\/te.cme.org.pl\/2025\/wp-json\/wp\/v2\/comments?post=1066"}],"version-history":[{"count":6,"href":"https:\/\/te.cme.org.pl\/2025\/wp-json\/wp\/v2\/pages\/1066\/revisions"}],"predecessor-version":[{"id":2238,"href":"https:\/\/te.cme.org.pl\/2025\/wp-json\/wp\/v2\/pages\/1066\/revisions\/2238"}],"up":[{"embeddable":true,"href":"https:\/\/te.cme.org.pl\/2025\/wp-json\/wp\/v2\/pages\/154"}],"wp:attachment":[{"href":"https:\/\/te.cme.org.pl\/2025\/wp-json\/wp\/v2\/media?parent=1066"}],"curies":[{"name":"wp","href":"https:\/\/api.w.org\/{rel}","templated":true}]}}