{"id":166,"date":"2025-05-08T14:53:53","date_gmt":"2025-05-08T12:53:53","guid":{"rendered":"https:\/\/te.cme.org.pl\/2025\/?page_id=166"},"modified":"2025-05-09T11:22:38","modified_gmt":"2025-05-09T09:22:38","slug":"modl-sie-o-te","status":"publish","type":"page","link":"https:\/\/te.cme.org.pl\/2025\/wspieraj-te\/modl-sie-o-te\/","title":{"rendered":"M\u00f3dl si\u0119 o TE"},"content":{"rendered":"\n<figure class=\"wp-block-pullquote has-large-font-size\" style=\"font-style:italic;font-weight:400\"><blockquote><p>Wyznawajcie tedy grzechy jedni drugim i m\u00f3dlcie si\u0119 jedni za drugich, aby\u015bcie byli uzdrowieni. Wiele mo\u017ce usilna modlitwa sprawiedliwego.<\/p><cite>List Jakuba 5,16<\/cite><\/blockquote><\/figure>\n\n\n\n<p>Wierz\u0105c w si\u0142\u0119 modlitwy i moc naszego wspania\u0142ego Boga, przedstawiamy wam nasze dzi\u0119kczynienie i pro\u015bby, by\u015bmy wsp\u00f3lnie mogli przynosi\u0107 je przed tron Bo\u017cej \u0142aski.<\/p>\n\n\n\n<p>O tym za co dzi\u0119kowa\u0107 i o co si\u0119 modli\u0107, przeczytasz w naszych listach modlitewnych:<\/p>\n\n\n<ul style=\"font-style:normal;font-weight:900;text-decoration:none;\" class=\"wp-elements-5063e3e2682c43e0b22207eb0d84c4d3 wp-block-page-list has-text-color has-accent-1-color\"><li class=\"wp-block-pages-list__item\"><a class=\"wp-block-pages-list__item__link\" href=\"https:\/\/te.cme.org.pl\/2025\/wspieraj-te\/modl-sie-o-te\/1-list-modlitewny\/\">I List Modlitewny TED 2025<\/a><\/li><li class=\"wp-block-pages-list__item\"><a class=\"wp-block-pages-list__item__link\" href=\"https:\/\/te.cme.org.pl\/2025\/wspieraj-te\/modl-sie-o-te\/2-list-modlitewny\/\">II List Modlitewny TED 2025<\/a><\/li><li class=\"wp-block-pages-list__item\"><a class=\"wp-block-pages-list__item__link\" href=\"https:\/\/te.cme.org.pl\/2025\/wspieraj-te\/modl-sie-o-te\/3-list-modlitewny\/\">III List Modlitewny TED 2025<\/a><\/li><li class=\"wp-block-pages-list__item\"><a class=\"wp-block-pages-list__item__link\" href=\"https:\/\/te.cme.org.pl\/2025\/wspieraj-te\/modl-sie-o-te\/iv-list-modlitewny-ted-2025\/\">IV List Modlitewny TED 2025<\/a><\/li><li class=\"wp-block-pages-list__item\"><a class=\"wp-block-pages-list__item__link\" href=\"https:\/\/te.cme.org.pl\/2025\/wspieraj-te\/modl-sie-o-te\/v-list-modlitewny-ted-2025\/\">V List Modlitewny TED 2025<\/a><\/li><\/ul>","protected":false},"excerpt":{"rendered":"<p>Wyznawajcie tedy grzechy jedni drugim i m\u00f3dlcie si\u0119 jedni za drugich, aby\u015bcie byli uzdrowieni. Wiele mo\u017ce usilna modlitwa sprawiedliwego. List Jakuba 5,16 Wierz\u0105c w si\u0142\u0119 modlitwy i moc naszego wspania\u0142ego Boga, przedstawiamy wam nasze dzi\u0119kczynienie i pro\u015bby, by\u015bmy wsp\u00f3lnie mogli przynosi\u0107 je przed tron Bo\u017cej \u0142aski. O tym za co dzi\u0119kowa\u0107 i o co si\u0119 [&hellip;]<\/p>\n","protected":false},"author":1,"featured_media":0,"parent":154,"menu_order":1,"comment_status":"closed","ping_status":"closed","template":"wp-custom-template-wsparcie","meta":{"te_page_icon":"folded_hands","footnotes":""},"class_list":["post-166","page","type-page","status-publish","hentry"],"_links":{"self":[{"href":"https:\/\/te.cme.org.pl\/2025\/wp-json\/wp\/v2\/pages\/166","targetHints":{"allow":["GET"]}}],"collection":[{"href":"https:\/\/te.cme.org.pl\/2025\/wp-json\/wp\/v2\/pages"}],"about":[{"href":"https:\/\/te.cme.org.pl\/2025\/wp-json\/wp\/v2\/types\/page"}],"author":[{"embeddable":true,"href":"https:\/\/te.cme.org.pl\/2025\/wp-json\/wp\/v2\/users\/1"}],"replies":[{"embeddable":true,"href":"https:\/\/te.cme.org.pl\/2025\/wp-json\/wp\/v2\/comments?post=166"}],"version-history":[{"count":8,"href":"https:\/\/te.cme.org.pl\/2025\/wp-json\/wp\/v2\/pages\/166\/revisions"}],"predecessor-version":[{"id":2232,"href":"https:\/\/te.cme.org.pl\/2025\/wp-json\/wp\/v2\/pages\/166\/revisions\/2232"}],"up":[{"embeddable":true,"href":"https:\/\/te.cme.org.pl\/2025\/wp-json\/wp\/v2\/pages\/154"}],"wp:attachment":[{"href":"https:\/\/te.cme.org.pl\/2025\/wp-json\/wp\/v2\/media?parent=166"}],"curies":[{"name":"wp","href":"https:\/\/api.w.org\/{rel}","templated":true}]}}