{"id":172,"date":"2025-01-13T14:55:00","date_gmt":"2025-01-13T13:55:00","guid":{"rendered":"https:\/\/te.cme.org.pl\/2025\/?page_id=172"},"modified":"2025-05-16T13:44:27","modified_gmt":"2025-05-16T11:44:27","slug":"1-list-modlitewny","status":"publish","type":"page","link":"https:\/\/te.cme.org.pl\/2025\/wspieraj-te\/modl-sie-o-te\/1-list-modlitewny\/","title":{"rendered":"I List Modlitewny TED 2025"},"content":{"rendered":"\n<p class=\"has-text-align-right\">Dzi\u0119giel\u00f3w, 13 stycznia 2025 roku<\/p>\n\n\n\n<p><strong>Drodzy Modliciele,<br>Siostry i Bracia,<br>Kochani Przyjaciele!<\/strong><\/p>\n\n\n\n<p>Przesy\u0142am I list modlitewny Tygodnia Ewangelizacyjnego w&nbsp;Dzi\u0119gielowie 2025. Zach\u0119cam do w\u0142\u0105czenia si\u0119 w modlitw\u0119 i&nbsp;przekazanie tego listu dalej. R\u00f3wnocze\u015bnie bardzo dzi\u0119kuj\u0119 za modlitwy i wsparcie, kt\u00f3rego ju\u017c do\u015bwiadczamy.<\/p>\n\n\n\n<p>Od 6 do 13 lipca tego roku spotkamy si\u0119 na 76. Tygodniu Ewangelizacyjnym w Dzi\u0119gielowie. Dzi\u0119ki zaanga\u017cowanej pracy Grupy Programowej wi\u0119kszo\u015b\u0107 punkt\u00f3w programu zosta\u0142a zatwierdzona ju\u017c w grudniu. Bardzo dzi\u0119kuj\u0119 wszystkim uczestnikom Grupy za ich wk\u0142ad. W ka\u017cdym li\u015bcie modlitewnym b\u0119d\u0119 przekazywa\u0142 informacje o zaplanowanym programie.<\/p>\n\n\n\n<h4 class=\"wp-block-heading has-accent-2-color has-text-color has-link-color has-medium-font-size wp-elements-167d2ef2aaaddf60989d2368d6bbf7a0\">Has\u0142o i tematyka<\/h4>\n\n\n\n<p>Has\u0142o TED 2025 brzmi: <strong>\u201eSPRAWDZAM\u201d<\/strong> i nawi\u0105zuje do tematyki roku, kt\u00f3ry zosta\u0142 og\u0142oszony Rokiem Wyznania Wiary. Zapraszam do zapoznania si\u0119 z opisem tematyki, zamieszczonym r\u00f3wnie\u017c na stronie <a href=\"https:\/\/te.cme.org.pl\/\" target=\"_blank\" rel=\"noreferrer noopener\">te.cme.org.pl<\/a>.<\/p>\n\n\n\n<hr class=\"wp-block-separator has-alpha-channel-opacity\"\/>\n\n\n\n<h4 class=\"wp-block-heading has-accent-2-color has-text-color has-link-color wp-elements-84a9c9435a8f81e8947aefb4d0f6f507\">To dzieje si\u0119 codziennie \u2013 sprawdzamy i jeste\u015bmy sprawdzani.<\/h4>\n\n\n\n<h5 class=\"wp-block-heading has-accent-2-color has-text-color has-link-color wp-elements-743d8bf65aebf01f8dd2e26839ad6fae\">Co sprawdzamy?<\/h5>\n\n\n\n<p>Jak\u0105 pogod\u0119 zapowiadaj\u0105? Czy wy\u0142\u0105czyli\u015bmy \u017celazko? Czy mamy przy sobie portfel? Sprawdzamy stan konta, czy paczka dotar\u0142a, czy te starsze ubrania jeszcze pasuj\u0105. Si\u0119gamy po wiadomo\u015bci, przegl\u0105damy social media, zastanawiamy si\u0119, co robi\u0105 dzieci, kiedy w pokoju panuje cisza. A&nbsp;mo\u017ce ju\u017c dostali\u015bmy odpowied\u017a na maila?<\/p>\n\n\n\n<h5 class=\"wp-block-heading has-accent-2-color has-text-color has-link-color wp-elements-d73519684445aa11c3d3ec2a388bcd87\">W jaki spos\u00f3b jeste\u015bmy sprawdzani?<\/h5>\n\n\n\n<p>Czy zrealizowali\u015bmy zlecone zadania? Czy nasz samoch\u00f3d ma wa\u017cne badanie techniczne? Sprawdzana jest nasza wiedza, umiej\u0119tno\u015bci, poprawno\u015b\u0107 dokument\u00f3w, stan zdrowia. Ocenia si\u0119, czy sp\u0142acamy zobowi\u0105zania i&nbsp;przestrzegamy przepis\u00f3w.<\/p>\n\n\n\n<h5 class=\"wp-block-heading has-accent-2-color has-text-color has-link-color wp-elements-971c1580c088feed0854466827479bb1\">Dlaczego to robimy?<\/h5>\n\n\n\n<p>Sprawdzamy, aby upewni\u0107 si\u0119, \u017ce wszystko jest zgodne z wymaganiami, standardami, oczekiwaniami. Robimy to, by mie\u0107 pewno\u015b\u0107 i spok\u00f3j. Kiedy co\u015b nie pasuje, zaczynamy si\u0119 niepokoi\u0107.<\/p>\n\n\n\n<h5 class=\"wp-block-heading has-accent-2-color has-text-color has-link-color wp-elements-65df0be4da3a3b3daa32708894e25d2d\">A co z nasz\u0105 wiar\u0105?<\/h5>\n\n\n\n<p>Sprawdzaniu powinna podlega\u0107 r\u00f3wnie\u017c nasza wiara. Potrzebujemy upewni\u0107 si\u0119, \u017ce to, co nazywamy wiar\u0105, rzeczywi\u015bcie ni\u0105 jest, a nie tylko \u201ewygl\u0105da jak wiara\u201d.<\/p>\n\n\n\n<p>W trakcie Tygodnia Ewangelizacyjnego 2025 b\u0119dziemy wsp\u00f3lnie szuka\u0107<br>odpowiedzi na pytania:<\/p>\n\n\n\n<ul class=\"wp-block-list\">\n<li>Czy wierz\u0119? Co to znaczy wierzy\u0107?<\/li>\n\n\n\n<li>W jakiego Boga wierz\u0119 i sk\u0105d o Nim wiem?<\/li>\n\n\n\n<li>Na czym opieram swoj\u0105 wiar\u0119?<\/li>\n\n\n\n<li>Czy moja wiara jest autentyczna?<\/li>\n\n\n\n<li>Czy Bo\u017ce obietnice si\u0119 spe\u0142niaj\u0105?<\/li>\n\n\n\n<li>W jaki spos\u00f3b B\u00f3g sprawdza nasz\u0105 wiar\u0119?<\/li>\n\n\n\n<li>Jakie s\u0105 konsekwencje wiary i niewiary?<\/li>\n\n\n\n<li>Co wiara oznacza dla codziennego \u017cycia?<\/li>\n<\/ul>\n\n\n\n<hr class=\"wp-block-separator has-alpha-channel-opacity\"\/>\n\n\n\n<h4 class=\"wp-block-heading has-accent-2-color has-text-color has-link-color wp-elements-012520b0874f46d6db350caabd131511\">Zwiastowanie<\/h4>\n\n\n\n<p>W tym roku zwiastowania ewangelizacyjne w namiocie g\u0142\u00f3wnym poprowadzi ks. Danielle Dokman, kt\u00f3ra na co dzie\u0144 s\u0142u\u017cy w Ko\u015bciele Ewangelicko-Lutera\u0144skim w Surinamie. Jej pasj\u0105 jest g\u0142oszenie kaza\u0144 oraz nauczanie wiernych, aby mogli w pe\u0142ni zaanga\u017cowa\u0107 si\u0119 w przemieniaj\u0105ce i zbawcze dzie\u0142o Boga zar\u00f3wno w ko\u015bciele, jak i na \u015bwiecie. Obecnie studiuje na studiach doktoranckich z zakresu Starego Testamentu w Seminarium Lutera\u0144skim w Minnesocie (USA). Pragnie wzmacnia\u0107 ko\u015bcio\u0142y, by mog\u0142y aktywnie dzia\u0142a\u0107 na rzecz sprawiedliwego i pojednanego \u015bwiata.<\/p>\n\n\n\n<h4 class=\"wp-block-heading has-accent-2-color has-text-color has-link-color wp-elements-ffd8f49486a20633adbe645f23c593d5\">Modlitwa<\/h4>\n\n\n\n<p>Zapraszamy do wsp\u00f3lnej modlitwy i z wdzi\u0119czno\u015bci\u0105 przychodzimy do Boga, dzi\u0119kuj\u0105c:<\/p>\n\n\n\n<ul class=\"wp-block-list\">\n<li>za b\u0142ogos\u0142awie\u0144stwo, kt\u00f3rego do\u015bwiadczyli\u015bmy w trakcie TED 2024, oraz za to, \u017ce wspomnienie zesz\u0142orocznego wydarzenia utwierdza nas w zaufaniu do Boga,<\/li>\n\n\n\n<li>za to, \u017ce rok 2025 to kolejna szansa na zwiastowanie Ewangelii w ramach TED,<\/li>\n\n\n\n<li>za pok\u00f3j i wolno\u015b\u0107 organizowania chrze\u015bcija\u0144skich wydarze\u0144 w naszym kraju,<\/li>\n\n\n\n<li>za zaanga\u017cowan\u0105 i skuteczn\u0105 prac\u0119 Grupy Programowej,<\/li>\n\n\n\n<li>za wielu ludzi, kt\u00f3rzy z wielk\u0105 ch\u0119ci\u0105 wspieraj\u0105 przygotowania do Tygodnia,<\/li>\n\n\n\n<li>za wielu modlitewnych wojownik\u00f3w, kt\u00f3rzy na co dzie\u0144 przynosz\u0105 Bogu spraw\u0119 TED w swoich modlitwach.<\/li>\n<\/ul>\n\n\n\n<p>Poniewa\u017c Jezus zach\u0119ca\u0142 nas do przynoszenia swoich pr\u00f3\u015bb do Ojca, prosimy:<\/p>\n\n\n\n<ul class=\"wp-block-list\">\n<li>by tegoroczny Tydzie\u0144 Ewangelizacyjny by\u0142 zach\u0119ceniem do odwa\u017cnego wyznawania wiary na co dzie\u0144,<\/li>\n\n\n\n<li>by B\u00f3g w pe\u0142en mi\u0142o\u015bci spos\u00f3b wskaza\u0142 nam obszary naszej wiary, kt\u00f3re musimy skonfrontowa\u0107 z Jego S\u0142owem,<\/li>\n\n\n\n<li>o prowadzenie Ducha \u015awi\u0119tego i b\u0142ogos\u0142awie\u0144stwo we wszelkich pracach organizacyjnych,<\/li>\n\n\n\n<li>o b\u0142ogos\u0142awie\u0144stwo dla przygotowania zwiastowania i bezpieczn\u0105 podr\u00f3\u017c do Polski dla ks. Danielle,<\/li>\n\n\n\n<li>o wsparcie dla wszystkich zaanga\u017cowanych w przygotowanie programu,<\/li>\n\n\n\n<li>o to, aby B\u00f3g pob\u0142ogos\u0142awi\u0142 TED r\u00f3wnie\u017c finansowo i pom\u00f3g\u0142 pokry\u0107 koszty organizacji tego przedsi\u0119wzi\u0119cia.<\/li>\n<\/ul>\n\n\n\n<p>B\u0119dziemy bardzo wdzi\u0119czni, je\u015bli zechcesz wesprze\u0107 organizacj\u0119 TED r\u00f3wnie\u017c finansowo, przesy\u0142aj\u0105c \u015brodki na konto CME.<\/p>\n\n\n\n<p><strong>Nazwa odbiorcy:<\/strong> CENTRUM MISJI I EWANGELIZACJI KO\u015aCIO\u0141A<br>EWANGELICKO-AUGSBURSKIEGO W RP<br><strong>Nazwa banku:<\/strong> Powszechna Kasa Oszcz\u0119dno\u015bci Bank Polski SA<br><strong>Kod BIC (Swift) banku:<\/strong> BPKOPLPW<br><strong>Numer konta:<\/strong> 75 1020 1390 0000 6202 0704 6347<br><strong>Tytu\u0142em:<\/strong> Darowizna na dzia\u0142alno\u015b\u0107 statutow\u0105 OPP (TED)<\/p>\n\n\n\n<p>Mo\u017cliwe jest r\u00f3wnie\u017c wykonanie przelewu BLIK na numer telefonu.<\/p>\n\n\n\n<p><strong>Numer telefonu:<\/strong> +48 509 398 500<br><strong>Tytu\u0142em:<\/strong> Darowizna na dzia\u0142alno\u015b\u0107 statutow\u0105 OPP (TED)<\/p>\n\n\n\n<p>Bardzo dzi\u0119kuj\u0119 za Twoje modlitwy, hojno\u015b\u0107 i wsparcie!<\/p>\n\n\n\n<p class=\"has-text-align-right\">W imieniu Zespo\u0142u pracuj\u0105cego nad TED<br>ks. Tymoteusz Bujok<\/p>\n\n\n\n<div style=\"height:100px\" aria-hidden=\"true\" class=\"wp-block-spacer\"><\/div>\n\n\n\n<p>Mo\u017cesz pobra\u0107 ten list modlitewny i wydrukowa\u0107 go dla siebie lub swoich przyjaci\u00f3\u0142: <a download=\"\" href=\"https:\/\/te.cme.org.pl\/2025\/wp-content\/uploads\/sites\/2\/2025\/05\/i-list-modlitewny-ted-2025-13-stycznia-2025.pdf\" data-type=\"attachment\" data-id=\"196\">I List modlitewny TED 2025<\/a>.<\/p>\n\n\n\n<p>List modlitewny wysy\u0142amy r\u00f3wnie\u017c mailowo do os\u00f3b kt\u00f3re wyrazi\u0142y na to zgod\u0119. Je\u015bli r\u00f3wnie\u017c chcesz do nich do\u0142\u0105czy\u0107 to wype\u0142nij poni\u017cszy formularz:<\/p>\n\n\n\n<iframe id=\"JotFormIFrame-230612376508050\" style=\"min-width: 100%; max-width: 100%; height: 550px; border: none;\" title=\"List modlitewny TE Dziegiel\u00f3w\" src=\"https:\/\/form.jotform.com\/230612376508050\" frameborder=\"0\" scrolling=\"no\" allowfullscreen=\"allowfullscreen\">\n<\/iframe>\n<script type=\"text\/javascript\">\n    var ifr = document.getElementById(\"JotFormIFrame-230612376508050\");\n    if (ifr) {\n      var src = ifr.src;\n      var iframeParams = [];\n      if (window.location.href && window.location.href.indexOf(\"?\") > -1) {\n        iframeParams = iframeParams.concat(window.location.href.substr(window.location.href.indexOf(\"?\") + 1).split('&'));\n      }\n      if (src && src.indexOf(\"?\") > -1) {\n        iframeParams = iframeParams.concat(src.substr(src.indexOf(\"?\") + 1).split(\"&\"));\n        src = src.substr(0, src.indexOf(\"?\"))\n      }\n      iframeParams.push(\"isIframeEmbed=1\");\n      ifr.src = src + \"?\" + iframeParams.join('&');\n    }\n    window.handleIFrameMessage = function(e) {\n      if (typeof e.data === 'object') { return; }\n      var args = e.data.split(\":\");\n      if (args.length > 2) { iframe = document.getElementById(\"JotFormIFrame-\" + args[(args.length - 1)]); } else { iframe = document.getElementById(\"JotFormIFrame\"); }\n      if (!iframe) { return; }\n      switch (args[0]) {\n        case \"scrollIntoView\":\n          iframe.scrollIntoView();\n          break;\n        case \"setHeight\":\n          iframe.style.height = args[1] + \"px\";\n          if (!isNaN(args[1]) && parseInt(iframe.style.minHeight) > parseInt(args[1])) {\n            iframe.style.minHeight = args[1] + \"px\";\n          }\n          break;\n        case \"collapseErrorPage\":\n          if (iframe.clientHeight > window.innerHeight) {\n            iframe.style.height = window.innerHeight + \"px\";\n          }\n          break;\n        case \"reloadPage\":\n          window.location.reload();\n          break;\n        case \"loadScript\":\n          if( !window.isPermitted(e.origin, ['jotform.com', 'jotform.pro']) ) { break; }\n          var src = args[1];\n          if (args.length > 3) {\n              src = args[1] + ':' + args[2];\n          }\n          var script = document.createElement('script');\n          script.src = src;\n          script.type = 'text\/javascript';\n          document.body.appendChild(script);\n          break;\n        case \"exitFullscreen\":\n          if      (window.document.exitFullscreen)        window.document.exitFullscreen();\n          else if (window.document.mozCancelFullScreen)   window.document.mozCancelFullScreen();\n          else if (window.document.mozCancelFullscreen)   window.document.mozCancelFullScreen();\n          else if (window.document.webkitExitFullscreen)  window.document.webkitExitFullscreen();\n          else if (window.document.msExitFullscreen)      window.document.msExitFullscreen();\n          break;\n      }\n      var isJotForm = (e.origin.indexOf(\"jotform\") > -1) ? true : false;\n      if(isJotForm && \"contentWindow\" in iframe && \"postMessage\" in iframe.contentWindow) {\n        var urls = {\"docurl\":encodeURIComponent(document.URL),\"referrer\":encodeURIComponent(document.referrer)};\n        iframe.contentWindow.postMessage(JSON.stringify({\"type\":\"urls\",\"value\":urls}), \"*\");\n      }\n    };\n    window.isPermitted = function(originUrl, whitelisted_domains) {\n      var url = document.createElement('a');\n      url.href = originUrl;\n      var hostname = url.hostname;\n      var result = false;\n      if( typeof hostname !== 'undefined' ) {\n        whitelisted_domains.forEach(function(element) {\n            if( hostname.slice((-1 * element.length - 1)) === '.'.concat(element) ||  hostname === element ) {\n                result = true;\n            }\n        });\n        return result;\n      }\n    };\n    if (window.addEventListener) {\n      window.addEventListener(\"message\", handleIFrameMessage, false);\n    } else if (window.attachEvent) {\n      window.attachEvent(\"onmessage\", handleIFrameMessage);\n    }\n    <\/script>\n","protected":false},"excerpt":{"rendered":"<p>Dzi\u0119giel\u00f3w, 13 stycznia 2025 roku Drodzy Modliciele,Siostry i Bracia,Kochani Przyjaciele! Przesy\u0142am I list modlitewny Tygodnia Ewangelizacyjnego w&nbsp;Dzi\u0119gielowie 2025. Zach\u0119cam do w\u0142\u0105czenia si\u0119 w modlitw\u0119 i&nbsp;przekazanie tego listu dalej. R\u00f3wnocze\u015bnie bardzo dzi\u0119kuj\u0119 za modlitwy i wsparcie, kt\u00f3rego ju\u017c do\u015bwiadczamy. Od 6 do 13 lipca tego roku spotkamy si\u0119 na 76. Tygodniu Ewangelizacyjnym w Dzi\u0119gielowie. Dzi\u0119ki zaanga\u017cowanej [&hellip;]<\/p>\n","protected":false},"author":1,"featured_media":0,"parent":166,"menu_order":1,"comment_status":"closed","ping_status":"closed","template":"wp-custom-template-wsparcie","meta":{"te_page_icon":"folded_hands","footnotes":""},"class_list":["post-172","page","type-page","status-publish","hentry"],"_links":{"self":[{"href":"https:\/\/te.cme.org.pl\/2025\/wp-json\/wp\/v2\/pages\/172","targetHints":{"allow":["GET"]}}],"collection":[{"href":"https:\/\/te.cme.org.pl\/2025\/wp-json\/wp\/v2\/pages"}],"about":[{"href":"https:\/\/te.cme.org.pl\/2025\/wp-json\/wp\/v2\/types\/page"}],"author":[{"embeddable":true,"href":"https:\/\/te.cme.org.pl\/2025\/wp-json\/wp\/v2\/users\/1"}],"replies":[{"embeddable":true,"href":"https:\/\/te.cme.org.pl\/2025\/wp-json\/wp\/v2\/comments?post=172"}],"version-history":[{"count":10,"href":"https:\/\/te.cme.org.pl\/2025\/wp-json\/wp\/v2\/pages\/172\/revisions"}],"predecessor-version":[{"id":2123,"href":"https:\/\/te.cme.org.pl\/2025\/wp-json\/wp\/v2\/pages\/172\/revisions\/2123"}],"up":[{"embeddable":true,"href":"https:\/\/te.cme.org.pl\/2025\/wp-json\/wp\/v2\/pages\/166"}],"wp:attachment":[{"href":"https:\/\/te.cme.org.pl\/2025\/wp-json\/wp\/v2\/media?parent=172"}],"curies":[{"name":"wp","href":"https:\/\/api.w.org\/{rel}","templated":true}]}}