{"id":1737,"date":"2025-05-15T12:58:26","date_gmt":"2025-05-15T10:58:26","guid":{"rendered":"https:\/\/te.cme.org.pl\/2025\/?page_id=1737"},"modified":"2025-05-15T13:00:33","modified_gmt":"2025-05-15T11:00:33","slug":"tematyka","status":"publish","type":"page","link":"https:\/\/te.cme.org.pl\/2025\/tematyka\/","title":{"rendered":"Tematyka"},"content":{"rendered":"\n<h3 class=\"wp-block-heading has-accent-2-color has-text-color has-link-color wp-elements-03ff4135d97bdc3953d4a57e18cedf28\">To dzieje si\u0119 codziennie \u2013 sprawdzamy i jeste\u015bmy sprawdzani.<\/h3>\n\n\n\n<h4 class=\"wp-block-heading has-accent-2-color has-text-color has-link-color wp-elements-e9dabe4b321f8411d0d4d10ce6f5f588\">Co sprawdzamy?<\/h4>\n\n\n\n<p>Jak\u0105 pogod\u0119 zapowiadaj\u0105? Czy wy\u0142\u0105czyli\u015bmy \u017celazko? Czy mamy przy sobie portfel? Sprawdzamy stan konta, czy paczka dotar\u0142a, czy te starsze ubrania jeszcze pasuj\u0105. Si\u0119gamy po wiadomo\u015bci, przegl\u0105damy social media, zastanawiamy si\u0119, co robi\u0105 dzieci, kiedy w pokoju panuje cisza. A&nbsp;mo\u017ce ju\u017c dostali\u015bmy odpowied\u017a na maila?<\/p>\n\n\n\n<h4 class=\"wp-block-heading has-accent-2-color has-text-color has-link-color wp-elements-9ff9aefa31f6c53eee0597067be716c8\">W jaki spos\u00f3b jeste\u015bmy sprawdzani?<\/h4>\n\n\n\n<p>Czy zrealizowali\u015bmy zlecone zadania? Czy nasz samoch\u00f3d ma wa\u017cne badanie techniczne? Sprawdzana jest nasza wiedza, umiej\u0119tno\u015bci, poprawno\u015b\u0107 dokument\u00f3w, stan zdrowia. Ocenia si\u0119, czy sp\u0142acamy zobowi\u0105zania i&nbsp;przestrzegamy przepis\u00f3w.<\/p>\n\n\n\n<h4 class=\"wp-block-heading has-accent-2-color has-text-color has-link-color wp-elements-18bd9746d9d53f7bd8cfa39707ffb9d8\">Dlaczego to robimy?<\/h4>\n\n\n\n<p>Sprawdzamy, aby upewni\u0107 si\u0119, \u017ce wszystko jest zgodne z wymaganiami, standardami, oczekiwaniami. Robimy to, by mie\u0107 pewno\u015b\u0107 i spok\u00f3j. Kiedy co\u015b nie pasuje, zaczynamy si\u0119 niepokoi\u0107.<\/p>\n\n\n\n<h4 class=\"wp-block-heading has-accent-2-color has-text-color has-link-color wp-elements-143530a2418b5a52218574f76f4cab8f\">A co z nasz\u0105 wiar\u0105?<\/h4>\n\n\n\n<p>Sprawdzaniu powinna podlega\u0107 r\u00f3wnie\u017c nasza wiara. Potrzebujemy upewni\u0107 si\u0119, \u017ce to, co nazywamy wiar\u0105, rzeczywi\u015bcie ni\u0105 jest, a nie tylko \u201ewygl\u0105da jak wiara\u201d.<\/p>\n\n\n\n<p>W trakcie Tygodnia Ewangelizacyjnego 2025 b\u0119dziemy wsp\u00f3lnie szuka\u0107 odpowiedzi na pytania:<\/p>\n\n\n\n<p>Czy wierz\u0119? Co to znaczy wierzy\u0107?<br>W jakiego Boga wierz\u0119 i sk\u0105d o Nim wiem?<br>Na czym opieram swoj\u0105 wiar\u0119?<br>Czy moja wiara jest autentyczna?<br>Czy Bo\u017ce obietnice si\u0119 spe\u0142niaj\u0105?<br>W jaki spos\u00f3b B\u00f3g sprawdza nasz\u0105 wiar\u0119?<br>Jakie s\u0105 konsekwencje wiary i niewiary?<br>Co wiara oznacza dla codziennego \u017cycia?<\/p>\n\n\n\n<p>Tydzie\u0144 Ewangelizacyjny odb\u0119dzie si\u0119 w tym roku w dniach 6 \u2013 13 lipca.<br>Przyjd\u017a i sprawd\u017a, co przygotowali\u015bmy dla Ciebie.<\/p>\n\n\n\n<p>Serdecznie zapraszamy. Do zobaczenia!<\/p>\n","protected":false},"excerpt":{"rendered":"<p>To dzieje si\u0119 codziennie \u2013 sprawdzamy i jeste\u015bmy sprawdzani. Co sprawdzamy? Jak\u0105 pogod\u0119 zapowiadaj\u0105? Czy wy\u0142\u0105czyli\u015bmy \u017celazko? Czy mamy przy sobie portfel? Sprawdzamy stan konta, czy paczka dotar\u0142a, czy te starsze ubrania jeszcze pasuj\u0105. Si\u0119gamy po wiadomo\u015bci, przegl\u0105damy social media, zastanawiamy si\u0119, co robi\u0105 dzieci, kiedy w pokoju panuje cisza. A&nbsp;mo\u017ce ju\u017c dostali\u015bmy odpowied\u017a na [&hellip;]<\/p>\n","protected":false},"author":1,"featured_media":0,"parent":0,"menu_order":0,"comment_status":"closed","ping_status":"closed","template":"wp-custom-template-strona-z-ikon","meta":{"te_page_icon":"info","footnotes":""},"class_list":["post-1737","page","type-page","status-publish","hentry"],"_links":{"self":[{"href":"https:\/\/te.cme.org.pl\/2025\/wp-json\/wp\/v2\/pages\/1737","targetHints":{"allow":["GET"]}}],"collection":[{"href":"https:\/\/te.cme.org.pl\/2025\/wp-json\/wp\/v2\/pages"}],"about":[{"href":"https:\/\/te.cme.org.pl\/2025\/wp-json\/wp\/v2\/types\/page"}],"author":[{"embeddable":true,"href":"https:\/\/te.cme.org.pl\/2025\/wp-json\/wp\/v2\/users\/1"}],"replies":[{"embeddable":true,"href":"https:\/\/te.cme.org.pl\/2025\/wp-json\/wp\/v2\/comments?post=1737"}],"version-history":[{"count":1,"href":"https:\/\/te.cme.org.pl\/2025\/wp-json\/wp\/v2\/pages\/1737\/revisions"}],"predecessor-version":[{"id":1738,"href":"https:\/\/te.cme.org.pl\/2025\/wp-json\/wp\/v2\/pages\/1737\/revisions\/1738"}],"wp:attachment":[{"href":"https:\/\/te.cme.org.pl\/2025\/wp-json\/wp\/v2\/media?parent=1737"}],"curies":[{"name":"wp","href":"https:\/\/api.w.org\/{rel}","templated":true}]}}