{"id":1753,"date":"2025-05-16T12:22:11","date_gmt":"2025-05-16T10:22:11","guid":{"rendered":"https:\/\/te.cme.org.pl\/2025\/?page_id=1753"},"modified":"2025-05-16T13:45:31","modified_gmt":"2025-05-16T11:45:31","slug":"3-list-modlitewny","status":"publish","type":"page","link":"https:\/\/te.cme.org.pl\/2025\/wspieraj-te\/modl-sie-o-te\/3-list-modlitewny\/","title":{"rendered":"III List Modlitewny TED 2025"},"content":{"rendered":"\n<p class=\"has-text-align-right\">Dzi\u0119giel\u00f3w, 13 stycznia 2025 roku<\/p>\n\n\n\n<p><strong>Drodzy Modliciele,<br>Siostry i Bracia,<br>Kochani Przyjaciele!<\/strong><\/p>\n\n\n\n<p>Z&nbsp;rado\u015bci\u0105 przesy\u0142am kolejny \u2013 trzeci ju\u017c \u2013 list modlitewny dotycz\u0105cy Tygodnia Ewangelizacyjnego w&nbsp;Dzi\u0119gielowie 2025. W&nbsp;tym roku spotkamy si\u0119 w&nbsp;dniach <strong>6\u201313 lipca<\/strong>, aby pod has\u0142em <strong>\u201eSPRAWDZAM\u201d<\/strong> i&nbsp;Bo\u017cym S\u0142owem wsp\u00f3lnie wzmacnia\u0107 nasz\u0105 wiar\u0119.<\/p>\n\n\n\n<h2 class=\"wp-block-heading has-large-font-size\">Program i seminaria<\/h2>\n\n\n\n<p>Zach\u0119cam gor\u0105co do odwiedzenia <strong>od\u015bwie\u017conej strony TED<\/strong> \u2013 <a href=\"https:\/\/te.cme.org.pl\/\" data-type=\"link\" data-id=\"te.cme.org.pl\">te.cme.org.pl<\/a> \u2013 gdzie pojawia si\u0119 szczeg\u00f3\u0142owy program tegorocznego wydarzenia.<\/p>\n\n\n\n<p>Szczeg\u00f3ln\u0105 uwag\u0119 chc\u0119 zwr\u00f3ci\u0107 na <a href=\"https:\/\/te.cme.org.pl\/2025\/grupy\/seminaria\/\" data-type=\"group\" data-id=\"9\"><strong>seminaria<\/strong><\/a>, kt\u00f3re s\u0105 wyj\u0105tkow\u0105 okazj\u0105 do przemy\u015ble\u0144, rozm\u00f3w i&nbsp;uczenia si\u0119 od siebie nawzajem. Tematy poruszane podczas seminari\u00f3w dotycz\u0105 <strong>\u017cycia, duchowo\u015bci, relacji, pracy, zdrowia psychicznego, to\u017csamo\u015bci<\/strong> i&nbsp;wielu innych obszar\u00f3w codzienno\u015bci, w&nbsp;kt\u00f3rych wiara mo\u017ce odegra\u0107 kluczow\u0105 rol\u0119. Zale\u017cy nam, by to wiara nadawa\u0142a kszta\u0142t naszej codzienno\u015bci \u2013 a&nbsp;nie odwrotnie.<\/p>\n\n\n\n<p><\/p>\n\n\n\n<p>W poprzednim li\u015bcie prosi\u0142em o&nbsp;modlitw\u0119 o&nbsp;proces rekrutacji wolontariuszy. &nbsp;rado\u015bci\u0105 informuj\u0119, \u017ce <strong>B\u00f3g odpowiedzia\u0142 \u2013 zg\u0142osi\u0142o si\u0119 a\u017c 171 os\u00f3b<\/strong> gotowych do pomocy. Tym bardziej zach\u0119cam do modlitwy.<\/p>\n\n\n\n<h2 class=\"wp-block-heading has-large-font-size\">Dzi\u0119kujemy Bogu:<\/h2>\n\n\n\n<ul class=\"wp-block-list\">\n<li>Za <strong>wolontariuszy<\/strong>, kt\u00f3rzy <strong>licznie i&nbsp;z&nbsp;entuzjazmem<\/strong> zg\u0142osili si\u0119 do pomocy.<\/li>\n\n\n\n<li>Za <strong>prowadz\u0105cych seminaria<\/strong> i&nbsp;prelegent\u00f3w, kt\u00f3rzy <strong>dziel\u0105 si\u0119 swoj\u0105 wiar\u0105<\/strong> i&nbsp;wspieraj\u0105 innych w&nbsp;rozwoju duchowym i&nbsp;osobistym.<\/li>\n\n\n\n<li>Za mo\u017cliwo\u015b\u0107 <strong>organizacji TED w&nbsp;wolno\u015bci i&nbsp;pokoju<\/strong>.<\/li>\n\n\n\n<li>Za <strong>mo\u017cliwo\u015b\u0107 polegania na Bogu<\/strong>, kt\u00f3ry ka\u017cdego dnia potwierdza swoj\u0105 wierno\u015b\u0107.<\/li>\n\n\n\n<li>Za ka\u017cd\u0105 osob\u0119, kt\u00f3ra modli si\u0119 i&nbsp;wspiera TED.<\/li>\n<\/ul>\n\n\n\n<h2 class=\"wp-block-heading has-large-font-size\">Pro\u015bmy Boga:<\/h2>\n\n\n\n<ul class=\"wp-block-list\">\n<li>By <strong>przekaz TED mia\u0142 Jego autorytet<\/strong> i&nbsp;<strong>precyzyjnie odnosi\u0142 si\u0119 do \u017cycia ludzi<\/strong>, kt\u00f3rzy b\u0119d\u0105 s\u0142ucha\u0107, szuka\u0107 i&nbsp;zadawa\u0107 pytania.<\/li>\n\n\n\n<li>By ka\u017cda z&nbsp;przestrzeni TED by\u0142a <strong>miejscem dzia\u0142ania Ducha \u015awi\u0119tego<\/strong>.<\/li>\n\n\n\n<li><strong>By nasza wiara realnie wp\u0142ywa\u0142a na \u015bwiat, w&nbsp;kt\u00f3rym \u017cyjemy \u2013 tak, jak chce tego B\u00f3g<\/strong>.<\/li>\n\n\n\n<li>O <strong>cuda na przek\u00f3r szarej codzienno\u015bci<\/strong> \u2013 te wielkie i&nbsp;te drobne, kt\u00f3re przynosz\u0105 \u015bwiat\u0142o, nadziej\u0119 i&nbsp;przemian\u0119.<\/li>\n\n\n\n<li>O <strong>m\u0105dro\u015b\u0107, pok\u00f3j i&nbsp;prowadzenie<\/strong> dla wszystkich, kt\u00f3rzy s\u0142u\u017c\u0105 innym.<\/li>\n\n\n\n<li>By uczestnicy TED <strong>odkryli Boga na nowo<\/strong>, niezale\u017cnie od tego, z&nbsp;jakim baga\u017cem przyjad\u0105 do Dzi\u0119gielowa.<\/li>\n\n\n\n<li>By <strong>Ewangelia mia\u0142a swobodny dost\u0119p<\/strong> do ludzkich serc.<\/li>\n<\/ul>\n\n\n\n<p><strong>Dzi\u0119kujemy za modlitwy i za przekazywanie tego listu kolejnym osobom.<\/strong> Zapraszam do kontaktu.<\/p>\n\n\n\n<p>A je\u015bli rozwa\u017casz<strong> wsparcie organizacji TED finansowo<\/strong>, pozostajemy niezmiernie wdzi\u0119czni i serdecznie dzi\u0119kujemy.<\/p>\n\n\n\n<p><strong>Nazwa odbiorcy:<\/strong> CENTRUM MISJI I EWANGELIZACJI KO\u015aCIO\u0141A<br>EWANGELICKO-AUGSBURSKIEGO W RP<br><strong>Nazwa banku:<\/strong> Powszechna Kasa Oszcz\u0119dno\u015bci Bank Polski SA<br><strong>Kod BIC (Swift) banku:<\/strong> BPKOPLPW<br><strong>Numer konta:<\/strong> 75 1020 1390 0000 6202 0704 6347<br><strong>Tytu\u0142em:<\/strong> Darowizna na dzia\u0142alno\u015b\u0107 statutow\u0105 OPP (TED)<\/p>\n\n\n\n<p>Mo\u017cliwe jest r\u00f3wnie\u017c wykonanie przelewu BLIK na numer telefonu.<\/p>\n\n\n\n<p><strong>Numer telefonu:<\/strong> +48 509 398 500<br><strong>Tytu\u0142em:<\/strong> Darowizna na dzia\u0142alno\u015b\u0107 statutow\u0105 OPP (TED)<\/p>\n\n\n\n<p>Bardzo dzi\u0119kuj\u0119 za Twoje modlitwy, hojno\u015b\u0107 i wsparcie!<\/p>\n\n\n\n<p class=\"has-text-align-right\">W imieniu Zespo\u0142u pracuj\u0105cego nad TED<br>ks. Tymoteusz Bujok<\/p>\n\n\n\n<div style=\"height:100px\" aria-hidden=\"true\" class=\"wp-block-spacer\"><\/div>\n\n\n\n<p>Mo\u017cesz pobra\u0107 ten list modlitewny i wydrukowa\u0107 go dla siebie lub swoich przyjaci\u00f3\u0142: <a href=\"https:\/\/te.cme.org.pl\/2025\/wp-content\/uploads\/sites\/2\/2025\/05\/III-List-Modlitewny-TED-2025-16-maja-2025.pdf\" data-type=\"attachment\" data-id=\"1768\" target=\"_blank\" rel=\"noreferrer noopener\" download=\"\">III List modlitewny TED 2025<\/a>.<\/p>\n\n\n\n<p>List modlitewny wysy\u0142amy r\u00f3wnie\u017c mailowo do os\u00f3b kt\u00f3re wyrazi\u0142y na to zgod\u0119. Je\u015bli r\u00f3wnie\u017c chcesz do nich do\u0142\u0105czy\u0107 to wype\u0142nij poni\u017cszy formularz:<\/p>\n\n\n\n<iframe id=\"JotFormIFrame-230612376508050\" style=\"min-width: 100%; max-width: 100%; height: 550px; border: none;\" title=\"List modlitewny TE Dziegiel\u00f3w\" src=\"https:\/\/form.jotform.com\/230612376508050\" frameborder=\"0\" scrolling=\"no\" allowfullscreen=\"allowfullscreen\">\n<\/iframe>\n<script type=\"text\/javascript\">\n    var ifr = document.getElementById(\"JotFormIFrame-230612376508050\");\n    if (ifr) {\n      var src = ifr.src;\n      var iframeParams = [];\n      if (window.location.href && window.location.href.indexOf(\"?\") > -1) {\n        iframeParams = iframeParams.concat(window.location.href.substr(window.location.href.indexOf(\"?\") + 1).split('&'));\n      }\n      if (src && src.indexOf(\"?\") > -1) {\n        iframeParams = iframeParams.concat(src.substr(src.indexOf(\"?\") + 1).split(\"&\"));\n        src = src.substr(0, src.indexOf(\"?\"))\n      }\n      iframeParams.push(\"isIframeEmbed=1\");\n      ifr.src = src + \"?\" + iframeParams.join('&');\n    }\n    window.handleIFrameMessage = function(e) {\n      if (typeof e.data === 'object') { return; }\n      var args = e.data.split(\":\");\n      if (args.length > 2) { iframe = document.getElementById(\"JotFormIFrame-\" + args[(args.length - 1)]); } else { iframe = document.getElementById(\"JotFormIFrame\"); }\n      if (!iframe) { return; }\n      switch (args[0]) {\n        case \"scrollIntoView\":\n          iframe.scrollIntoView();\n          break;\n        case \"setHeight\":\n          iframe.style.height = args[1] + \"px\";\n          if (!isNaN(args[1]) && parseInt(iframe.style.minHeight) > parseInt(args[1])) {\n            iframe.style.minHeight = args[1] + \"px\";\n          }\n          break;\n        case \"collapseErrorPage\":\n          if (iframe.clientHeight > window.innerHeight) {\n            iframe.style.height = window.innerHeight + \"px\";\n          }\n          break;\n        case \"reloadPage\":\n          window.location.reload();\n          break;\n        case \"loadScript\":\n          if( !window.isPermitted(e.origin, ['jotform.com', 'jotform.pro']) ) { break; }\n          var src = args[1];\n          if (args.length > 3) {\n              src = args[1] + ':' + args[2];\n          }\n          var script = document.createElement('script');\n          script.src = src;\n          script.type = 'text\/javascript';\n          document.body.appendChild(script);\n          break;\n        case \"exitFullscreen\":\n          if      (window.document.exitFullscreen)        window.document.exitFullscreen();\n          else if (window.document.mozCancelFullScreen)   window.document.mozCancelFullScreen();\n          else if (window.document.mozCancelFullscreen)   window.document.mozCancelFullScreen();\n          else if (window.document.webkitExitFullscreen)  window.document.webkitExitFullscreen();\n          else if (window.document.msExitFullscreen)      window.document.msExitFullscreen();\n          break;\n      }\n      var isJotForm = (e.origin.indexOf(\"jotform\") > -1) ? true : false;\n      if(isJotForm && \"contentWindow\" in iframe && \"postMessage\" in iframe.contentWindow) {\n        var urls = {\"docurl\":encodeURIComponent(document.URL),\"referrer\":encodeURIComponent(document.referrer)};\n        iframe.contentWindow.postMessage(JSON.stringify({\"type\":\"urls\",\"value\":urls}), \"*\");\n      }\n    };\n    window.isPermitted = function(originUrl, whitelisted_domains) {\n      var url = document.createElement('a');\n      url.href = originUrl;\n      var hostname = url.hostname;\n      var result = false;\n      if( typeof hostname !== 'undefined' ) {\n        whitelisted_domains.forEach(function(element) {\n            if( hostname.slice((-1 * element.length - 1)) === '.'.concat(element) ||  hostname === element ) {\n                result = true;\n            }\n        });\n        return result;\n      }\n    };\n    if (window.addEventListener) {\n      window.addEventListener(\"message\", handleIFrameMessage, false);\n    } else if (window.attachEvent) {\n      window.attachEvent(\"onmessage\", handleIFrameMessage);\n    }\n    <\/script>\n","protected":false},"excerpt":{"rendered":"<p>Dzi\u0119giel\u00f3w, 13 stycznia 2025 roku Drodzy Modliciele,Siostry i Bracia,Kochani Przyjaciele! Z&nbsp;rado\u015bci\u0105 przesy\u0142am kolejny \u2013 trzeci ju\u017c \u2013 list modlitewny dotycz\u0105cy Tygodnia Ewangelizacyjnego w&nbsp;Dzi\u0119gielowie 2025. W&nbsp;tym roku spotkamy si\u0119 w&nbsp;dniach 6\u201313 lipca, aby pod has\u0142em \u201eSPRAWDZAM\u201d i&nbsp;Bo\u017cym S\u0142owem wsp\u00f3lnie wzmacnia\u0107 nasz\u0105 wiar\u0119. Program i seminaria Zach\u0119cam gor\u0105co do odwiedzenia od\u015bwie\u017conej strony TED \u2013 te.cme.org.pl \u2013 gdzie [&hellip;]<\/p>\n","protected":false},"author":1,"featured_media":0,"parent":166,"menu_order":3,"comment_status":"closed","ping_status":"closed","template":"wp-custom-template-wsparcie","meta":{"te_page_icon":"folded_hands","footnotes":""},"class_list":["post-1753","page","type-page","status-publish","hentry"],"_links":{"self":[{"href":"https:\/\/te.cme.org.pl\/2025\/wp-json\/wp\/v2\/pages\/1753","targetHints":{"allow":["GET"]}}],"collection":[{"href":"https:\/\/te.cme.org.pl\/2025\/wp-json\/wp\/v2\/pages"}],"about":[{"href":"https:\/\/te.cme.org.pl\/2025\/wp-json\/wp\/v2\/types\/page"}],"author":[{"embeddable":true,"href":"https:\/\/te.cme.org.pl\/2025\/wp-json\/wp\/v2\/users\/1"}],"replies":[{"embeddable":true,"href":"https:\/\/te.cme.org.pl\/2025\/wp-json\/wp\/v2\/comments?post=1753"}],"version-history":[{"count":8,"href":"https:\/\/te.cme.org.pl\/2025\/wp-json\/wp\/v2\/pages\/1753\/revisions"}],"predecessor-version":[{"id":1806,"href":"https:\/\/te.cme.org.pl\/2025\/wp-json\/wp\/v2\/pages\/1753\/revisions\/1806"}],"up":[{"embeddable":true,"href":"https:\/\/te.cme.org.pl\/2025\/wp-json\/wp\/v2\/pages\/166"}],"wp:attachment":[{"href":"https:\/\/te.cme.org.pl\/2025\/wp-json\/wp\/v2\/media?parent=1753"}],"curies":[{"name":"wp","href":"https:\/\/api.w.org\/{rel}","templated":true}]}}