{"id":2211,"date":"2025-07-16T17:35:45","date_gmt":"2025-07-16T15:35:45","guid":{"rendered":"https:\/\/te.cme.org.pl\/2025\/?page_id=2211"},"modified":"2025-11-14T08:20:45","modified_gmt":"2025-11-14T07:20:45","slug":"v-list-modlitewny-ted-2025","status":"publish","type":"page","link":"https:\/\/te.cme.org.pl\/2025\/wspieraj-te\/modl-sie-o-te\/v-list-modlitewny-ted-2025\/","title":{"rendered":"V List Modlitewny TED 2025"},"content":{"rendered":"\n<p class=\"has-text-align-right\">Dzi\u0119giel\u00f3w, 15 lipca 2025 roku<\/p>\n\n\n\n<p><strong>Drodzy Modliciele,<\/strong><strong><br><\/strong><strong>Siostry i Bracia,<\/strong><strong><br><\/strong><strong>Kochani Przyjaciele!<\/strong><\/p>\n\n\n\n<p>13 lipca zako\u0144czy\u0142 si\u0119 76.&nbsp;Tydzie\u0144 Ewangelizacyjny w&nbsp;Dzi\u0119gielowie.<br>Wci\u0105\u017c jeste\u015bmy g\u0142\u0119boko poruszeni i wzruszeni tym, czego do\u015bwiadczyli\u015bmy w&nbsp;czasie tego tygodnia. Przepe\u0142nia nas wdzi\u0119czno\u015b\u0107, dlatego<\/p>\n\n\n\n<h2 class=\"wp-block-heading has-medium-font-size\"><strong>dzi\u0119kujemy Bogu:<\/strong><\/h2>\n\n\n\n<ul class=\"wp-block-list is-style-tw-checkmark\">\n<li>za Jezusa \u2013 Tego, kt\u00f3ry swoj\u0105 moc\u0105 sprawia, \u017ce wierzymy, i&nbsp;kt\u00f3ry doprowadza nas w&nbsp;wierze do Domu Ojca,<\/li>\n\n\n\n<li>za do\u015bwiadczenie wsp\u00f3lnoty, poczucia blisko\u015bci i&nbsp;bycia cz\u0119\u015bci\u0105 Ko\u015bcio\u0142a Jezusa,<\/li>\n\n\n\n<li>za uczestnik\u00f3w \u2013 zar\u00f3wno tych, kt\u00f3rzy byli z&nbsp;nami w&nbsp;Dzi\u0119gielowie, jak i&nbsp;tych, kt\u00f3rzy do\u0142\u0105czyli za po\u015brednictwem transmisji internetowej,<\/li>\n\n\n\n<li>za wszystkich, kt\u00f3rzy g\u0142osili Ewangeli\u0119 i&nbsp;pomagali nie tylko sprawdza\u0107 nasz\u0105 wiar\u0119, ale tak\u017ce j\u0105 wzmacnia\u0107,<\/li>\n\n\n\n<li>za osoby zaanga\u017cowane w&nbsp;przygotowanie i&nbsp;przeprowadzenie TED \u2013 wspieraj\u0105ce rad\u0105, pomys\u0142em, narz\u0119dziami, prac\u0105 i&nbsp;s\u0142owem,<\/li>\n\n\n\n<li>za wolontariuszy, kt\u00f3rzy wspierali nas w&nbsp;r\u00f3\u017cnych s\u0142u\u017cbach, opiekowali si\u0119 uczestnikami, zar\u00f3wno m\u0142odszymi, jak i&nbsp;starszymi, pracowali w&nbsp;upale i&nbsp;deszczu, byli gotowi wcze\u015bnie rano i&nbsp;p\u00f3\u017anym wieczorem, wykonuj\u0105c ogrom potrzebnej i&nbsp;warto\u015bciowej pracy,<\/li>\n\n\n\n<li>za darczy\u0144c\u00f3w, kt\u00f3rzy pos\u0142ali swoje pieni\u0105dze do pracy na Bo\u017cy u\u017cytek, za ich hojno\u015b\u0107 i&nbsp;zaufanie,<\/li>\n\n\n\n<li>za wytrwa\u0142ych modlicieli, kt\u00f3rych zapewnienia o modlitwie utwierdza\u0142y nas w przekonaniu, \u017ce nasza si\u0142a jest w&nbsp;Bogu,<\/li>\n\n\n\n<li>za Bo\u017c\u0105 ochron\u0119 przed burzami, wiatrem i&nbsp;ulewami,<\/li>\n\n\n\n<li>za to, \u017ce jako organizatorzy mogli\u015bmy by\u0107 t\u0142em dla Jezusa.<\/li>\n<\/ul>\n\n\n\n<p><strong>Zach\u0119camy do powrotu do zarejestrowanych punkt\u00f3w programu<\/strong>, kt\u00f3re s\u0105 dost\u0119pne na kanale YouTube: <a href=\"https:\/\/www.youtube.com\/c\/Tydzie%C5%84Ewangelizacyjny\/featured\">Tydzie\u0144 Ewangelizacyjny w&nbsp;Dzi\u0119gielowie<\/a><\/p>\n\n\n\n<p>Zmotywowani Wasz\u0105 wiar\u0105, ju\u017c dzi\u015b zapraszamy na <strong>kolejny Tydzie\u0144 Ewangelizacyjny w Dzi\u0119gielowie<\/strong>, zaplanowany na <strong>5\u201312 lipca 2026 roku<\/strong>.<\/p>\n\n\n\n<div class=\"wp-block-group has-global-padding is-layout-constrained wp-container-core-group-is-layout-ba75fb5d wp-block-group-is-layout-constrained\" style=\"padding-left:var(--wp--preset--spacing--50)\">\n<blockquote class=\"wp-block-quote is-style-plain has-accent-1-color has-text-color has-link-color has-medium-font-size wp-elements-f15708332ab50f47cd3eb50ab2a7aef3 is-layout-flow wp-container-core-quote-is-layout-22223934 wp-block-quote-is-layout-flow is-style-plain--1\">\n<p><em>\u201ePowinni\u015bmy zawsze dzi\u0119kowa\u0107 Bogu za Was, bracia. Jest to rzecz s\u0142uszna. <strong>Wiara Wasza bowiem bardzo wzrasta<\/strong>, a&nbsp;wzajemna mi\u0142o\u015b\u0107 Wasza pomna\u017ca si\u0119 w&nbsp;was wszystkich.\u201d<\/em><\/p>\n<cite><strong>2 Tes 1,4 (BW)<\/strong><\/cite><\/blockquote>\n<\/div>\n\n\n\n<p><strong>Niech Was B\u00f3g b\u0142ogos\u0142awi!<\/strong><\/p>\n\n\n\n<p class=\"has-text-align-right\">W imieniu Zespo\u0142u pracuj\u0105cego nad TED<br>ks. Tymoteusz Bujok<\/p>\n\n\n\n<div style=\"height:100px\" aria-hidden=\"true\" class=\"wp-block-spacer\"><\/div>\n\n\n\n<p>Mo\u017cesz pobra\u0107 ten list modlitewny i wydrukowa\u0107 go dla siebie lub swoich przyjaci\u00f3\u0142: <a href=\"https:\/\/te.cme.org.pl\/2025\/wp-content\/uploads\/sites\/2\/2025\/07\/V-List-Modlitewny-TED-2025-15-lipca-2025.pdf\" data-type=\"link\" data-id=\"https:\/\/te.cme.org.pl\/2025\/wp-content\/uploads\/sites\/2\/2025\/07\/V-List-Modlitewny-TED-2025-15-lipca-2025.pdf\">V List modlitewny TED 2025<\/a>.<\/p>\n\n\n\n<p>List modlitewny wysy\u0142amy r\u00f3wnie\u017c mailowo do os\u00f3b kt\u00f3re wyrazi\u0142y na to zgod\u0119. Je\u015bli r\u00f3wnie\u017c chcesz do nich do\u0142\u0105czy\u0107 to wype\u0142nij poni\u017cszy formularz:<\/p>\n\n\n\n<iframe id=\"JotFormIFrame-230612376508050\" style=\"min-width: 100%; max-width: 100%; height: 550px; border: none;\" title=\"List modlitewny TE Dziegiel\u00f3w\" src=\"https:\/\/form.jotform.com\/230612376508050\" frameborder=\"0\" scrolling=\"no\" allowfullscreen=\"allowfullscreen\">\n<\/iframe>\n<script type=\"text\/javascript\">\n    var ifr = document.getElementById(\"JotFormIFrame-230612376508050\");\n    if (ifr) {\n      var src = ifr.src;\n      var iframeParams = [];\n      if (window.location.href && window.location.href.indexOf(\"?\") > -1) {\n        iframeParams = iframeParams.concat(window.location.href.substr(window.location.href.indexOf(\"?\") + 1).split('&'));\n      }\n      if (src && src.indexOf(\"?\") > -1) {\n        iframeParams = iframeParams.concat(src.substr(src.indexOf(\"?\") + 1).split(\"&\"));\n        src = src.substr(0, src.indexOf(\"?\"))\n      }\n      iframeParams.push(\"isIframeEmbed=1\");\n      ifr.src = src + \"?\" + iframeParams.join('&');\n    }\n    window.handleIFrameMessage = function(e) {\n      if (typeof e.data === 'object') { return; }\n      var args = e.data.split(\":\");\n      if (args.length > 2) { iframe = document.getElementById(\"JotFormIFrame-\" + args[(args.length - 1)]); } else { iframe = document.getElementById(\"JotFormIFrame\"); }\n      if (!iframe) { return; }\n      switch (args[0]) {\n        case \"scrollIntoView\":\n          iframe.scrollIntoView();\n          break;\n        case \"setHeight\":\n          iframe.style.height = args[1] + \"px\";\n          if (!isNaN(args[1]) && parseInt(iframe.style.minHeight) > parseInt(args[1])) {\n            iframe.style.minHeight = args[1] + \"px\";\n          }\n          break;\n        case \"collapseErrorPage\":\n          if (iframe.clientHeight > window.innerHeight) {\n            iframe.style.height = window.innerHeight + \"px\";\n          }\n          break;\n        case \"reloadPage\":\n          window.location.reload();\n          break;\n        case \"loadScript\":\n          if( !window.isPermitted(e.origin, ['jotform.com', 'jotform.pro']) ) { break; }\n          var src = args[1];\n          if (args.length > 3) {\n              src = args[1] + ':' + args[2];\n          }\n          var script = document.createElement('script');\n          script.src = src;\n          script.type = 'text\/javascript';\n          document.body.appendChild(script);\n          break;\n        case \"exitFullscreen\":\n          if      (window.document.exitFullscreen)        window.document.exitFullscreen();\n          else if (window.document.mozCancelFullScreen)   window.document.mozCancelFullScreen();\n          else if (window.document.mozCancelFullscreen)   window.document.mozCancelFullScreen();\n          else if (window.document.webkitExitFullscreen)  window.document.webkitExitFullscreen();\n          else if (window.document.msExitFullscreen)      window.document.msExitFullscreen();\n          break;\n      }\n      var isJotForm = (e.origin.indexOf(\"jotform\") > -1) ? true : false;\n      if(isJotForm && \"contentWindow\" in iframe && \"postMessage\" in iframe.contentWindow) {\n        var urls = {\"docurl\":encodeURIComponent(document.URL),\"referrer\":encodeURIComponent(document.referrer)};\n        iframe.contentWindow.postMessage(JSON.stringify({\"type\":\"urls\",\"value\":urls}), \"*\");\n      }\n    };\n    window.isPermitted = function(originUrl, whitelisted_domains) {\n      var url = document.createElement('a');\n      url.href = originUrl;\n      var hostname = url.hostname;\n      var result = false;\n      if( typeof hostname !== 'undefined' ) {\n        whitelisted_domains.forEach(function(element) {\n            if( hostname.slice((-1 * element.length - 1)) === '.'.concat(element) ||  hostname === element ) {\n                result = true;\n            }\n        });\n        return result;\n      }\n    };\n    if (window.addEventListener) {\n      window.addEventListener(\"message\", handleIFrameMessage, false);\n    } else if (window.attachEvent) {\n      window.attachEvent(\"onmessage\", handleIFrameMessage);\n    }\n    <\/script>\n","protected":false},"excerpt":{"rendered":"<p>Dzi\u0119giel\u00f3w, 15 lipca 2025 roku Drodzy Modliciele,Siostry i Bracia,Kochani Przyjaciele! 13 lipca zako\u0144czy\u0142 si\u0119 76.&nbsp;Tydzie\u0144 Ewangelizacyjny w&nbsp;Dzi\u0119gielowie.Wci\u0105\u017c jeste\u015bmy g\u0142\u0119boko poruszeni i wzruszeni tym, czego do\u015bwiadczyli\u015bmy w&nbsp;czasie tego tygodnia. Przepe\u0142nia nas wdzi\u0119czno\u015b\u0107, dlatego dzi\u0119kujemy Bogu: Zach\u0119camy do powrotu do zarejestrowanych punkt\u00f3w programu, kt\u00f3re s\u0105 dost\u0119pne na kanale YouTube: Tydzie\u0144 Ewangelizacyjny w&nbsp;Dzi\u0119gielowie Zmotywowani Wasz\u0105 wiar\u0105, ju\u017c dzi\u015b [&hellip;]<\/p>\n","protected":false},"author":4,"featured_media":2212,"parent":166,"menu_order":5,"comment_status":"closed","ping_status":"closed","template":"wp-custom-template-wsparcie","meta":{"te_page_icon":"folded_hands","footnotes":""},"class_list":["post-2211","page","type-page","status-publish","has-post-thumbnail","hentry"],"_links":{"self":[{"href":"https:\/\/te.cme.org.pl\/2025\/wp-json\/wp\/v2\/pages\/2211","targetHints":{"allow":["GET"]}}],"collection":[{"href":"https:\/\/te.cme.org.pl\/2025\/wp-json\/wp\/v2\/pages"}],"about":[{"href":"https:\/\/te.cme.org.pl\/2025\/wp-json\/wp\/v2\/types\/page"}],"author":[{"embeddable":true,"href":"https:\/\/te.cme.org.pl\/2025\/wp-json\/wp\/v2\/users\/4"}],"replies":[{"embeddable":true,"href":"https:\/\/te.cme.org.pl\/2025\/wp-json\/wp\/v2\/comments?post=2211"}],"version-history":[{"count":7,"href":"https:\/\/te.cme.org.pl\/2025\/wp-json\/wp\/v2\/pages\/2211\/revisions"}],"predecessor-version":[{"id":2229,"href":"https:\/\/te.cme.org.pl\/2025\/wp-json\/wp\/v2\/pages\/2211\/revisions\/2229"}],"up":[{"embeddable":true,"href":"https:\/\/te.cme.org.pl\/2025\/wp-json\/wp\/v2\/pages\/166"}],"wp:featuredmedia":[{"embeddable":true,"href":"https:\/\/te.cme.org.pl\/2025\/wp-json\/wp\/v2\/media\/2212"}],"wp:attachment":[{"href":"https:\/\/te.cme.org.pl\/2025\/wp-json\/wp\/v2\/media?parent=2211"}],"curies":[{"name":"wp","href":"https:\/\/api.w.org\/{rel}","templated":true}]}}