{"id":348,"date":"2025-05-09T11:08:45","date_gmt":"2025-05-09T09:08:45","guid":{"rendered":"https:\/\/te.cme.org.pl\/2025\/?page_id=348"},"modified":"2025-05-13T14:11:59","modified_gmt":"2025-05-13T12:11:59","slug":"rozmowy-duszpasterskie","status":"publish","type":"page","link":"https:\/\/te.cme.org.pl\/2025\/rozmowy-duszpasterskie\/","title":{"rendered":"Rozmowy duszpasterskie"},"content":{"rendered":"\n<p><strong>Je\u015bli szukasz wsparcia, pomocy lub po prostu chcesz porozmawia\u0107 \u2013 zapraszamy Ci\u0119 na TE, codziennie w trakcie trwania Tygodnia, od godziny 15.00 do 20.00, czekaj\u0105 na Ciebie nasi duszpasterze.<\/strong><\/p>\n\n\n\n<p>Proponujemy Ci bezpieczn\u0105 przestrze\u0144 do dzielenia si\u0119 swoimi prze\u017cyciami, odczuciami i my\u015blami. Naszym celem jest profesjonalne towarzyszenie Ci w tym momencie \u017cycia, w kt\u00f3rym w\u0142a\u015bnie si\u0119 znajdujesz i zapewnienie emocjonalnego wsparcia. Wszystkie rozmowy obj\u0119te s\u0105 zasad\u0105 poufno\u015bci.<\/p>\n\n\n\n<p>Je\u015bli nie mo\u017cesz by\u0107 w Dzi\u0119gielowie, napisz na adres <a href=\"mailto:rozmowa@cme.org.pl\">rozmowa@cme.org.pl<\/a> lub zadzwo\u0144, by w ten spos\u00f3b pozna\u0107 naszych duszpasterzy, kt\u00f3rzy od wielu lat zajmuj\u0105 si\u0119 poradnictwem psychologiczno-pastoralnym i s\u0105 gotowi, \u017ceby Ci\u0119 wys\u0142ucha\u0107 i pom\u00f3c:<\/p>\n\n\n\n<ul class=\"wp-block-list\">\n<li>pod numerem <a href=\"tel:509398530\">509 398 530<\/a> dy\u017curuje kobieta,<\/li>\n\n\n\n<li>pod numerem <a href=\"tel:509398505\">509 398 505<\/a> skontaktujesz si\u0119 z m\u0119\u017cczyzn\u0105.<\/li>\n<\/ul>\n\n\n\n<p>Nasi duszpasterze uko\u0144czyli kursy certyfikowane przez Towarzystwo Poradnictwa i Psychologii Pastoralnej w Polsce.<\/p>\n","protected":false},"excerpt":{"rendered":"<p>Je\u015bli szukasz wsparcia, pomocy lub po prostu chcesz porozmawia\u0107 \u2013 zapraszamy Ci\u0119 na TE, codziennie w trakcie trwania Tygodnia, od godziny 15.00 do 20.00, czekaj\u0105 na Ciebie nasi duszpasterze. Proponujemy Ci bezpieczn\u0105 przestrze\u0144 do dzielenia si\u0119 swoimi prze\u017cyciami, odczuciami i my\u015blami. Naszym celem jest profesjonalne towarzyszenie Ci w tym momencie \u017cycia, w kt\u00f3rym w\u0142a\u015bnie si\u0119 [&hellip;]<\/p>\n","protected":false},"author":1,"featured_media":0,"parent":0,"menu_order":0,"comment_status":"closed","ping_status":"closed","template":"wp-custom-template-strona-z-ikon","meta":{"te_page_icon":"group","footnotes":""},"class_list":["post-348","page","type-page","status-publish","hentry"],"_links":{"self":[{"href":"https:\/\/te.cme.org.pl\/2025\/wp-json\/wp\/v2\/pages\/348","targetHints":{"allow":["GET"]}}],"collection":[{"href":"https:\/\/te.cme.org.pl\/2025\/wp-json\/wp\/v2\/pages"}],"about":[{"href":"https:\/\/te.cme.org.pl\/2025\/wp-json\/wp\/v2\/types\/page"}],"author":[{"embeddable":true,"href":"https:\/\/te.cme.org.pl\/2025\/wp-json\/wp\/v2\/users\/1"}],"replies":[{"embeddable":true,"href":"https:\/\/te.cme.org.pl\/2025\/wp-json\/wp\/v2\/comments?post=348"}],"version-history":[{"count":4,"href":"https:\/\/te.cme.org.pl\/2025\/wp-json\/wp\/v2\/pages\/348\/revisions"}],"predecessor-version":[{"id":1034,"href":"https:\/\/te.cme.org.pl\/2025\/wp-json\/wp\/v2\/pages\/348\/revisions\/1034"}],"wp:attachment":[{"href":"https:\/\/te.cme.org.pl\/2025\/wp-json\/wp\/v2\/media?parent=348"}],"curies":[{"name":"wp","href":"https:\/\/api.w.org\/{rel}","templated":true}]}}