{"id":371,"date":"2025-05-09T11:21:59","date_gmt":"2025-05-09T09:21:59","guid":{"rendered":"https:\/\/te.cme.org.pl\/2025\/?page_id=371"},"modified":"2025-05-14T13:14:25","modified_gmt":"2025-05-14T11:14:25","slug":"pospolite-ruszenie","status":"publish","type":"page","link":"https:\/\/te.cme.org.pl\/2025\/wspieraj-te\/pospolite-ruszenie\/","title":{"rendered":"Pospolite ruszenie \u2013 czyli razem zbu&shy;dujmy miasteczko namiotowe&nbsp;TE!"},"content":{"rendered":"\n<p>Tydzie\u0144 Ewangelizacyjny w Dzi\u0119gielowie stanie si\u0119 faktem tylko wtedy, je\u015bli b\u0119dzie mia\u0142 gdzie si\u0119 odbywa\u0107.<\/p>\n\n\n\n<p>Jak co roku musimy zbudowa\u0107 miasteczko namiotowe dzi\u0119ki kt\u00f3remu dzieci, m\u0142odzie\u017c i doro\u015bli b\u0119d\u0105 mogli s\u0142ucha\u0107 przes\u0142ania o Bo\u017cej mi\u0142o\u015bci! Je\u015bli w twoim sercu jest pragnienie, by Ewangelia by\u0142a g\u0142oszona w Dzi\u0119gielowie, to zapisz si\u0119 ju\u017c dzisiaj na \u201ePospolite ruszenie\u201d. Dzi\u0119ki Tobie i twojej pomocy TE b\u0119dzie mog\u0142o si\u0119 odby\u0107.<\/p>\n\n\n\n<p>Je\u015bli mo\u017cesz nam pom\u00f3c, to skontaktuj si\u0119 z nami i zg\u0142o\u015b sw\u00f3j udzia\u0142 w tym wydarzeniu.<\/p>\n\n\n\n<div style=\"height:1em\" aria-hidden=\"true\" class=\"wp-block-spacer\"><\/div>\n\n\n\n<p>Dane do kontaktu:<\/p>\n\n\n\n<p><strong>Dawid Mrachacz<\/strong><br>kierownik dzia\u0142u technicznego<br>email: <a href=\"mailto:dawid.mrachacz@cme.org.pl\">dawid.mrachacz@cme.org.pl<\/a><br>telefon: <a href=\"tel:693588484\">693 58 84 84<\/a><\/p>\n\n\n\n<p>W 2025 roku pospolite ruszenie odb\u0119dzie si\u0119 <strong>16 i 21 czerwca<\/strong>, oraz termin zapasowy w razie niepogody w dniu 28 czerwca.<\/p>\n\n\n\n<p>Zapraszamy.<\/p>\n","protected":false},"excerpt":{"rendered":"<p>Tydzie\u0144 Ewangelizacyjny w Dzi\u0119gielowie stanie si\u0119 faktem tylko wtedy, je\u015bli b\u0119dzie mia\u0142 gdzie si\u0119 odbywa\u0107. Jak co roku musimy zbudowa\u0107 miasteczko namiotowe dzi\u0119ki kt\u00f3remu dzieci, m\u0142odzie\u017c i doro\u015bli b\u0119d\u0105 mogli s\u0142ucha\u0107 przes\u0142ania o Bo\u017cej mi\u0142o\u015bci! Je\u015bli w twoim sercu jest pragnienie, by Ewangelia by\u0142a g\u0142oszona w Dzi\u0119gielowie, to zapisz si\u0119 ju\u017c dzisiaj na \u201ePospolite ruszenie\u201d. [&hellip;]<\/p>\n","protected":false},"author":1,"featured_media":0,"parent":154,"menu_order":4,"comment_status":"closed","ping_status":"closed","template":"wp-custom-template-wsparcie","meta":{"te_page_icon":"camping","footnotes":""},"class_list":["post-371","page","type-page","status-publish","hentry"],"_links":{"self":[{"href":"https:\/\/te.cme.org.pl\/2025\/wp-json\/wp\/v2\/pages\/371","targetHints":{"allow":["GET"]}}],"collection":[{"href":"https:\/\/te.cme.org.pl\/2025\/wp-json\/wp\/v2\/pages"}],"about":[{"href":"https:\/\/te.cme.org.pl\/2025\/wp-json\/wp\/v2\/types\/page"}],"author":[{"embeddable":true,"href":"https:\/\/te.cme.org.pl\/2025\/wp-json\/wp\/v2\/users\/1"}],"replies":[{"embeddable":true,"href":"https:\/\/te.cme.org.pl\/2025\/wp-json\/wp\/v2\/comments?post=371"}],"version-history":[{"count":7,"href":"https:\/\/te.cme.org.pl\/2025\/wp-json\/wp\/v2\/pages\/371\/revisions"}],"predecessor-version":[{"id":1532,"href":"https:\/\/te.cme.org.pl\/2025\/wp-json\/wp\/v2\/pages\/371\/revisions\/1532"}],"up":[{"embeddable":true,"href":"https:\/\/te.cme.org.pl\/2025\/wp-json\/wp\/v2\/pages\/154"}],"wp:attachment":[{"href":"https:\/\/te.cme.org.pl\/2025\/wp-json\/wp\/v2\/media?parent=371"}],"curies":[{"name":"wp","href":"https:\/\/api.w.org\/{rel}","templated":true}]}}