{"id":378,"date":"2025-05-09T11:32:14","date_gmt":"2025-05-09T09:32:14","guid":{"rendered":"https:\/\/te.cme.org.pl\/2025\/?page_id=378"},"modified":"2025-05-09T11:34:30","modified_gmt":"2025-05-09T09:34:30","slug":"wolontariat","status":"publish","type":"page","link":"https:\/\/te.cme.org.pl\/2025\/wolontariat\/","title":{"rendered":"Wolontariat"},"content":{"rendered":"\n<h2 class=\"wp-block-heading has-accent-2-color has-text-color has-link-color has-x-large-font-size wp-elements-78e1ea87df0207a8b7eac80cec3ba8ae\">Drogi Wolontariuszu,<br>Droga Wolontariuszko!<\/h2>\n\n\n\n<p>Cieszymy si\u0119, \u017ce chcesz nam pom\u00f3c w organizacji 76.\u00a0Tygodnia Ewangelizacyjnego w\u00a0Dzi\u0119gielowie. Dzi\u0119ki Twojej pracy wielu ludzi b\u0119dzie mog\u0142o us\u0142ysze\u0107 Bo\u017ce S\u0142owo, spotka\u0107 Jezusa Chrystusa i zmienia\u0107 swoje \u017cycie. Zaanga\u017cowanie w wolontariat na Tygodniu jest znacz\u0105cym wk\u0142adem w \u017cycie duchowe jego uczestnik\u00f3w.<\/p>\n\n\n\n<p>Przeczytaj uwa\u017cnie WSZYSTKIE informacje, a nast\u0119pnie wype\u0142nij rzetelnie formularz zg\u0142oszeniowy. To usprawni nasz\u0105 wsp\u00f3\u0142prac\u0119 i\u00a0zaoszcz\u0119dzi wiele Twojego i naszego czasu. Dzi\u0119kujemy. Do zobaczenia w\u00a0Dzi\u0119gielowie!<\/p>\n\n\n\n<p>Za\u0142oga CME<\/p>\n\n\n\n<div style=\"height:1em\" aria-hidden=\"true\" class=\"wp-block-spacer\"><\/div>\n\n\n\n<h2 class=\"wp-block-heading has-accent-2-color has-text-color has-link-color has-x-large-font-size wp-elements-a59f93698f9e2d8009801979b96b37c0\">Uwaga!<\/h2>\n\n\n\n<p>Termin zg\u0142osze\u0144 na wolontariat TE up\u0142ywa w dniu <strong>8 czerwca<\/strong>! Nie warto czeka\u0107 do ko\u0144ca! Zg\u0142o\u015b si\u0119 ju\u017c dzisiaj i razem zr\u00f3bmy 76.\u00a0Tydzie\u0144 Ewangelizacyjny w Dzi\u0119gielowie!<\/p>\n","protected":false},"excerpt":{"rendered":"<p>Drogi Wolontariuszu,Droga Wolontariuszko! Cieszymy si\u0119, \u017ce chcesz nam pom\u00f3c w organizacji 76.\u00a0Tygodnia Ewangelizacyjnego w\u00a0Dzi\u0119gielowie. Dzi\u0119ki Twojej pracy wielu ludzi b\u0119dzie mog\u0142o us\u0142ysze\u0107 Bo\u017ce S\u0142owo, spotka\u0107 Jezusa Chrystusa i zmienia\u0107 swoje \u017cycie. Zaanga\u017cowanie w wolontariat na Tygodniu jest znacz\u0105cym wk\u0142adem w \u017cycie duchowe jego uczestnik\u00f3w. Przeczytaj uwa\u017cnie WSZYSTKIE informacje, a nast\u0119pnie wype\u0142nij rzetelnie formularz zg\u0142oszeniowy. To [&hellip;]<\/p>\n","protected":false},"author":1,"featured_media":0,"parent":0,"menu_order":0,"comment_status":"closed","ping_status":"closed","template":"wp-custom-template-wolontariat","meta":{"te_page_icon":"volunteer_activism","footnotes":""},"class_list":["post-378","page","type-page","status-publish","hentry"],"_links":{"self":[{"href":"https:\/\/te.cme.org.pl\/2025\/wp-json\/wp\/v2\/pages\/378","targetHints":{"allow":["GET"]}}],"collection":[{"href":"https:\/\/te.cme.org.pl\/2025\/wp-json\/wp\/v2\/pages"}],"about":[{"href":"https:\/\/te.cme.org.pl\/2025\/wp-json\/wp\/v2\/types\/page"}],"author":[{"embeddable":true,"href":"https:\/\/te.cme.org.pl\/2025\/wp-json\/wp\/v2\/users\/1"}],"replies":[{"embeddable":true,"href":"https:\/\/te.cme.org.pl\/2025\/wp-json\/wp\/v2\/comments?post=378"}],"version-history":[{"count":4,"href":"https:\/\/te.cme.org.pl\/2025\/wp-json\/wp\/v2\/pages\/378\/revisions"}],"predecessor-version":[{"id":385,"href":"https:\/\/te.cme.org.pl\/2025\/wp-json\/wp\/v2\/pages\/378\/revisions\/385"}],"wp:attachment":[{"href":"https:\/\/te.cme.org.pl\/2025\/wp-json\/wp\/v2\/media?parent=378"}],"curies":[{"name":"wp","href":"https:\/\/api.w.org\/{rel}","templated":true}]}}