{"id":386,"date":"2025-05-09T11:43:45","date_gmt":"2025-05-09T09:43:45","guid":{"rendered":"https:\/\/te.cme.org.pl\/2025\/?page_id=386"},"modified":"2025-05-09T11:57:14","modified_gmt":"2025-05-09T09:57:14","slug":"etapy-pracy","status":"publish","type":"page","link":"https:\/\/te.cme.org.pl\/2025\/wolontariat\/etapy-pracy\/","title":{"rendered":"Etapy pracy"},"content":{"rendered":"\n<p>Ca\u0142o\u015b\u0107 naszej pracy podzielona jest na trzy etapy:<\/p>\n\n\n\n<h2 class=\"wp-block-heading\">Tydzie\u0144 Przygotowawczy<\/h2>\n\n\n\n<p>rozpoczyna si\u0119:<\/p>\n\n\n\n<ul class=\"wp-block-list\">\n<li>dla wolontariuszy dzia\u0142u audio\/video w \u015brod\u0119 2 lipca<\/li>\n\n\n\n<li>dla wolontariuszy programowych spotka\u0144 ewangelizacyjnych dla dzieci 7-11 lat i #m\u0142odzi, w pi\u0105tek 4 lipca o godzinie 17.00.<\/li>\n\n\n\n<li>dla wolontariuszy programowych spotka\u0144 ewangelizacyjnych dla dzieci 3-6 lat, w sobot\u0119 5 lipca o godzinie 9.30.<\/li>\n<\/ul>\n\n\n\n<p>Podczas tego etapu przygotowujemy infrastruktur\u0119, gromadzimy i\u00a0wykonujemy pomoce niezb\u0119dne przy prowadzeniu konkretnych punkt\u00f3w programu, szkolimy si\u0119, mamy pr\u00f3by i przeprowadzamy testy. Wszystko po to, aby rozpocz\u0105\u0107.<\/p>\n\n\n\n<h2 class=\"wp-block-heading\">Tydzie\u0144 Ewangelizacyjny,<\/h2>\n\n\n\n<p>kt\u00f3ry dla wolontariuszy rozpoczyna si\u0119 6, a ko\u0144czy 13 lipca ok. godziny 19.00. Ten etap to g\u0142\u00f3wnie pomoc przy prowadzeniu poszczeg\u00f3lnych punkt\u00f3w programu i utrzymaniu infrastruktury Tygodnia. TE to wspania\u0142y czas, cho\u0107 praca bywa wyczerpuj\u0105ca, jednocze\u015bnie daj\u0105c wiele satysfakcji! Nic nie mo\u017ce r\u00f3wna\u0107 si\u0119 z u\u015bmiechem dziecka, kt\u00f3re dzi\u0119kuj\u0119 swojemu wujkowi lub cioci, oklaskami dla ekipy technicznej, kt\u00f3ra podczas deszczu zamyka burty namiot\u00f3w, czy s\u0142owami kierownika, kt\u00f3ry m\u00f3wi: \u201eDobra robota!\u201d. Tak\u0105 prac\u0119 pami\u0119ta si\u0119 ca\u0142e \u017cycie, podobnie, jak\u2026<\/p>\n\n\n\n<h2 class=\"wp-block-heading\">Sprz\u0105tanie<\/h2>\n\n\n\n<p>To etap, kt\u00f3ry nast\u0119puje zaraz po ostatnim spotkaniu ewangelizacyjnym w niedziel\u0119 13 lipca. Podczas sprz\u0105tania rozk\u0142adamy, sk\u0142adamy, zwijamy, pakujemy, rozkr\u0119camy, skr\u0119camy\u2026 \u2013 po prostu sprz\u0105tamy :). Dok\u0142adne wykonanie tej pracy przede wszystkim u\u0142atwia dzia\u0142anie w trakcie Tygodnia Przygotowawczego w nast\u0119pnym roku.<\/p>\n\n\n\n<p>Sprz\u0105tanie trwa do czwartku 17 lipca.<\/p>\n","protected":false},"excerpt":{"rendered":"<p>Ca\u0142o\u015b\u0107 naszej pracy podzielona jest na trzy etapy: Tydzie\u0144 Przygotowawczy rozpoczyna si\u0119: Podczas tego etapu przygotowujemy infrastruktur\u0119, gromadzimy i\u00a0wykonujemy pomoce niezb\u0119dne przy prowadzeniu konkretnych punkt\u00f3w programu, szkolimy si\u0119, mamy pr\u00f3by i przeprowadzamy testy. Wszystko po to, aby rozpocz\u0105\u0107. Tydzie\u0144 Ewangelizacyjny, kt\u00f3ry dla wolontariuszy rozpoczyna si\u0119 6, a ko\u0144czy 13 lipca ok. godziny 19.00. Ten etap [&hellip;]<\/p>\n","protected":false},"author":1,"featured_media":0,"parent":378,"menu_order":1,"comment_status":"closed","ping_status":"closed","template":"wp-custom-template-wolontariat","meta":{"te_page_icon":"volunteer_activism","footnotes":""},"class_list":["post-386","page","type-page","status-publish","hentry"],"_links":{"self":[{"href":"https:\/\/te.cme.org.pl\/2025\/wp-json\/wp\/v2\/pages\/386","targetHints":{"allow":["GET"]}}],"collection":[{"href":"https:\/\/te.cme.org.pl\/2025\/wp-json\/wp\/v2\/pages"}],"about":[{"href":"https:\/\/te.cme.org.pl\/2025\/wp-json\/wp\/v2\/types\/page"}],"author":[{"embeddable":true,"href":"https:\/\/te.cme.org.pl\/2025\/wp-json\/wp\/v2\/users\/1"}],"replies":[{"embeddable":true,"href":"https:\/\/te.cme.org.pl\/2025\/wp-json\/wp\/v2\/comments?post=386"}],"version-history":[{"count":3,"href":"https:\/\/te.cme.org.pl\/2025\/wp-json\/wp\/v2\/pages\/386\/revisions"}],"predecessor-version":[{"id":394,"href":"https:\/\/te.cme.org.pl\/2025\/wp-json\/wp\/v2\/pages\/386\/revisions\/394"}],"up":[{"embeddable":true,"href":"https:\/\/te.cme.org.pl\/2025\/wp-json\/wp\/v2\/pages\/378"}],"wp:attachment":[{"href":"https:\/\/te.cme.org.pl\/2025\/wp-json\/wp\/v2\/media?parent=386"}],"curies":[{"name":"wp","href":"https:\/\/api.w.org\/{rel}","templated":true}]}}