{"id":401,"date":"2025-05-09T11:56:54","date_gmt":"2025-05-09T09:56:54","guid":{"rendered":"https:\/\/te.cme.org.pl\/2025\/?page_id=401"},"modified":"2025-05-09T11:57:55","modified_gmt":"2025-05-09T09:57:55","slug":"pozostale-sluzby","status":"publish","type":"page","link":"https:\/\/te.cme.org.pl\/2025\/wolontariat\/pozostale-sluzby\/","title":{"rendered":"Pozosta\u0142e s\u0142u\u017cby"},"content":{"rendered":"\n<h2 class=\"wp-block-heading has-accent-1-color has-text-color has-link-color wp-elements-6b0a68e75be812ec91c2c3eb520d6944\">Kawiarenka \/ \u017bywieni\u00f3wka<\/h2>\n\n\n\n<p>Lubisz sprawia\u0107, \u017ce ludzie si\u0119 u\u015bmiechaj\u0105? Do\u0142\u0105cz do obs\u0142ugi Caf\u00e9 TE lub Restauracji TE. Jak stwierdzi\u0142 pewien kaznodzieja: <em>Nie ma nic lepszego dla cz\u0142owieka jak to, \u017ceby je\u015b\u0107 i pi\u0107, i w tym upatrywa\u0107 przyjemno\u015b\u0107 w swoim trudzie. [\u2026] r\u00f3wnie\u017c to pochodzi z r\u0119ki Bo\u017cej<\/em> (Kz 2,24).<\/p>\n\n\n\n<h3 class=\"wp-block-heading\">Uwaga!<\/h3>\n\n\n\n<p>Ze wzgl\u0119du na wymogi prawne obowi\u0105zuj\u0105ce w naszym kraju, osoby pracuj\u0105ce z \u017cywno\u015bci\u0105 s\u0105 zobowi\u0105zane do posiadania wa\u017cnej ksi\u0105\u017ceczki sanitarno-epidemiologicznej. Wym\u00f3g ten dotyczy r\u00f3wnie\u017c os\u00f3b zaanga\u017cowanych w s\u0142u\u017cb\u0119 \u017cywienia w trakcie TE.<br>Je\u015bli nie wiesz jak j\u0105 zdoby\u0107, skontaktuj si\u0119 z nami.<\/p>\n\n\n\n<p>Dane do kontaktu:<\/p>\n\n\n\n<p><strong>Dawid Mrachacz<\/strong><br>kierownik dzia\u0142u technicznego<br>email:&nbsp;<a href=\"mailto:dawid.mrachacz@cme.org.pl\">dawid.mrachacz@cme.org.pl<\/a><br>telefon:&nbsp;<a href=\"tel:693588484\">693 58 84 84<\/a><\/p>\n\n\n\n<h2 class=\"wp-block-heading has-accent-1-color has-text-color has-link-color wp-elements-1b9c5f3fb73505e9431d08ec50f0fb47\">Multimedia<\/h2>\n\n\n\n<p>To ekipa, kt\u00f3ra sprawia, \u017ce ludzie mog\u0105 s\u0142ucha\u0107 i s\u0142ysze\u0107. B\u00f3g wykorzystuje t\u0119 prac\u0119, by ludzie mogli \u201espotka\u0107 si\u0119\u201d na wielu r\u00f3\u017cnych poziomach!<\/p>\n","protected":false},"excerpt":{"rendered":"<p>Kawiarenka \/ \u017bywieni\u00f3wka Lubisz sprawia\u0107, \u017ce ludzie si\u0119 u\u015bmiechaj\u0105? Do\u0142\u0105cz do obs\u0142ugi Caf\u00e9 TE lub Restauracji TE. Jak stwierdzi\u0142 pewien kaznodzieja: Nie ma nic lepszego dla cz\u0142owieka jak to, \u017ceby je\u015b\u0107 i pi\u0107, i w tym upatrywa\u0107 przyjemno\u015b\u0107 w swoim trudzie. [\u2026] r\u00f3wnie\u017c to pochodzi z r\u0119ki Bo\u017cej (Kz 2,24). Uwaga! Ze wzgl\u0119du na wymogi [&hellip;]<\/p>\n","protected":false},"author":1,"featured_media":0,"parent":378,"menu_order":3,"comment_status":"closed","ping_status":"closed","template":"wp-custom-template-wolontariat","meta":{"te_page_icon":"volunteer_activism","footnotes":""},"class_list":["post-401","page","type-page","status-publish","hentry"],"_links":{"self":[{"href":"https:\/\/te.cme.org.pl\/2025\/wp-json\/wp\/v2\/pages\/401","targetHints":{"allow":["GET"]}}],"collection":[{"href":"https:\/\/te.cme.org.pl\/2025\/wp-json\/wp\/v2\/pages"}],"about":[{"href":"https:\/\/te.cme.org.pl\/2025\/wp-json\/wp\/v2\/types\/page"}],"author":[{"embeddable":true,"href":"https:\/\/te.cme.org.pl\/2025\/wp-json\/wp\/v2\/users\/1"}],"replies":[{"embeddable":true,"href":"https:\/\/te.cme.org.pl\/2025\/wp-json\/wp\/v2\/comments?post=401"}],"version-history":[{"count":2,"href":"https:\/\/te.cme.org.pl\/2025\/wp-json\/wp\/v2\/pages\/401\/revisions"}],"predecessor-version":[{"id":403,"href":"https:\/\/te.cme.org.pl\/2025\/wp-json\/wp\/v2\/pages\/401\/revisions\/403"}],"up":[{"embeddable":true,"href":"https:\/\/te.cme.org.pl\/2025\/wp-json\/wp\/v2\/pages\/378"}],"wp:attachment":[{"href":"https:\/\/te.cme.org.pl\/2025\/wp-json\/wp\/v2\/media?parent=401"}],"curies":[{"name":"wp","href":"https:\/\/api.w.org\/{rel}","templated":true}]}}