{"id":426,"date":"2025-05-09T12:43:18","date_gmt":"2025-05-09T10:43:18","guid":{"rendered":"https:\/\/te.cme.org.pl\/2025\/?page_id=426"},"modified":"2025-12-17T09:58:52","modified_gmt":"2025-12-17T08:58:52","slug":"darowizny","status":"publish","type":"page","link":"https:\/\/te.cme.org.pl\/2025\/wspieraj-te\/darowizny\/","title":{"rendered":"Darowizny"},"content":{"rendered":"\n<h3 class=\"wp-block-heading\">Mo\u017cesz finansowo wesprze\u0107 TE<\/h3>\n\n\n\n<p>Tydzie\u0144 Ewangelizacyjny jest wydarzeniem mo\u017cliwym wy\u0142\u0105cznie dzi\u0119ki Bo\u017cej \u0142asce i&nbsp;wsparciu ludzi. Dzi\u0119ki hojno\u015bci wielu ludzi <strong>koszty organizacji TED&nbsp;2025 zosta\u0142y w&nbsp;100% pokryte!<\/strong> Jeste\u015bmy niezmiernie wdzi\u0119czni Bogu za Jego zaopatrzenie, a&nbsp;ludziom za finansowe wsp\u00f3\u0142organizowanie TED.<\/p>\n\n\n\n<p>Je\u015bli rozwa\u017casz wspieranie TED finansowo, jeste\u015bmy za Ciebie wdzi\u0119czni i&nbsp;modlimy si\u0119 o&nbsp;Ciebie.<\/p>\n\n\n\n<p><strong>Szczeg\u00f3lnie zach\u0119camy do rozwa\u017cenia sta\u0142ego, comiesi\u0119cznego wsparcia<\/strong>. Nawet niewielka, ale regularna kwota daje nam mo\u017cliwo\u015b\u0107 lepszego planowania wydatk\u00f3w zwi\u0105zanych z&nbsp;organizacj\u0105 TED. To cicha, ale niezwykle wa\u017cna forma uczestnictwa w&nbsp;dziele Ewangelii.<\/p>\n\n\n\n<p>Mo\u017cesz wspom\u00f3c to dzie\u0142o:<\/p>\n\n\n\n<ul class=\"wp-block-list\">\n<li><a href=\"https:\/\/cme.org.pl\/wspieraj-nas\/zrob-przelew-przez-payu\/\" target=\"_blank\" rel=\"noreferrer noopener\">przelewem przez <strong>PayU<\/strong><\/a><\/li>\n\n\n\n<li><a href=\"https:\/\/cme.org.pl\/wspieraj-nas\/zrob-przelew-na-telefon-blik\/\" data-type=\"link\" data-id=\"https:\/\/cme.org.pl\/wspieraj-nas\/zrob-przelew-na-telefon-blik\/\" target=\"_blank\" rel=\"noreferrer noopener\"><strong>BLIK<\/strong>iem na numer:&nbsp;<strong>509 398 500<\/strong><\/a><\/li>\n\n\n\n<li>przelewem tradycyjnym na konto:<br><br>Powszechna Kasa Oszcz\u0119dno\u015bci Bank Polski SA<br>Kod BIC (Swift): BPKOPLPW<br>Numer konta: <strong>75 1020 1390 0000 6202 0704 6347<\/strong><br>Tytu\u0142em: Darowizna na dzia\u0142alno\u015b\u0107 statutow\u0105 OPP (TED)<br><br>Tak opisan\u0105 darowizn\u0119 mo\u017cesz odliczy\u0107 w rocznym zeznaniu podatkowym.<\/li>\n<\/ul>\n\n\n\n<p>Dzi\u0119kujemy za ka\u017cdy dar!<br>W razie pyta\u0144, prosimy o kontakt na <a href=\"mailto:sylwia.chmiel@cme.org.pl\" data-type=\"mailto\" data-id=\"mailto:sylwia.chmiel@cme.org.pl\">sylwia.chmiel@cme.org.pl<\/a>.<\/p>\n","protected":false},"excerpt":{"rendered":"<p>Mo\u017cesz finansowo wesprze\u0107 TE Tydzie\u0144 Ewangelizacyjny jest wydarzeniem mo\u017cliwym wy\u0142\u0105cznie dzi\u0119ki Bo\u017cej \u0142asce i&nbsp;wsparciu ludzi. Dzi\u0119ki hojno\u015bci wielu ludzi koszty organizacji TED&nbsp;2025 zosta\u0142y w&nbsp;100% pokryte! Jeste\u015bmy niezmiernie wdzi\u0119czni Bogu za Jego zaopatrzenie, a&nbsp;ludziom za finansowe wsp\u00f3\u0142organizowanie TED. Je\u015bli rozwa\u017casz wspieranie TED finansowo, jeste\u015bmy za Ciebie wdzi\u0119czni i&nbsp;modlimy si\u0119 o&nbsp;Ciebie. Szczeg\u00f3lnie zach\u0119camy do rozwa\u017cenia sta\u0142ego, comiesi\u0119cznego [&hellip;]<\/p>\n","protected":false},"author":1,"featured_media":0,"parent":154,"menu_order":3,"comment_status":"closed","ping_status":"closed","template":"wp-custom-template-wsparcie","meta":{"te_page_icon":"diversity_4","footnotes":""},"class_list":["post-426","page","type-page","status-publish","hentry"],"_links":{"self":[{"href":"https:\/\/te.cme.org.pl\/2025\/wp-json\/wp\/v2\/pages\/426","targetHints":{"allow":["GET"]}}],"collection":[{"href":"https:\/\/te.cme.org.pl\/2025\/wp-json\/wp\/v2\/pages"}],"about":[{"href":"https:\/\/te.cme.org.pl\/2025\/wp-json\/wp\/v2\/types\/page"}],"author":[{"embeddable":true,"href":"https:\/\/te.cme.org.pl\/2025\/wp-json\/wp\/v2\/users\/1"}],"replies":[{"embeddable":true,"href":"https:\/\/te.cme.org.pl\/2025\/wp-json\/wp\/v2\/comments?post=426"}],"version-history":[{"count":2,"href":"https:\/\/te.cme.org.pl\/2025\/wp-json\/wp\/v2\/pages\/426\/revisions"}],"predecessor-version":[{"id":2260,"href":"https:\/\/te.cme.org.pl\/2025\/wp-json\/wp\/v2\/pages\/426\/revisions\/2260"}],"up":[{"embeddable":true,"href":"https:\/\/te.cme.org.pl\/2025\/wp-json\/wp\/v2\/pages\/154"}],"wp:attachment":[{"href":"https:\/\/te.cme.org.pl\/2025\/wp-json\/wp\/v2\/media?parent=426"}],"curies":[{"name":"wp","href":"https:\/\/api.w.org\/{rel}","templated":true}]}}