{"id":433,"date":"2025-05-09T12:56:07","date_gmt":"2025-05-09T10:56:07","guid":{"rendered":"https:\/\/te.cme.org.pl\/2025\/?page_id=433"},"modified":"2025-05-16T13:45:06","modified_gmt":"2025-05-16T11:45:06","slug":"2-list-modlitewny","status":"publish","type":"page","link":"https:\/\/te.cme.org.pl\/2025\/wspieraj-te\/modl-sie-o-te\/2-list-modlitewny\/","title":{"rendered":"II List Modlitewny TED 2025"},"content":{"rendered":"\n<p class=\"has-text-align-right\">Dzi\u0119giel\u00f3w, 18 lutego 2025 roku<\/p>\n\n\n\n<p><strong>Drodzy Modliciele,<br>Siostry i Bracia,<br>Kochani Przyjaciele!<\/strong><\/p>\n\n\n\n<p>Przesy\u0142am II list modlitewny dotycz\u0105cy Tygodnia Ewangelizacyjnego w&nbsp;Dzi\u0119gielowie.<\/p>\n\n\n\n<p>W tym roku <strong>Tydzie\u0144 Ewangelizacyjny odb\u0119dzie si\u0119 ju\u017c po raz 76!<\/strong>, a&nbsp;spotkamy si\u0119 w dniach<strong> 6\u201313 lipca<\/strong>. Tematyka wydarzenia zwi\u0105zana jest z&nbsp;wyznaniem wiary i zosta\u0142a opatrzona has\u0142em: <strong>SPRAWDZAM<\/strong>.<\/p>\n\n\n\n<p>Ka\u017cdy TED jest dla nas, organizator\u00f3w, sprawdzianem <strong>zaufania Bogu<\/strong>. Czasem marzymy, by cho\u0107 kilka obszar\u00f3w przygotowa\u0144 sta\u0142o si\u0119 \u201egwarantowanymi\u201d. Wyobra\u017camy sobie, \u017ce praca nad TED by\u0142aby prostsza i przyjemniejsza, gdyby\u015bmy ju\u017c na jej pocz\u0105tku wiedzieli, \u017ce kilka rzeczy jest pewnych \u2013 m\u00f3wcy, wolontariusze, pogoda, obecno\u015b\u0107 uczestnik\u00f3w, finanse, infrastruktura, sprz\u0119t\u2026 Jednak w g\u0142\u0119bi serca wiemy, \u017ce to w\u0142a\u015bnie zale\u017cno\u015b\u0107 od Boga i wsparcie innych ludzi <strong>s\u0105 niezwyk\u0142\u0105 warto\u015bci\u0105 i sprzyjaj\u0105 rozwojowi naszej wiary<\/strong>.<\/p>\n\n\n\n<p>Dlatego, <strong>ufaj\u0105c Bogu<\/strong> i wiedz\u0105c, \u017ce to On jest istot\u0105 Tygodnia, zapraszam do modlitwy o sprawy, kt\u00f3re nie s\u0105 \u201egwarantowane\u201d. W szczeg\u00f3lno\u015bci polecamy modlitwie otwart\u0105 od dzi\u015b rekrutacj\u0119 wolontariuszy (<a href=\"https:\/\/te.cme.org.pl\/2025\/wolontariat\/\" data-type=\"page\" data-id=\"378\" target=\"_blank\" rel=\"noreferrer noopener\">te.cme.org.pl\/2025\/wolontariat\/<\/a>).<\/p>\n\n\n\n<h4 class=\"wp-block-heading\">Dzi\u0119kujemy Bogu:<\/h4>\n\n\n\n<ul class=\"wp-block-list\">\n<li>Za to, \u017ce<strong> jest niezmienny<\/strong> i stanowi sta\u0142y punkt odniesienia dla naszego \u017cycia.<\/li>\n\n\n\n<li>Za to, \u017ce <strong>wyzwania i&nbsp;\u201ebrak gwarancji\u201d<\/strong> mog\u0105 zbli\u017ca\u0107 nas do Niego i&nbsp;umacnia\u0107 nasz\u0105 wiar\u0119.<\/li>\n\n\n\n<li>Za to, \u017ce <strong>bycie zale\u017cnym od Boga<\/strong> daje pok\u00f3j i&nbsp;poczucie bezpiecze\u0144stwa.<\/li>\n\n\n\n<li>Za <strong>spo\u0142eczno\u015b\u0107 modlitewn\u0105<\/strong>, w kt\u00f3rej mo\u017cemy wsp\u00f3lnie przynosi\u0107 Bogu sprawy zwi\u0105zane z TED.<\/li>\n<\/ul>\n\n\n\n<h4 class=\"wp-block-heading\">Pro\u015bmy Boga:<\/h4>\n\n\n\n<ul class=\"wp-block-list\">\n<li>By osoby prze\u017cywaj\u0105ce trudne momenty w \u017cyciu znalaz\u0142y w&nbsp;Nim pomoc i oparcie.<\/li>\n\n\n\n<li>By <strong>powo\u0142a\u0142 wolontariuszy<\/strong>, kt\u00f3rzy pomog\u0105 w organizacji TED.<\/li>\n\n\n\n<li>By wzmacnia\u0142, b\u0142ogos\u0142awi\u0142, zapewnia\u0142 bezpiecze\u0144stwo i&nbsp;si\u0142y wszystkim <strong>zaanga\u017cowanym w planowanie, przygotowanie i&nbsp;realizacj\u0119 Tygodnia<\/strong>.<\/li>\n\n\n\n<li>By wszyscy zwiastuj\u0105cy byli prowadzeni przez <strong>Ducha \u015awi\u0119tego<\/strong> i&nbsp;przekazali Dobr\u0105 Wiadomo\u015b\u0107 o ratunku w Jezusie.<\/li>\n\n\n\n<li>By zaproszenie do udzia\u0142u w TED dotar\u0142o do tych, <strong>kt\u00f3rzy potrzebuj\u0105 us\u0142ysze\u0107 S\u0142owa buduj\u0105ce wiar\u0119<\/strong>.<\/li>\n\n\n\n<li>By <strong>B\u00f3g usuwa\u0142 wszelkie przeszkody<\/strong> stoj\u0105ce na drodze Ewangelii.<\/li>\n<\/ul>\n\n\n\n<p><strong>Dzi\u0119kujemy za modlitwy i za przekazywanie tego listu kolejnym osobom. <\/strong>Zapraszam do kontaktu.<\/p>\n\n\n\n<p>Je\u015bli rozwa\u017casz <strong>wsparcie organizacji TED finansowo<\/strong>, pozostajemy niezmiernie wdzi\u0119czni i serdecznie dzi\u0119kujemy.<\/p>\n\n\n\n<p><strong>Nazwa odbiorcy:<\/strong> CENTRUM MISJI I EWANGELIZACJI KO\u015aCIO\u0141A<br>EWANGELICKO-AUGSBURSKIEGO W RP<br><strong>Nazwa banku:<\/strong> Powszechna Kasa Oszcz\u0119dno\u015bci Bank Polski SA<br><strong>Kod BIC (Swift) banku:<\/strong> BPKOPLPW<br><strong>Numer konta:<\/strong> 75 1020 1390 0000 6202 0704 6347<br><strong>Tytu\u0142em:<\/strong> Darowizna na dzia\u0142alno\u015b\u0107 statutow\u0105 OPP (TED)<\/p>\n\n\n\n<p>Mo\u017cliwe jest r\u00f3wnie\u017c wykonanie przelewu BLIK na numer telefonu.<\/p>\n\n\n\n<p><strong>Numer telefonu:<\/strong> +48 509 398 500<br><strong>Tytu\u0142em:<\/strong> Darowizna na dzia\u0142alno\u015b\u0107 statutow\u0105 OPP (TED)<\/p>\n\n\n\n<p>Bardzo dzi\u0119kuj\u0119 za Twoje modlitwy, hojno\u015b\u0107 i wsparcie!<\/p>\n\n\n\n<p class=\"has-text-align-right\">W imieniu Zespo\u0142u pracuj\u0105cego nad TED<br>ks. Tymoteusz Bujok<\/p>\n\n\n\n<div style=\"height:100px\" aria-hidden=\"true\" class=\"wp-block-spacer\"><\/div>\n\n\n\n<p>Mo\u017cesz pobra\u0107 ten list modlitewny i wydrukowa\u0107 go dla siebie lub swoich przyjaci\u00f3\u0142: <a href=\"https:\/\/te.cme.org.pl\/2025\/wsparcie\/modl-sie-o-te\/ii-list-modlitewny-ted-2025\/\" data-type=\"page\" data-id=\"433\" download=\"\" rel=\"noreferrer noopener\">II List modlitewny TED 2025<\/a>.<\/p>\n\n\n\n<p>List modlitewny wysy\u0142amy r\u00f3wnie\u017c mailowo do os\u00f3b kt\u00f3re wyrazi\u0142y na to zgod\u0119. Je\u015bli r\u00f3wnie\u017c chcesz do nich do\u0142\u0105czy\u0107 to wype\u0142nij poni\u017cszy formularz:<\/p>\n\n\n\n<iframe id=\"JotFormIFrame-230612376508050\" style=\"min-width: 100%; max-width: 100%; height: 550px; border: none;\" title=\"List modlitewny TE Dziegiel\u00f3w\" src=\"https:\/\/form.jotform.com\/230612376508050\" frameborder=\"0\" scrolling=\"no\" allowfullscreen=\"allowfullscreen\">\n<\/iframe>\n<script type=\"text\/javascript\">\n    var ifr = document.getElementById(\"JotFormIFrame-230612376508050\");\n    if (ifr) {\n      var src = ifr.src;\n      var iframeParams = [];\n      if (window.location.href && window.location.href.indexOf(\"?\") > -1) {\n        iframeParams = iframeParams.concat(window.location.href.substr(window.location.href.indexOf(\"?\") + 1).split('&'));\n      }\n      if (src && src.indexOf(\"?\") > -1) {\n        iframeParams = iframeParams.concat(src.substr(src.indexOf(\"?\") + 1).split(\"&\"));\n        src = src.substr(0, src.indexOf(\"?\"))\n      }\n      iframeParams.push(\"isIframeEmbed=1\");\n      ifr.src = src + \"?\" + iframeParams.join('&');\n    }\n    window.handleIFrameMessage = function(e) {\n      if (typeof e.data === 'object') { return; }\n      var args = e.data.split(\":\");\n      if (args.length > 2) { iframe = document.getElementById(\"JotFormIFrame-\" + args[(args.length - 1)]); } else { iframe = document.getElementById(\"JotFormIFrame\"); }\n      if (!iframe) { return; }\n      switch (args[0]) {\n        case \"scrollIntoView\":\n          iframe.scrollIntoView();\n          break;\n        case \"setHeight\":\n          iframe.style.height = args[1] + \"px\";\n          if (!isNaN(args[1]) && parseInt(iframe.style.minHeight) > parseInt(args[1])) {\n            iframe.style.minHeight = args[1] + \"px\";\n          }\n          break;\n        case \"collapseErrorPage\":\n          if (iframe.clientHeight > window.innerHeight) {\n            iframe.style.height = window.innerHeight + \"px\";\n          }\n          break;\n        case \"reloadPage\":\n          window.location.reload();\n          break;\n        case \"loadScript\":\n          if( !window.isPermitted(e.origin, ['jotform.com', 'jotform.pro']) ) { break; }\n          var src = args[1];\n          if (args.length > 3) {\n              src = args[1] + ':' + args[2];\n          }\n          var script = document.createElement('script');\n          script.src = src;\n          script.type = 'text\/javascript';\n          document.body.appendChild(script);\n          break;\n        case \"exitFullscreen\":\n          if      (window.document.exitFullscreen)        window.document.exitFullscreen();\n          else if (window.document.mozCancelFullScreen)   window.document.mozCancelFullScreen();\n          else if (window.document.mozCancelFullscreen)   window.document.mozCancelFullScreen();\n          else if (window.document.webkitExitFullscreen)  window.document.webkitExitFullscreen();\n          else if (window.document.msExitFullscreen)      window.document.msExitFullscreen();\n          break;\n      }\n      var isJotForm = (e.origin.indexOf(\"jotform\") > -1) ? true : false;\n      if(isJotForm && \"contentWindow\" in iframe && \"postMessage\" in iframe.contentWindow) {\n        var urls = {\"docurl\":encodeURIComponent(document.URL),\"referrer\":encodeURIComponent(document.referrer)};\n        iframe.contentWindow.postMessage(JSON.stringify({\"type\":\"urls\",\"value\":urls}), \"*\");\n      }\n    };\n    window.isPermitted = function(originUrl, whitelisted_domains) {\n      var url = document.createElement('a');\n      url.href = originUrl;\n      var hostname = url.hostname;\n      var result = false;\n      if( typeof hostname !== 'undefined' ) {\n        whitelisted_domains.forEach(function(element) {\n            if( hostname.slice((-1 * element.length - 1)) === '.'.concat(element) ||  hostname === element ) {\n                result = true;\n            }\n        });\n        return result;\n      }\n    };\n    if (window.addEventListener) {\n      window.addEventListener(\"message\", handleIFrameMessage, false);\n    } else if (window.attachEvent) {\n      window.attachEvent(\"onmessage\", handleIFrameMessage);\n    }\n    <\/script>\n","protected":false},"excerpt":{"rendered":"<p>Dzi\u0119giel\u00f3w, 18 lutego 2025 roku Drodzy Modliciele,Siostry i Bracia,Kochani Przyjaciele! Przesy\u0142am II list modlitewny dotycz\u0105cy Tygodnia Ewangelizacyjnego w&nbsp;Dzi\u0119gielowie. W tym roku Tydzie\u0144 Ewangelizacyjny odb\u0119dzie si\u0119 ju\u017c po raz 76!, a&nbsp;spotkamy si\u0119 w dniach 6\u201313 lipca. Tematyka wydarzenia zwi\u0105zana jest z&nbsp;wyznaniem wiary i zosta\u0142a opatrzona has\u0142em: SPRAWDZAM. Ka\u017cdy TED jest dla nas, organizator\u00f3w, sprawdzianem zaufania Bogu. [&hellip;]<\/p>\n","protected":false},"author":1,"featured_media":0,"parent":166,"menu_order":2,"comment_status":"closed","ping_status":"closed","template":"wp-custom-template-wsparcie","meta":{"te_page_icon":"folded_hands","footnotes":""},"class_list":["post-433","page","type-page","status-publish","hentry"],"_links":{"self":[{"href":"https:\/\/te.cme.org.pl\/2025\/wp-json\/wp\/v2\/pages\/433","targetHints":{"allow":["GET"]}}],"collection":[{"href":"https:\/\/te.cme.org.pl\/2025\/wp-json\/wp\/v2\/pages"}],"about":[{"href":"https:\/\/te.cme.org.pl\/2025\/wp-json\/wp\/v2\/types\/page"}],"author":[{"embeddable":true,"href":"https:\/\/te.cme.org.pl\/2025\/wp-json\/wp\/v2\/users\/1"}],"replies":[{"embeddable":true,"href":"https:\/\/te.cme.org.pl\/2025\/wp-json\/wp\/v2\/comments?post=433"}],"version-history":[{"count":8,"href":"https:\/\/te.cme.org.pl\/2025\/wp-json\/wp\/v2\/pages\/433\/revisions"}],"predecessor-version":[{"id":1805,"href":"https:\/\/te.cme.org.pl\/2025\/wp-json\/wp\/v2\/pages\/433\/revisions\/1805"}],"up":[{"embeddable":true,"href":"https:\/\/te.cme.org.pl\/2025\/wp-json\/wp\/v2\/pages\/166"}],"wp:attachment":[{"href":"https:\/\/te.cme.org.pl\/2025\/wp-json\/wp\/v2\/media?parent=433"}],"curies":[{"name":"wp","href":"https:\/\/api.w.org\/{rel}","templated":true}]}}