{"id":866,"date":"2025-05-12T08:51:25","date_gmt":"2025-05-12T06:51:25","guid":{"rendered":"https:\/\/te.cme.org.pl\/2025\/?page_id=866"},"modified":"2025-05-13T21:33:32","modified_gmt":"2025-05-13T19:33:32","slug":"partnerzy","status":"publish","type":"page","link":"https:\/\/te.cme.org.pl\/2025\/wiecej\/partnerzy\/","title":{"rendered":"Partnerzy"},"content":{"rendered":"\n<div class=\"wp-block-group is-layout-flow wp-container-core-group-is-layout-d7e64215 wp-block-group-is-layout-flow\">\n<div class=\"wp-block-columns alignwide are-vertically-aligned-center is-layout-flex wp-container-core-columns-is-layout-4140bc21 wp-block-columns-is-layout-flex\" style=\"padding-right:0;padding-left:0\">\n<div class=\"wp-block-column is-vertically-aligned-center has-global-padding is-content-justification-right is-layout-constrained wp-container-core-column-is-layout-f1f2ed93 wp-block-column-is-layout-constrained\">\n<figure class=\"wp-block-image alignright size-full\"><img loading=\"lazy\" decoding=\"async\" width=\"237\" height=\"75\" src=\"https:\/\/te.cme.org.pl\/2025\/wp-content\/uploads\/sites\/2\/2025\/05\/joannici.png\" alt=\"\" class=\"wp-image-867\"\/><\/figure>\n<\/div>\n\n\n\n<div class=\"wp-block-column is-vertically-aligned-center is-layout-flow wp-block-column-is-layout-flow\">\n<p><a href=\"https:\/\/joannici.org.pl\/\" target=\"_blank\" rel=\"noreferrer noopener\">Stowarzyszenie<br>Joannici Dzie\u0142o Pomocy<\/a><\/p>\n<\/div>\n<\/div>\n\n\n\n<div class=\"wp-block-columns alignwide are-vertically-aligned-center is-layout-flex wp-container-core-columns-is-layout-911de44b wp-block-columns-is-layout-flex\">\n<div class=\"wp-block-column is-vertically-aligned-center is-layout-flow wp-block-column-is-layout-flow\">\n<figure class=\"wp-block-image alignright size-full\"><img loading=\"lazy\" decoding=\"async\" width=\"366\" height=\"76\" src=\"https:\/\/te.cme.org.pl\/2025\/wp-content\/uploads\/sites\/2\/2025\/05\/diecezja_cieszynska.png\" alt=\"\" class=\"wp-image-868\" srcset=\"https:\/\/te.cme.org.pl\/2025\/wp-content\/uploads\/sites\/2\/2025\/05\/diecezja_cieszynska.png 366w, https:\/\/te.cme.org.pl\/2025\/wp-content\/uploads\/sites\/2\/2025\/05\/diecezja_cieszynska-300x62.png 300w\" sizes=\"auto, (max-width: 366px) 100vw, 366px\" \/><\/figure>\n<\/div>\n\n\n\n<div class=\"wp-block-column is-vertically-aligned-center is-layout-flow wp-block-column-is-layout-flow\">\n<p><a href=\"https:\/\/cieszynska.luteranie.pl\/\" target=\"_blank\" rel=\"noreferrer noopener\">Diecezja Cieszy\u0144ska<br>Ko\u015bcio\u0142a Ewangelicko-Augsburskiego<\/a><\/p>\n<\/div>\n<\/div>\n\n\n\n<div class=\"wp-block-columns alignwide are-vertically-aligned-center is-layout-flex wp-container-core-columns-is-layout-911de44b wp-block-columns-is-layout-flex\">\n<div class=\"wp-block-column is-vertically-aligned-center is-layout-flow wp-block-column-is-layout-flow\">\n<figure class=\"wp-block-image alignright size-full\"><img loading=\"lazy\" decoding=\"async\" width=\"361\" height=\"66\" src=\"https:\/\/te.cme.org.pl\/2025\/wp-content\/uploads\/sites\/2\/2025\/05\/luteranie.png\" alt=\"\" class=\"wp-image-869\" srcset=\"https:\/\/te.cme.org.pl\/2025\/wp-content\/uploads\/sites\/2\/2025\/05\/luteranie.png 361w, https:\/\/te.cme.org.pl\/2025\/wp-content\/uploads\/sites\/2\/2025\/05\/luteranie-300x55.png 300w\" sizes=\"auto, (max-width: 361px) 100vw, 361px\" \/><\/figure>\n<\/div>\n\n\n\n<div class=\"wp-block-column is-vertically-aligned-center is-layout-flow wp-block-column-is-layout-flow\">\n<p><a href=\"https:\/\/www.luteranie.pl\/\" target=\"_blank\" rel=\"noreferrer noopener\">Portal Luteranie.pl<\/a><\/p>\n<\/div>\n<\/div>\n\n\n\n<div class=\"wp-block-columns alignwide are-vertically-aligned-center is-layout-flex wp-container-core-columns-is-layout-911de44b wp-block-columns-is-layout-flex\">\n<div class=\"wp-block-column is-vertically-aligned-center is-layout-flow wp-block-column-is-layout-flow\">\n<figure class=\"wp-block-image alignright size-full\"><img loading=\"lazy\" decoding=\"async\" width=\"248\" height=\"87\" src=\"https:\/\/te.cme.org.pl\/2025\/wp-content\/uploads\/sites\/2\/2025\/05\/zwiastun.png\" alt=\"\" class=\"wp-image-870\"\/><\/figure>\n<\/div>\n\n\n\n<div class=\"wp-block-column is-vertically-aligned-center tw-stretched-link is-layout-flow wp-block-column-is-layout-flow\">\n<p><a href=\"https:\/\/zwiastun.pl\/\" target=\"_blank\" rel=\"noreferrer noopener\">Zwiastun Ewangelicki<\/a><\/p>\n<\/div>\n<\/div>\n<\/div>\n","protected":false},"excerpt":{"rendered":"<p>StowarzyszenieJoannici Dzie\u0142o Pomocy Diecezja Cieszy\u0144skaKo\u015bcio\u0142a Ewangelicko-Augsburskiego Portal Luteranie.pl Zwiastun Ewangelicki<\/p>\n","protected":false},"author":1,"featured_media":0,"parent":1297,"menu_order":4,"comment_status":"closed","ping_status":"closed","template":"wp-custom-template-strona-z-ikon","meta":{"te_page_icon":"campaign","footnotes":""},"class_list":["post-866","page","type-page","status-publish","hentry"],"_links":{"self":[{"href":"https:\/\/te.cme.org.pl\/2025\/wp-json\/wp\/v2\/pages\/866","targetHints":{"allow":["GET"]}}],"collection":[{"href":"https:\/\/te.cme.org.pl\/2025\/wp-json\/wp\/v2\/pages"}],"about":[{"href":"https:\/\/te.cme.org.pl\/2025\/wp-json\/wp\/v2\/types\/page"}],"author":[{"embeddable":true,"href":"https:\/\/te.cme.org.pl\/2025\/wp-json\/wp\/v2\/users\/1"}],"replies":[{"embeddable":true,"href":"https:\/\/te.cme.org.pl\/2025\/wp-json\/wp\/v2\/comments?post=866"}],"version-history":[{"count":10,"href":"https:\/\/te.cme.org.pl\/2025\/wp-json\/wp\/v2\/pages\/866\/revisions"}],"predecessor-version":[{"id":1391,"href":"https:\/\/te.cme.org.pl\/2025\/wp-json\/wp\/v2\/pages\/866\/revisions\/1391"}],"up":[{"embeddable":true,"href":"https:\/\/te.cme.org.pl\/2025\/wp-json\/wp\/v2\/pages\/1297"}],"wp:attachment":[{"href":"https:\/\/te.cme.org.pl\/2025\/wp-json\/wp\/v2\/media?parent=866"}],"curies":[{"name":"wp","href":"https:\/\/api.w.org\/{rel}","templated":true}]}}