{"id":972,"date":"2025-05-12T10:23:49","date_gmt":"2025-05-12T08:23:49","guid":{"rendered":"https:\/\/te.cme.org.pl\/2025\/?page_id=972"},"modified":"2025-05-15T12:49:54","modified_gmt":"2025-05-15T10:49:54","slug":"o-tygodniu","status":"publish","type":"page","link":"https:\/\/te.cme.org.pl\/2025\/wiecej\/o-tygodniu\/","title":{"rendered":"O Tygodniu"},"content":{"rendered":"\n<p>Zapraszamy dzieci, m\u0142odzie\u017c i doros\u0142ych do udzia\u0142u w Tygodniu Ewangelizacyjnym w Dzi\u0119gielowie.<\/p>\n\n\n\n<h2 class=\"wp-block-heading has-large-font-size\">Program Tygodnia Ewangelizacyjnego to m.in.:<\/h2>\n\n\n\n<ul class=\"wp-block-list\">\n<li>Spotkania ewangelizacyjne dla m\u0142odzie\u017cy i doros\u0142ych oraz dla dzieci w dw\u00f3ch grupach wiekowych<\/li>\n\n\n\n<li>Wyk\u0142ad biblijny dla m\u0142odzie\u017cy i doros\u0142ych<\/li>\n\n\n\n<li>Seminaria (tematyka biblijna, kulturowa, spo\u0142eczna, psychologiczna i rodzinna)<\/li>\n\n\n\n<li>Koncerty<\/li>\n\n\n\n<li>Pomoc duszpasterska i poradnicza<\/li>\n\n\n\n<li>Czas na odpoczynek, rozmowy, wyciszenie i rozw\u00f3j<\/li>\n<\/ul>\n","protected":false},"excerpt":{"rendered":"<p>Zapraszamy dzieci, m\u0142odzie\u017c i doros\u0142ych do udzia\u0142u w Tygodniu Ewangelizacyjnym w Dzi\u0119gielowie. Program Tygodnia Ewangelizacyjnego to m.in.:<\/p>\n","protected":false},"author":1,"featured_media":0,"parent":1297,"menu_order":1,"comment_status":"closed","ping_status":"closed","template":"wp-custom-template-strona-z-ikon","meta":{"te_page_icon":"assignment","footnotes":""},"class_list":["post-972","page","type-page","status-publish","hentry"],"_links":{"self":[{"href":"https:\/\/te.cme.org.pl\/2025\/wp-json\/wp\/v2\/pages\/972","targetHints":{"allow":["GET"]}}],"collection":[{"href":"https:\/\/te.cme.org.pl\/2025\/wp-json\/wp\/v2\/pages"}],"about":[{"href":"https:\/\/te.cme.org.pl\/2025\/wp-json\/wp\/v2\/types\/page"}],"author":[{"embeddable":true,"href":"https:\/\/te.cme.org.pl\/2025\/wp-json\/wp\/v2\/users\/1"}],"replies":[{"embeddable":true,"href":"https:\/\/te.cme.org.pl\/2025\/wp-json\/wp\/v2\/comments?post=972"}],"version-history":[{"count":3,"href":"https:\/\/te.cme.org.pl\/2025\/wp-json\/wp\/v2\/pages\/972\/revisions"}],"predecessor-version":[{"id":1735,"href":"https:\/\/te.cme.org.pl\/2025\/wp-json\/wp\/v2\/pages\/972\/revisions\/1735"}],"up":[{"embeddable":true,"href":"https:\/\/te.cme.org.pl\/2025\/wp-json\/wp\/v2\/pages\/1297"}],"wp:attachment":[{"href":"https:\/\/te.cme.org.pl\/2025\/wp-json\/wp\/v2\/media?parent=972"}],"curies":[{"name":"wp","href":"https:\/\/api.w.org\/{rel}","templated":true}]}}