{"id":989,"date":"2025-05-12T10:45:20","date_gmt":"2025-05-12T08:45:20","guid":{"rendered":"https:\/\/te.cme.org.pl\/2025\/?page_id=989"},"modified":"2025-05-13T20:45:26","modified_gmt":"2025-05-13T18:45:26","slug":"rodo","status":"publish","type":"page","link":"https:\/\/te.cme.org.pl\/2025\/wiecej\/rodo\/","title":{"rendered":"Dane osobowe (RODO)"},"content":{"rendered":"\n<p>W zwi\u0105zku z ochron\u0105 danych osobowych informujemy, \u017ce w trakcie Tygodnia Ewangelizacyjnego w Dzi\u0119gielowie 6-13.07.2025 r. wykonywane s\u0105 zdj\u0119cia uczestnik\u00f3w wszystkich spotka\u0144: zaj\u0119\u0107 dla dzieci i m\u0142odzie\u017cy, nabo\u017ce\u0144stwa, wyk\u0142adu, seminari\u00f3w, spotka\u0144 ewangelizacyjnych, koncert\u00f3w.<\/p>\n\n\n\n<p>Informujemy te\u017c, \u017ce spotkania ewangelizacyjne o godz. 17.00 oraz nabo\u017ce\u0144stwa niedzielne o godz. 10.00 z namiotu g\u0142\u00f3wnego s\u0105 transmitowane za po\u015brednictwem serwisu YouTube, FB i stron internetowych CME. Uczestniczenie w programie TE oznacza wyra\u017cenie zgody na upublicznienie swojego wizerunku.<\/p>\n","protected":false},"excerpt":{"rendered":"<p>W zwi\u0105zku z ochron\u0105 danych osobowych informujemy, \u017ce w trakcie Tygodnia Ewangelizacyjnego w Dzi\u0119gielowie 6-13.07.2025 r. wykonywane s\u0105 zdj\u0119cia uczestnik\u00f3w wszystkich spotka\u0144: zaj\u0119\u0107 dla dzieci i m\u0142odzie\u017cy, nabo\u017ce\u0144stwa, wyk\u0142adu, seminari\u00f3w, spotka\u0144 ewangelizacyjnych, koncert\u00f3w. Informujemy te\u017c, \u017ce spotkania ewangelizacyjne o godz. 17.00 oraz nabo\u017ce\u0144stwa niedzielne o godz. 10.00 z namiotu g\u0142\u00f3wnego s\u0105 transmitowane za po\u015brednictwem serwisu [&hellip;]<\/p>\n","protected":false},"author":1,"featured_media":0,"parent":1297,"menu_order":5,"comment_status":"closed","ping_status":"closed","template":"wp-custom-template-strona-z-ikon","meta":{"te_page_icon":"info","footnotes":""},"class_list":["post-989","page","type-page","status-publish","hentry"],"_links":{"self":[{"href":"https:\/\/te.cme.org.pl\/2025\/wp-json\/wp\/v2\/pages\/989","targetHints":{"allow":["GET"]}}],"collection":[{"href":"https:\/\/te.cme.org.pl\/2025\/wp-json\/wp\/v2\/pages"}],"about":[{"href":"https:\/\/te.cme.org.pl\/2025\/wp-json\/wp\/v2\/types\/page"}],"author":[{"embeddable":true,"href":"https:\/\/te.cme.org.pl\/2025\/wp-json\/wp\/v2\/users\/1"}],"replies":[{"embeddable":true,"href":"https:\/\/te.cme.org.pl\/2025\/wp-json\/wp\/v2\/comments?post=989"}],"version-history":[{"count":1,"href":"https:\/\/te.cme.org.pl\/2025\/wp-json\/wp\/v2\/pages\/989\/revisions"}],"predecessor-version":[{"id":990,"href":"https:\/\/te.cme.org.pl\/2025\/wp-json\/wp\/v2\/pages\/989\/revisions\/990"}],"up":[{"embeddable":true,"href":"https:\/\/te.cme.org.pl\/2025\/wp-json\/wp\/v2\/pages\/1297"}],"wp:attachment":[{"href":"https:\/\/te.cme.org.pl\/2025\/wp-json\/wp\/v2\/media?parent=989"}],"curies":[{"name":"wp","href":"https:\/\/api.w.org\/{rel}","templated":true}]}}