{"id":159,"date":"2026-02-09T10:22:59","date_gmt":"2026-02-09T09:22:59","guid":{"rendered":"https:\/\/te.cme.org.pl\/2026\/?page_id=159"},"modified":"2026-02-09T11:14:18","modified_gmt":"2026-02-09T10:14:18","slug":"etapy-pracy","status":"publish","type":"page","link":"https:\/\/te.cme.org.pl\/2026\/wolontariat\/etapy-pracy\/","title":{"rendered":"Etapy pracy"},"content":{"rendered":"\n<p>Ca\u0142o\u015b\u0107 naszej pracy podzielona jest na trzy etapy:<\/p>\n\n\n\n<h2 class=\"wp-block-heading\">Tydzie\u0144 Przygotowawczy<\/h2>\n\n\n\n<p>rozpoczyna si\u0119:<\/p>\n\n\n\n<ul class=\"wp-block-list\">\n<li>Dla wolontariuszy programowych spotka\u0144 ewangelizacyjnych dla <em>dzieci 7-11<\/em> lat i\u00a0<em>#m\u0142odzi<\/em>, w\u00a0pi\u0105tek 3\u00a0lipca o\u00a0godzinie 17.00.<\/li>\n\n\n\n<li>Dla wolontariuszy programowych spotka\u0144 ewangelizacyjnych dla <em>dzieci 3-6<\/em> lat, w\u00a0sobot\u0119 4\u00a0lipca o\u00a0godzinie 9.30.<\/li>\n\n\n\n<li>Dla wolontariuszy s\u0142u\u017cby <em>kawiarenka\/\u017cywieni\u00f3wka<\/em>, w\u00a0czwartek 2\u00a0lipca.<\/li>\n<\/ul>\n\n\n\n<p>Podczas tego etapu przygotowujemy infrastruktur\u0119, gromadzimy i\u00a0wykonujemy pomoce niezb\u0119dne przy prowadzeniu konkretnych punkt\u00f3w programu, szkolimy si\u0119, mamy pr\u00f3by i\u00a0przeprowadzamy testy. Wszystko po to, aby rozpocz\u0105\u0107\u2026<\/p>\n\n\n\n<h2 class=\"wp-block-heading\">Tydzie\u0144 Ewangelizacyjny<\/h2>\n\n\n\n<p>dla wolontariuszy rozpoczyna si\u0119 5, a\u00a0ko\u0144czy 12\u00a0lipca ok. godziny 19.00. Ten etap to g\u0142\u00f3wnie pomoc przy prowadzeniu poszczeg\u00f3lnych punkt\u00f3w programu i\u00a0utrzymaniu infrastruktury Tygodnia. TE to wspania\u0142y czas, cho\u0107 praca bywa wyczerpuj\u0105ca, jednocze\u015bnie daj\u0105c wiele satysfakcji! Nic nie mo\u017ce r\u00f3wna\u0107 si\u0119 z\u00a0u\u015bmiechem dziecka, kt\u00f3re dzi\u0119kuj\u0119 swojemu wujkowi lub cioci, oklaskami dla ekipy technicznej, kt\u00f3ra podczas deszczu zamyka burty namiot\u00f3w, czy s\u0142owami kierownika, kt\u00f3ry m\u00f3wi: \u201eDobra robota!\u201d. Tak\u0105 prac\u0119 pami\u0119ta si\u0119 ca\u0142e \u017cycie, podobnie, jak\u2026<\/p>\n\n\n\n<h2 class=\"wp-block-heading\">Sprz\u0105tanie<\/h2>\n\n\n\n<p>To etap, kt\u00f3ry nast\u0119puje zaraz po ostatnim spotkaniu ewangelizacyjnym w\u00a0niedziel\u0119 12\u00a0lipca. Podczas sprz\u0105tania rozk\u0142adamy, sk\u0142adamy, zwijamy, pakujemy, rozkr\u0119camy, skr\u0119camy\u2026 \u2013 po prostu sprz\u0105tamy :). Dok\u0142adne wykonanie tej pracy przede wszystkim u\u0142atwia dzia\u0142anie w\u00a0trakcie Tygodnia Przygotowawczego w\u00a0nast\u0119pnym roku.<\/p>\n\n\n\n<p>Sprz\u0105tanie trwa do czwartku 16\u00a0lipca.<\/p>\n","protected":false},"excerpt":{"rendered":"<p>Ca\u0142o\u015b\u0107 naszej pracy podzielona jest na trzy etapy: Tydzie\u0144 Przygotowawczy rozpoczyna si\u0119: Podczas tego etapu przygotowujemy infrastruktur\u0119, gromadzimy i\u00a0wykonujemy pomoce niezb\u0119dne przy prowadzeniu konkretnych punkt\u00f3w programu, szkolimy si\u0119, mamy pr\u00f3by i\u00a0przeprowadzamy testy. Wszystko po to, aby rozpocz\u0105\u0107\u2026 Tydzie\u0144 Ewangelizacyjny dla wolontariuszy rozpoczyna si\u0119 5, a\u00a0ko\u0144czy 12\u00a0lipca ok. godziny 19.00. Ten etap to g\u0142\u00f3wnie pomoc przy [&hellip;]<\/p>\n","protected":false},"author":1,"featured_media":0,"parent":150,"menu_order":1,"comment_status":"closed","ping_status":"closed","template":"wolontariat","meta":{"footnotes":""},"class_list":["post-159","page","type-page","status-publish","hentry"],"_links":{"self":[{"href":"https:\/\/te.cme.org.pl\/2026\/wp-json\/wp\/v2\/pages\/159","targetHints":{"allow":["GET"]}}],"collection":[{"href":"https:\/\/te.cme.org.pl\/2026\/wp-json\/wp\/v2\/pages"}],"about":[{"href":"https:\/\/te.cme.org.pl\/2026\/wp-json\/wp\/v2\/types\/page"}],"author":[{"embeddable":true,"href":"https:\/\/te.cme.org.pl\/2026\/wp-json\/wp\/v2\/users\/1"}],"replies":[{"embeddable":true,"href":"https:\/\/te.cme.org.pl\/2026\/wp-json\/wp\/v2\/comments?post=159"}],"version-history":[{"count":3,"href":"https:\/\/te.cme.org.pl\/2026\/wp-json\/wp\/v2\/pages\/159\/revisions"}],"predecessor-version":[{"id":162,"href":"https:\/\/te.cme.org.pl\/2026\/wp-json\/wp\/v2\/pages\/159\/revisions\/162"}],"up":[{"embeddable":true,"href":"https:\/\/te.cme.org.pl\/2026\/wp-json\/wp\/v2\/pages\/150"}],"wp:attachment":[{"href":"https:\/\/te.cme.org.pl\/2026\/wp-json\/wp\/v2\/media?parent=159"}],"curies":[{"name":"wp","href":"https:\/\/api.w.org\/{rel}","templated":true}]}}