{"id":165,"date":"2026-02-09T10:39:57","date_gmt":"2026-02-09T09:39:57","guid":{"rendered":"https:\/\/te.cme.org.pl\/2026\/?page_id=165"},"modified":"2026-02-09T11:31:20","modified_gmt":"2026-02-09T10:31:20","slug":"pozostale-sluzby","status":"publish","type":"page","link":"https:\/\/te.cme.org.pl\/2026\/wolontariat\/pozostale-sluzby\/","title":{"rendered":"Pozosta\u0142e s\u0142u\u017cby"},"content":{"rendered":"\n<h2 class=\"wp-block-heading\">Kawiarenka\/\u017cywieni\u00f3wka<\/h2>\n\n\n\n<p>Lubisz sprawia\u0107, \u017ce ludzie si\u0119 u\u015bmiechaj\u0105? Do\u0142\u0105cz do obs\u0142ugi Caf\u00e9 TE lub Restauracji TE. Jak stwierdzi\u0142 pewien kaznodzieja: <em>Nie ma nic lepszego dla cz\u0142owieka jak to, \u017ceby je\u015b\u0107 i\u00a0pi\u0107, i\u00a0w\u00a0tym upatrywa\u0107 przyjemno\u015b\u0107 w\u00a0swoim trudzie. [\u2026] r\u00f3wnie\u017c to pochodzi z\u00a0r\u0119ki Bo\u017cej (Kz\u00a02,24)<\/em>.<\/p>\n\n\n\n<h3 class=\"wp-block-heading\">Uwaga!<\/h3>\n\n\n\n<p>Ze wzgl\u0119du na wymogi prawne obowi\u0105zuj\u0105ce w\u00a0naszym kraju, osoby pracuj\u0105ce z\u00a0\u017cywno\u015bci\u0105 s\u0105 zobowi\u0105zane do posiadania wa\u017cnej ksi\u0105\u017ceczki sanitarno-epidemiologicznej. Wym\u00f3g ten dotyczy r\u00f3wnie\u017c os\u00f3b zaanga\u017cowanych w\u00a0s\u0142u\u017cb\u0119 \u017cywienia w\u00a0trakcie TE.<br>Je\u015bli nie wiesz jak j\u0105 zdoby\u0107, skontaktuj si\u0119 z\u00a0nami:<\/p>\n\n\n\n<p class=\"has-large-font-size\"><strong>Dawid Mrachacz<\/strong><\/p>\n\n\n\n<p style=\"margin-top:0;margin-bottom:0\">kierownik dzia\u0142u technicznego<\/p>\n\n\n\n<p><a href=\"mailto:dawid.mrachacz@cme.org.pl\">dawid.mrachacz@cme.org.pl<\/a><br><a href=\"tel:48693588484\">+48 693 588 484<\/a><\/p>\n","protected":false},"excerpt":{"rendered":"<p>Kawiarenka\/\u017cywieni\u00f3wka Lubisz sprawia\u0107, \u017ce ludzie si\u0119 u\u015bmiechaj\u0105? Do\u0142\u0105cz do obs\u0142ugi Caf\u00e9 TE lub Restauracji TE. Jak stwierdzi\u0142 pewien kaznodzieja: Nie ma nic lepszego dla cz\u0142owieka jak to, \u017ceby je\u015b\u0107 i\u00a0pi\u0107, i\u00a0w\u00a0tym upatrywa\u0107 przyjemno\u015b\u0107 w\u00a0swoim trudzie. [\u2026] r\u00f3wnie\u017c to pochodzi z\u00a0r\u0119ki Bo\u017cej (Kz\u00a02,24). Uwaga! Ze wzgl\u0119du na wymogi prawne obowi\u0105zuj\u0105ce w\u00a0naszym kraju, osoby pracuj\u0105ce z\u00a0\u017cywno\u015bci\u0105 s\u0105 [&hellip;]<\/p>\n","protected":false},"author":1,"featured_media":0,"parent":150,"menu_order":3,"comment_status":"closed","ping_status":"closed","template":"wolontariat","meta":{"footnotes":""},"class_list":["post-165","page","type-page","status-publish","hentry"],"_links":{"self":[{"href":"https:\/\/te.cme.org.pl\/2026\/wp-json\/wp\/v2\/pages\/165","targetHints":{"allow":["GET"]}}],"collection":[{"href":"https:\/\/te.cme.org.pl\/2026\/wp-json\/wp\/v2\/pages"}],"about":[{"href":"https:\/\/te.cme.org.pl\/2026\/wp-json\/wp\/v2\/types\/page"}],"author":[{"embeddable":true,"href":"https:\/\/te.cme.org.pl\/2026\/wp-json\/wp\/v2\/users\/1"}],"replies":[{"embeddable":true,"href":"https:\/\/te.cme.org.pl\/2026\/wp-json\/wp\/v2\/comments?post=165"}],"version-history":[{"count":3,"href":"https:\/\/te.cme.org.pl\/2026\/wp-json\/wp\/v2\/pages\/165\/revisions"}],"predecessor-version":[{"id":195,"href":"https:\/\/te.cme.org.pl\/2026\/wp-json\/wp\/v2\/pages\/165\/revisions\/195"}],"up":[{"embeddable":true,"href":"https:\/\/te.cme.org.pl\/2026\/wp-json\/wp\/v2\/pages\/150"}],"wp:attachment":[{"href":"https:\/\/te.cme.org.pl\/2026\/wp-json\/wp\/v2\/media?parent=165"}],"curies":[{"name":"wp","href":"https:\/\/api.w.org\/{rel}","templated":true}]}}