{"id":167,"date":"2026-02-09T10:45:34","date_gmt":"2026-02-09T09:45:34","guid":{"rendered":"https:\/\/te.cme.org.pl\/2026\/?page_id=167"},"modified":"2026-02-09T12:09:01","modified_gmt":"2026-02-09T11:09:01","slug":"regulamin-zgody-i-oswiadczenia","status":"publish","type":"page","link":"https:\/\/te.cme.org.pl\/2026\/wolontariat\/regulamin-zgody-i-oswiadczenia\/","title":{"rendered":"Regulamin, zgody i\u00a0o\u015bwiadczenia"},"content":{"rendered":"\n<ul class=\"wp-block-list\">\n<li>Zgoda rodzic\u00f3w\/opiekun\u00f3w prawnych (wype\u0142nia rodzic\/opiekun prawny) dla osoby poni\u017cej 16\u00a0r.\u00a0\u017c. \u2013 <a download=\"\" href=\"https:\/\/te.cme.org.pl\/2026\/wp-content\/uploads\/sites\/3\/2026\/02\/zgoda-rodzica-niepelnoletniego-wolontariusza-ponizej-16-lat.pdf\" data-type=\"attachment\" data-id=\"168\">pobierz<\/a><\/li>\n\n\n\n<li>Zgoda rodzic\u00f3w\/opiekun\u00f3w prawnych (wype\u0142nia rodzic\/opiekun prawny) dla osoby pomi\u0119dzy 16-18\u00a0r.\u00a0\u017c. \u2013 <a download=\"\" href=\"https:\/\/te.cme.org.pl\/2026\/wp-content\/uploads\/sites\/3\/2026\/02\/zgoda-rodzica-niepelnoletniego-wolontariusza-w-wieku-16-18-lat.pdf\" data-type=\"attachment\" data-id=\"169\">pobierz<\/a><\/li>\n\n\n\n<li>Zgoda i\u00a0o\u015bwiadczenie pe\u0142noletniego wolontariusza \u2013 <a download=\"\" href=\"https:\/\/te.cme.org.pl\/2026\/wp-content\/uploads\/sites\/3\/2026\/02\/zgoda-i-oswiadczenie-pelnoletniego-wolontariusza.pdf\" data-type=\"attachment\" data-id=\"170\">pobierz<\/a><\/li>\n\n\n\n<li>O\u015bwiadczenie przed dopuszczeniem do dzia\u0142alno\u015bci z\u00a0udzia\u0142em ma\u0142oletnich \u2013 <a download=\"\" href=\"https:\/\/te.cme.org.pl\/2026\/wp-content\/uploads\/sites\/3\/2026\/02\/oswiadczenie-przed-dopuszczeniem-do-dzialalnosci-z-udzialem-maloletnich.pdf\" data-type=\"attachment\" data-id=\"171\">pobierz<\/a><\/li>\n\n\n\n<li>Regulamin wolontariatu \u2013 <a href=\"https:\/\/te.cme.org.pl\/2026\/wp-content\/uploads\/sites\/3\/2026\/02\/regulamin-wolontariatu-w-CME.pdf\" data-type=\"attachment\" data-id=\"172\" target=\"_blank\" rel=\"noreferrer noopener\">przeczytaj<\/a><\/li>\n<\/ul>\n\n\n\n<p><a href=\"https:\/\/cme.org.pl\/przetwarzanie-danych-osobowych-rodo\/\" target=\"_blank\" rel=\"noreferrer noopener\">Polityka prywatno\u015bci CME<\/a><\/p>\n","protected":false},"excerpt":{"rendered":"<p>Polityka prywatno\u015bci CME<\/p>\n","protected":false},"author":1,"featured_media":0,"parent":150,"menu_order":4,"comment_status":"closed","ping_status":"closed","template":"wolontariat","meta":{"footnotes":""},"class_list":["post-167","page","type-page","status-publish","hentry"],"_links":{"self":[{"href":"https:\/\/te.cme.org.pl\/2026\/wp-json\/wp\/v2\/pages\/167","targetHints":{"allow":["GET"]}}],"collection":[{"href":"https:\/\/te.cme.org.pl\/2026\/wp-json\/wp\/v2\/pages"}],"about":[{"href":"https:\/\/te.cme.org.pl\/2026\/wp-json\/wp\/v2\/types\/page"}],"author":[{"embeddable":true,"href":"https:\/\/te.cme.org.pl\/2026\/wp-json\/wp\/v2\/users\/1"}],"replies":[{"embeddable":true,"href":"https:\/\/te.cme.org.pl\/2026\/wp-json\/wp\/v2\/comments?post=167"}],"version-history":[{"count":6,"href":"https:\/\/te.cme.org.pl\/2026\/wp-json\/wp\/v2\/pages\/167\/revisions"}],"predecessor-version":[{"id":208,"href":"https:\/\/te.cme.org.pl\/2026\/wp-json\/wp\/v2\/pages\/167\/revisions\/208"}],"up":[{"embeddable":true,"href":"https:\/\/te.cme.org.pl\/2026\/wp-json\/wp\/v2\/pages\/150"}],"wp:attachment":[{"href":"https:\/\/te.cme.org.pl\/2026\/wp-json\/wp\/v2\/media?parent=167"}],"curies":[{"name":"wp","href":"https:\/\/api.w.org\/{rel}","templated":true}]}}