{"id":176,"date":"2026-02-09T11:12:21","date_gmt":"2026-02-09T10:12:21","guid":{"rendered":"https:\/\/te.cme.org.pl\/2026\/?page_id=176"},"modified":"2026-02-09T11:28:04","modified_gmt":"2026-02-09T10:28:04","slug":"noclegi-wyzywienie-oplaty","status":"publish","type":"page","link":"https:\/\/te.cme.org.pl\/2026\/wolontariat\/noclegi-wyzywienie-oplaty\/","title":{"rendered":"Noclegi, wy\u017cywienie, op\u0142aty"},"content":{"rendered":"\n<p>W\u00a0trakcie ca\u0142ej pracy zapewniamy bezp\u0142atne zakwaterowanie (z\u00a0w\u0142asnymi karimatami i\u00a0\u015bpiworami) w\u00a0Szkole Podstawowej w\u00a0Dzi\u0119gielowie.<\/p>\n\n\n\n<p>W\u00a0ca\u0142o\u015bci pokrywamy r\u00f3wnie\u017c koszty wy\u017cywienia w\u00a0czasie Tygodnia Przygotowawczego i\u00a0Sprz\u0105tania.<\/p>\n\n\n\n<p>Najch\u0119tniej pokryliby\u015bmy r\u00f3wnie\u017c ca\u0142o\u015b\u0107 koszt\u00f3w zwi\u0105zanych z\u00a0wy\u017cywieniem, niestety od kilku lat bud\u017cet TE tak\u017ce potrzebuje wsparcia wolontariuszy i\u00a0pracownik\u00f3w CME pracuj\u0105cych w\u00a0ramach Tygodnia Ewangelizacyjnego, dlatego prosimy r\u00f3wnie\u017c Ciebie o\u00a0wsparcie finansowe swojego pobytu. Koszt posi\u0142k\u00f3w wynosi: \u015bniadania 7\u00a0z\u0142, obiady 10\u00a0z\u0142, kolacja 7\u00a0z\u0142.<\/p>\n\n\n\n<p>Jednak, je\u015bli z\u00a0jakiego\u015b powodu takie kwoty s\u0105 dla Ciebie zbyt wysokie, prosimy, skontaktuj si\u0119 z\u00a0nami: <a href=\"mailto:sylwia.chmiel@cme.org.pl\">sylwia.chmiel@cme.org.pl<\/a> lub <a href=\"tel:48519048504\">+48 519 048 504<\/a>, znajdziemy konkretne rozwi\u0105zanie dla Twojej sytuacji.<\/p>\n\n\n\n<p>W\u00a0czasie swojej pracy wszyscy wolontariusze maj\u0105 nieograniczony dost\u0119p do wody pitnej oraz codzienne darmowe kupony na kaw\u0119\/herbat\u0119 i\u00a0ciasto w\u00a0Caf\u00e9 TE.<\/p>\n\n\n\n<h2 class=\"wp-block-heading\">Teraz wiesz ju\u017c wszystko<\/h2>\n\n\n\n<p>Wype\u0142nij <a href=\"https:\/\/te.cme.org.pl\/2026\/wolontariat\/formularz-zgloszeniowy\/\" data-type=\"page\" data-id=\"177\">formularz zg\u0142oszeniowy<\/a> i\u00a0zosta\u0144 wolontariuszem TE.<\/p>\n","protected":false},"excerpt":{"rendered":"<p>W\u00a0trakcie ca\u0142ej pracy zapewniamy bezp\u0142atne zakwaterowanie (z\u00a0w\u0142asnymi karimatami i\u00a0\u015bpiworami) w\u00a0Szkole Podstawowej w\u00a0Dzi\u0119gielowie. W\u00a0ca\u0142o\u015bci pokrywamy r\u00f3wnie\u017c koszty wy\u017cywienia w\u00a0czasie Tygodnia Przygotowawczego i\u00a0Sprz\u0105tania. Najch\u0119tniej pokryliby\u015bmy r\u00f3wnie\u017c ca\u0142o\u015b\u0107 koszt\u00f3w zwi\u0105zanych z\u00a0wy\u017cywieniem, niestety od kilku lat bud\u017cet TE tak\u017ce potrzebuje wsparcia wolontariuszy i\u00a0pracownik\u00f3w CME pracuj\u0105cych w\u00a0ramach Tygodnia Ewangelizacyjnego, dlatego prosimy r\u00f3wnie\u017c Ciebie o\u00a0wsparcie finansowe swojego pobytu. Koszt posi\u0142k\u00f3w wynosi: [&hellip;]<\/p>\n","protected":false},"author":1,"featured_media":0,"parent":150,"menu_order":5,"comment_status":"closed","ping_status":"closed","template":"wolontariat","meta":{"footnotes":""},"class_list":["post-176","page","type-page","status-publish","hentry"],"_links":{"self":[{"href":"https:\/\/te.cme.org.pl\/2026\/wp-json\/wp\/v2\/pages\/176","targetHints":{"allow":["GET"]}}],"collection":[{"href":"https:\/\/te.cme.org.pl\/2026\/wp-json\/wp\/v2\/pages"}],"about":[{"href":"https:\/\/te.cme.org.pl\/2026\/wp-json\/wp\/v2\/types\/page"}],"author":[{"embeddable":true,"href":"https:\/\/te.cme.org.pl\/2026\/wp-json\/wp\/v2\/users\/1"}],"replies":[{"embeddable":true,"href":"https:\/\/te.cme.org.pl\/2026\/wp-json\/wp\/v2\/comments?post=176"}],"version-history":[{"count":3,"href":"https:\/\/te.cme.org.pl\/2026\/wp-json\/wp\/v2\/pages\/176\/revisions"}],"predecessor-version":[{"id":191,"href":"https:\/\/te.cme.org.pl\/2026\/wp-json\/wp\/v2\/pages\/176\/revisions\/191"}],"up":[{"embeddable":true,"href":"https:\/\/te.cme.org.pl\/2026\/wp-json\/wp\/v2\/pages\/150"}],"wp:attachment":[{"href":"https:\/\/te.cme.org.pl\/2026\/wp-json\/wp\/v2\/media?parent=176"}],"curies":[{"name":"wp","href":"https:\/\/api.w.org\/{rel}","templated":true}]}}