{"id":227,"date":"2026-04-30T09:22:32","date_gmt":"2026-04-30T07:22:32","guid":{"rendered":"https:\/\/te.cme.org.pl\/2026\/?page_id=227"},"modified":"2026-04-30T09:22:32","modified_gmt":"2026-04-30T07:22:32","slug":"zamow-posilki","status":"publish","type":"page","link":"https:\/\/te.cme.org.pl\/2026\/zamow-posilki\/","title":{"rendered":"Zam\u00f3w posi\u0142ki"},"content":{"rendered":"\n<p>Poni\u017cszy formularz s\u0142u\u017cy wy\u0142\u0105cznie do zam\u00f3wienia posi\u0142k\u00f3w. Nie zapewniamy miejsc noclegowych dla uczestnik\u00f3w Tygodnia.<\/p>\n\n\n\n<h2 class=\"wp-block-heading\">Cennik<\/h2>\n\n\n\n<ul class=\"wp-block-list\">\n<li>\u015aniadanie \u2013 20 z\u0142<\/li>\n\n\n\n<li>Obiad jednodaniowy* \u2013 25 z\u0142<\/li>\n\n\n\n<li>Kolacja \u2013 20 z\u0142<\/li>\n<\/ul>\n\n\n\n<p class=\"has-small-font-size\">*mo\u017cliwo\u015b\u0107 wykupienia obiad\u00f3w wegetaria\u0144skich<\/p>\n\n\n\n<div class=\"wp-block-group has-global-padding is-layout-constrained wp-block-group-is-layout-constrained\">\n<iframe class=\"te-registration-form\" style=\"width: 100%; height: 1014px; border-width: 0;\" src=\"https:\/\/formularze.cme.org.pl\/ted-2026\/uczestnik?branding=false\" onload=\"iframeResize(this)\"><\/iframe>\n<\/div>\n","protected":false},"excerpt":{"rendered":"<p>Poni\u017cszy formularz s\u0142u\u017cy wy\u0142\u0105cznie do zam\u00f3wienia posi\u0142k\u00f3w. Nie zapewniamy miejsc noclegowych dla uczestnik\u00f3w Tygodnia. Cennik *mo\u017cliwo\u015b\u0107 wykupienia obiad\u00f3w wegetaria\u0144skich<\/p>\n","protected":false},"author":1,"featured_media":0,"parent":0,"menu_order":0,"comment_status":"closed","ping_status":"closed","template":"","meta":{"footnotes":""},"class_list":["post-227","page","type-page","status-publish","hentry"],"_links":{"self":[{"href":"https:\/\/te.cme.org.pl\/2026\/wp-json\/wp\/v2\/pages\/227","targetHints":{"allow":["GET"]}}],"collection":[{"href":"https:\/\/te.cme.org.pl\/2026\/wp-json\/wp\/v2\/pages"}],"about":[{"href":"https:\/\/te.cme.org.pl\/2026\/wp-json\/wp\/v2\/types\/page"}],"author":[{"embeddable":true,"href":"https:\/\/te.cme.org.pl\/2026\/wp-json\/wp\/v2\/users\/1"}],"replies":[{"embeddable":true,"href":"https:\/\/te.cme.org.pl\/2026\/wp-json\/wp\/v2\/comments?post=227"}],"version-history":[{"count":3,"href":"https:\/\/te.cme.org.pl\/2026\/wp-json\/wp\/v2\/pages\/227\/revisions"}],"predecessor-version":[{"id":230,"href":"https:\/\/te.cme.org.pl\/2026\/wp-json\/wp\/v2\/pages\/227\/revisions\/230"}],"wp:attachment":[{"href":"https:\/\/te.cme.org.pl\/2026\/wp-json\/wp\/v2\/media?parent=227"}],"curies":[{"name":"wp","href":"https:\/\/api.w.org\/{rel}","templated":true}]}}