{"id":233,"date":"2026-05-05T16:35:02","date_gmt":"2026-05-05T14:35:02","guid":{"rendered":"https:\/\/te.cme.org.pl\/2026\/?page_id=233"},"modified":"2026-05-05T16:39:25","modified_gmt":"2026-05-05T14:39:25","slug":"3-list-modlitewny","status":"publish","type":"page","link":"https:\/\/te.cme.org.pl\/2026\/wspieraj-te\/modl-sie-o-te\/3-list-modlitewny\/","title":{"rendered":"III List Modlitewny TED 2026"},"content":{"rendered":"\n<p class=\"has-text-align-right\">Dzi\u0119giel\u00f3w, 12 marca 2026 roku<\/p>\n\n\n\n<p><strong>Drodzy Modliciele,<br>Siostry i\u00a0Bracia,<br>Kochani Przyjaciele!<\/strong><\/p>\n\n\n\n<p>Przesy\u0142am kolejny \u2013 trzeci ju\u017c \u2013 list modlitewny dotycz\u0105cy Tygodnia Ewangelizacyjnego w\u00a0Dzi\u0119gielowie 2026. W\u00a0tym roku spotkamy si\u0119 w dniach 5\u201312 lipca, aby pod has\u0142em \u201eCzas na nowe\u201d i\u00a0Bo\u017cym S\u0142owem do\u015bwiadcza\u0107 odnowy.<\/p>\n\n\n\n<h2 class=\"wp-block-heading\">Wolontariusze<\/h2>\n\n\n\n<p>Obecnie trwa rekrutacja wolontariuszy. Dzi\u0119kujemy wszystkim, kt\u00f3rzy ju\u017c si\u0119 zg\u0142osili i\u00a0chc\u0105 zaanga\u017cowa\u0107 si\u0119 w\u00a0przygotowanie Tygodnia.<\/p>\n\n\n\n<p>S\u0105 jeszcze wolne miejsca w\u00a0s\u0142u\u017cbie dzieci w\u00a0wieku 7\u201311 lat. Zg\u0142oszenia mo\u017cna dokona\u0107 przez nasz\u0105 stron\u0119: <a href=\"https:\/\/te.cme.org.pl\/2026\/wolontariat\/\" data-type=\"page\" data-id=\"150\">te.cme.org.pl<\/a>.<\/p>\n\n\n\n<p>Poszukujemy tak\u017ce wolontariuszy do Ksi\u0119garni Warto. Je\u015bli czujesz, \u017ce to miejsce dla Ciebie, lub znasz kogo\u015b, kto ch\u0119tnie zaanga\u017cuje si\u0119 w\u00a0t\u0119 s\u0142u\u017cb\u0119, prosimy o\u00a0kontakt z\u00a0Sylwi\u0105 Birowsk\u0105 \u2013 kierownik Ksi\u0119garni Warto (<a href=\"mailto:sylwia.birowska@cme.org.pl\">sylwia.birowska@cme.org.pl<\/a>).<\/p>\n\n\n\n<h2 class=\"wp-block-heading\">M\u00f3wcy<\/h2>\n\n\n\n<p>TED to wsp\u00f3lna praca wielu wolontariuszy w\u00a0r\u00f3\u017cnych obszarach. W\u00a0szczeg\u00f3lny spos\u00f3b jeste\u015bmy wdzi\u0119czni za tych, kt\u00f3rzy przyjmuj\u0105 zaproszenie do bezpo\u015bredniego g\u0142oszenia S\u0142owa Bo\u017cego podczas spotka\u0144 ewangelizacyjnych.<\/p>\n\n\n\n<p>Na spotkaniach dla dzieci w\u00a0wieku 3\u20136 i\u00a07\u201311 lat s\u0142u\u017c\u0105 osoby z\u00a0naszego regionu, na co dzie\u0144 zaanga\u017cowane w\u00a0prac\u0119 w\u015br\u00f3d dzieci w\u00a0swoich parafiach. Dzi\u0119kujemy, \u017ce ka\u017cdego roku mo\u017cemy na nich liczy\u0107.<\/p>\n\n\n\n<p>Grupie nastolatk\u00f3w w\u00a0namiocie #M\u0141ODZI b\u0119d\u0105 zwiastowa\u0107:<\/p>\n\n\n\n<ul class=\"wp-block-list\">\n<li>ks.\u00a0Marcin Dawid (Cieszyn)<\/li>\n\n\n\n<li>ks.\u00a0Konrad Indeka (Katowice)<\/li>\n\n\n\n<li>ks.\u00a0Sebastian Madejski (Warszawa)<\/li>\n\n\n\n<li>ks.\u00a0Damian Rusin (Golesz\u00f3w)<\/li>\n\n\n\n<li>ks.\u00a0\u0141ukasz Stachelek (Olsztyn)<\/li>\n<\/ul>\n\n\n\n<p>Komitet TED przyj\u0105\u0142 zasad\u0119, \u017ce do zwiastowania na spotkaniach ewangelizacyjnych w\u00a0Du\u017cym Namiocie naprzemiennie zapraszamy m\u00f3wc\u00f3w zagranicznych i\u00a0polskich. W\u00a0tym roku go\u015bci\u0107 b\u0119dziemy m\u00f3wc\u00f3w z\u00a0Polski. Nasze zaproszenie przyj\u0119li:<\/p>\n\n\n\n<ul class=\"wp-block-list\">\n<li>ks.\u00a0Jan Kurko (Bytom-Miechowice)<\/li>\n\n\n\n<li>pastor Jonasz Ma\u0142kiewicz (Brzeszcze)<\/li>\n\n\n\n<li>ks.\u00a0S\u0142awomir Sikora (Szczecin)<\/li>\n\n\n\n<li>ks.\u00a0Andrzej W\u00f3jcik (Gliwice)<\/li>\n<\/ul>\n\n\n\n<h2 class=\"wp-block-heading\">Dzi\u0119kujemy Bogu:<\/h2>\n\n\n\n<ul class=\"wp-block-list is-style-tw-checkmark\">\n<li>za wolontariuszy, kt\u00f3rzy z\u00a0gotowo\u015bci\u0105 i\u00a0zaanga\u017cowaniem zg\u0142aszaj\u0105 si\u0119 do s\u0142u\u017cby podczas Tygodnia,<\/li>\n\n\n\n<li>za pracownik\u00f3w, kt\u00f3rzy w\u00a0trakcie TED opiekuj\u0105 si\u0119 wolontariuszami i\u00a0koordynuj\u0105 ich prac\u0119,<\/li>\n\n\n\n<li>za m\u00f3wc\u00f3w, kt\u00f3rzy podejmuj\u0105 odpowiedzialno\u015b\u0107, by adekwatnie do wieku odbiorc\u00f3w g\u0142osi\u0107 im S\u0142owo Bo\u017ce,<\/li>\n\n\n\n<li>za osoby, kt\u00f3re modl\u0105 si\u0119 regularnie i\u00a0wytrwale o\u00a0to, by Tydzie\u0144 by\u0142 skutecznym narz\u0119dziem w\u00a0r\u0119kach Boga i\u00a0przyni\u00f3s\u0142 odnow\u0119, szczeg\u00f3lnie tym, kt\u00f3rzy Go jeszcze nie znaj\u0105,<\/li>\n\n\n\n<li>za hojnych darczy\u0144c\u00f3w, kt\u00f3rzy wspieraj\u0105 Tydzie\u0144 sta\u0142ymi, comiesi\u0119cznymi wp\u0142atami.<\/li>\n<\/ul>\n\n\n\n<h2 class=\"wp-block-heading\">Pro\u015bmy Boga:<\/h2>\n\n\n\n<ul class=\"wp-block-list is-style-tw-arrow\">\n<li>aby ka\u017cda osoba wsp\u00f3\u0142tworz\u0105ca Tydzie\u0144 zosta\u0142a przez Niego odpowiednio wyposa\u017cona do swoich zada\u0144,<\/li>\n\n\n\n<li>aby B\u00f3g \u201epo\u0142\u0105czy\u0142\u201d prac\u0119 i\u00a0wysi\u0142ek wielu ludzi i\u00a0przez Tydzie\u0144 realizowa\u0142 swoj\u0105 wol\u0119,<\/li>\n\n\n\n<li>aby zwiastuj\u0105cy g\u0142osili S\u0142owo z\u00a0moc\u0105 i\u00a0Bo\u017cym autorytetem.<\/li>\n<\/ul>\n\n\n\n<h2 class=\"wp-block-heading\">Wsparcie TED 2026<\/h2>\n\n\n\n<p>Tydzie\u0144 Ewangelizacyjny jest wydarzeniem mo\u017cliwym wy\u0142\u0105cznie dzi\u0119ki Bo\u017cej \u0142asce i\u00a0wsparciu ludzi. Dzi\u0119ki hojno\u015bci wielu ludzi <strong>koszty organizacji TED 2025 zosta\u0142y w\u00a0100% pokryte!<\/strong> Jeste\u015bmy niezmiernie wdzi\u0119czni Bogu za Jego zaopatrzenie, a\u00a0ludziom za finansowe wsp\u00f3\u0142organizowanie TED.<\/p>\n\n\n\n<p><a href=\"https:\/\/cme.org.pl\/wspieraj-nas\/zrob-przelew-przez-payu\/\" target=\"_blank\" rel=\"noreferrer noopener\">Je\u015bli rozwa\u017casz wspieranie TED finansowo, jeste\u015bmy za Ciebie wdzi\u0119czni i\u00a0modlimy si\u0119 o\u00a0Ciebie.<\/a><\/p>\n\n\n\n<p>Szczeg\u00f3lnie zach\u0119camy do rozwa\u017cenia <strong>sta\u0142ego, comiesi\u0119cznego wsparcia<\/strong>. Nawet niewielka, ale regularna kwota daje nam mo\u017cliwo\u015b\u0107 lepszego planowania wydatk\u00f3w zwi\u0105zanych z\u00a0organizacj\u0105 TED. To cicha, ale niezwykle wa\u017cna forma uczestnictwa w\u00a0dziele Ewangelii.<\/p>\n\n\n\n<hr class=\"wp-block-separator has-alpha-channel-opacity\"\/>\n\n\n\n<p>CENTRUM MISJI I EWANGELIZACJI KO\u015aCIO\u0141A<br>EWANGELICKO-AUGSBURSKIEGO\u00a0W RP<\/p>\n\n\n\n<p><strong>Nazwa banku:<\/strong><br>Powszechna Kasa Oszcz\u0119dno\u015bci Bank Polski SA<\/p>\n\n\n\n<p><strong>Kod BIC (Swift):<\/strong> BPKOPLPW<\/p>\n\n\n\n<p><strong>Numer konta:<\/strong> 75 1020 1390 0000 6202 0704 6347<\/p>\n\n\n\n<p><strong>Tytu\u0142em:<\/strong> Darowizna na dzia\u0142alno\u015b\u0107 statutow\u0105 OPP (TED)<\/p>\n\n\n\n<p>Mo\u017cliwe jest r\u00f3wnie\u017c wykonanie przelewu BLIK na numer telefonu: +48 509 398 500<br>Tytu\u0142em: Darowizna na dzia\u0142alno\u015b\u0107 statutow\u0105 OPP (TED)<\/p>\n\n\n\n<hr class=\"wp-block-separator has-alpha-channel-opacity\"\/>\n\n\n\n<p>Bardzo dzi\u0119kuj\u0119 za Twoje modlitwy, hojno\u015b\u0107 i wsparcie!<\/p>\n\n\n\n<p class=\"has-text-align-right\">W imieniu Zespo\u0142u pracuj\u0105cego nad TED<br>ks. Tymoteusz Bujok<\/p>\n\n\n\n<div style=\"height:100px\" aria-hidden=\"true\" class=\"wp-block-spacer\"><\/div>\n\n\n\n<p>Mo\u017cesz pobra\u0107 ten list modlitewny i wydrukowa\u0107 go dla siebie lub swoich przyjaci\u00f3\u0142: <a download=\"\" href=\"https:\/\/te.cme.org.pl\/2026\/wp-content\/uploads\/sites\/3\/2026\/05\/III-List-Modlitewny-TED-2026-4-maja-2026.pdf\" data-type=\"attachment\" data-id=\"242\">III List Modlitewny TED 2026<\/a>.<\/p>\n\n\n\n<p>List modlitewny wysy\u0142amy r\u00f3wnie\u017c mailowo do os\u00f3b kt\u00f3re wyrazi\u0142y na to zgod\u0119. Je\u015bli r\u00f3wnie\u017c chcesz do nich do\u0142\u0105czy\u0107 to wype\u0142nij poni\u017cszy formularz:<\/p>\n\n\n\n<iframe id=\"JotFormIFrame-230612376508050\" style=\"min-width: 100%; max-width: 100%; height: 550px; border: none;\" title=\"List modlitewny TE Dziegiel\u00f3w\" src=\"https:\/\/form.jotform.com\/230612376508050\" frameborder=\"0\" scrolling=\"no\" allowfullscreen=\"allowfullscreen\">\n<\/iframe>\n<script type=\"text\/javascript\">\n    var ifr = document.getElementById(\"JotFormIFrame-230612376508050\");\n    if (ifr) {\n      var src = ifr.src;\n      var iframeParams = [];\n      if (window.location.href && window.location.href.indexOf(\"?\") > -1) {\n        iframeParams = iframeParams.concat(window.location.href.substr(window.location.href.indexOf(\"?\") + 1).split('&'));\n      }\n      if (src && src.indexOf(\"?\") > -1) {\n        iframeParams = iframeParams.concat(src.substr(src.indexOf(\"?\") + 1).split(\"&\"));\n        src = src.substr(0, src.indexOf(\"?\"))\n      }\n      iframeParams.push(\"isIframeEmbed=1\");\n      ifr.src = src + \"?\" + iframeParams.join('&');\n    }\n    window.handleIFrameMessage = function(e) {\n      if (typeof e.data === 'object') { return; }\n      var args = e.data.split(\":\");\n      if (args.length > 2) { iframe = document.getElementById(\"JotFormIFrame-\" + args[(args.length - 1)]); } else { iframe = document.getElementById(\"JotFormIFrame\"); }\n      if (!iframe) { return; }\n      switch (args[0]) {\n        case \"scrollIntoView\":\n          iframe.scrollIntoView();\n          break;\n        case \"setHeight\":\n          iframe.style.height = args[1] + \"px\";\n          if (!isNaN(args[1]) && parseInt(iframe.style.minHeight) > parseInt(args[1])) {\n            iframe.style.minHeight = args[1] + \"px\";\n          }\n          break;\n        case \"collapseErrorPage\":\n          if (iframe.clientHeight > window.innerHeight) {\n            iframe.style.height = window.innerHeight + \"px\";\n          }\n          break;\n        case \"reloadPage\":\n          window.location.reload();\n          break;\n        case \"loadScript\":\n          if( !window.isPermitted(e.origin, ['jotform.com', 'jotform.pro']) ) { break; }\n          var src = args[1];\n          if (args.length > 3) {\n              src = args[1] + ':' + args[2];\n          }\n          var script = document.createElement('script');\n          script.src = src;\n          script.type = 'text\/javascript';\n          document.body.appendChild(script);\n          break;\n        case \"exitFullscreen\":\n          if      (window.document.exitFullscreen)        window.document.exitFullscreen();\n          else if (window.document.mozCancelFullScreen)   window.document.mozCancelFullScreen();\n          else if (window.document.mozCancelFullscreen)   window.document.mozCancelFullScreen();\n          else if (window.document.webkitExitFullscreen)  window.document.webkitExitFullscreen();\n          else if (window.document.msExitFullscreen)      window.document.msExitFullscreen();\n          break;\n      }\n      var isJotForm = (e.origin.indexOf(\"jotform\") > -1) ? true : false;\n      if(isJotForm && \"contentWindow\" in iframe && \"postMessage\" in iframe.contentWindow) {\n        var urls = {\"docurl\":encodeURIComponent(document.URL),\"referrer\":encodeURIComponent(document.referrer)};\n        iframe.contentWindow.postMessage(JSON.stringify({\"type\":\"urls\",\"value\":urls}), \"*\");\n      }\n    };\n    window.isPermitted = function(originUrl, whitelisted_domains) {\n      var url = document.createElement('a');\n      url.href = originUrl;\n      var hostname = url.hostname;\n      var result = false;\n      if( typeof hostname !== 'undefined' ) {\n        whitelisted_domains.forEach(function(element) {\n            if( hostname.slice((-1 * element.length - 1)) === '.'.concat(element) ||  hostname === element ) {\n                result = true;\n            }\n        });\n        return result;\n      }\n    };\n    if (window.addEventListener) {\n      window.addEventListener(\"message\", handleIFrameMessage, false);\n    } else if (window.attachEvent) {\n      window.attachEvent(\"onmessage\", handleIFrameMessage);\n    }\n    <\/script>\n","protected":false},"excerpt":{"rendered":"<p>Dzi\u0119giel\u00f3w, 12 marca 2026 roku Drodzy Modliciele,Siostry i\u00a0Bracia,Kochani Przyjaciele! Przesy\u0142am kolejny \u2013 trzeci ju\u017c \u2013 list modlitewny dotycz\u0105cy Tygodnia Ewangelizacyjnego w\u00a0Dzi\u0119gielowie 2026. W\u00a0tym roku spotkamy si\u0119 w dniach 5\u201312 lipca, aby pod has\u0142em \u201eCzas na nowe\u201d i\u00a0Bo\u017cym S\u0142owem do\u015bwiadcza\u0107 odnowy. Wolontariusze Obecnie trwa rekrutacja wolontariuszy. Dzi\u0119kujemy wszystkim, kt\u00f3rzy ju\u017c si\u0119 zg\u0142osili i\u00a0chc\u0105 zaanga\u017cowa\u0107 si\u0119 w\u00a0przygotowanie [&hellip;]<\/p>\n","protected":false},"author":1,"featured_media":0,"parent":55,"menu_order":3,"comment_status":"closed","ping_status":"closed","template":"wp-custom-template-wspieraj-te","meta":{"footnotes":""},"class_list":["post-233","page","type-page","status-publish","hentry"],"_links":{"self":[{"href":"https:\/\/te.cme.org.pl\/2026\/wp-json\/wp\/v2\/pages\/233","targetHints":{"allow":["GET"]}}],"collection":[{"href":"https:\/\/te.cme.org.pl\/2026\/wp-json\/wp\/v2\/pages"}],"about":[{"href":"https:\/\/te.cme.org.pl\/2026\/wp-json\/wp\/v2\/types\/page"}],"author":[{"embeddable":true,"href":"https:\/\/te.cme.org.pl\/2026\/wp-json\/wp\/v2\/users\/1"}],"replies":[{"embeddable":true,"href":"https:\/\/te.cme.org.pl\/2026\/wp-json\/wp\/v2\/comments?post=233"}],"version-history":[{"count":5,"href":"https:\/\/te.cme.org.pl\/2026\/wp-json\/wp\/v2\/pages\/233\/revisions"}],"predecessor-version":[{"id":247,"href":"https:\/\/te.cme.org.pl\/2026\/wp-json\/wp\/v2\/pages\/233\/revisions\/247"}],"up":[{"embeddable":true,"href":"https:\/\/te.cme.org.pl\/2026\/wp-json\/wp\/v2\/pages\/55"}],"wp:attachment":[{"href":"https:\/\/te.cme.org.pl\/2026\/wp-json\/wp\/v2\/media?parent=233"}],"curies":[{"name":"wp","href":"https:\/\/api.w.org\/{rel}","templated":true}]}}