{"id":295,"date":"2026-05-15T09:41:13","date_gmt":"2026-05-15T07:41:13","guid":{"rendered":"https:\/\/te.cme.org.pl\/2026\/?page_id=295"},"modified":"2026-05-15T09:41:13","modified_gmt":"2026-05-15T07:41:13","slug":"regulamin","status":"publish","type":"page","link":"https:\/\/te.cme.org.pl\/2026\/regulamin\/","title":{"rendered":"Regulamin Tygodnia Ewangelizacyjnego w Dzi\u0119gielowie"},"content":{"rendered":"\n<h2 class=\"wp-block-heading has-text-align-center\">\u00a71<\/h2>\n\n\n\n<ol class=\"wp-block-list\">\n<li>Regulamin Tygodnia Ewangelizacyjnego w Dzi\u0119gielowie, zwany dalej Regulaminem, obowi\u0105zuje na terenie imprezy maj\u0105cej charakter religijny, o nazwie Tydzie\u0144 Ewangelizacyjny w Dzi\u0119gielowie, odbywaj\u0105cej si\u0119 w dniach 5-12.07.2026, zwanej dalej \u201eImprez\u0105&#8221;.<\/li>\n\n\n\n<li>Organizatorem Imprezy jest Centrum Misji i Ewangelizacji Ko\u015bcio\u0142a Ewangelicko-Augsburskiego w RP z siedzib\u0105 przy ul. Misyjnej 8 w Dzi\u0119gielowie.<\/li>\n\n\n\n<li>Regulamin skierowany jest do wszystkich os\u00f3b, kt\u00f3re w czasie trwania Imprezy b\u0119d\u0105 przebywa\u0107 na terenie, na kt\u00f3rym przeprowadzana jest Impreza. Ka\u017cda osoba przebywaj\u0105ca na tym terenie, zwana dalej \u201eUczestnikiem imprezy\u201d b\u0105d\u017a w liczbie mnogiej \u201eUczestnikami Imprezy\u201d, w czasie trwania Imprezy obowi\u0105zana jest stosowa\u0107 si\u0119 do postanowie\u0144 niniejszego Regulaminu.<\/li>\n\n\n\n<li>Celem Regulaminu jest zapewnienie bezpiecze\u0144stwa Imprezy poprzez okre\u015blenie zasad zachowania si\u0119 os\u00f3b obecnych na Imprezie i korzystania przez nie z terenu, na kt\u00f3rym przeprowadzana jest Impreza, tak\u017ce urz\u0105dze\u0144, znajduj\u0105cych si\u0119 na nim.<\/li>\n\n\n\n<li>Ka\u017cdy z Uczestnik\u00f3w imprezy zobowi\u0105zany jest do zapoznania si\u0119 z tre\u015bci\u0105 niniejszego regulaminu. Wej\u015bcie na teren Imprezy oznacza akceptacj\u0119 niniejszego regulaminu.<\/li>\n\n\n\n<li>W Imprezie bior\u0105 udzia\u0142 r\u00f3wnie\u017c Uczestnicy Imprezy kt\u00f3rzy wyrazili ch\u0119\u0107 wolontariatu b\u0105d\u017a uczestnictwa w imprezie poprzez wcze\u015bniejsz\u0105 rejestracj\u0119, zwani dalej \u201ezarejestrowanymi Wolontariuszami\u201d lub \u201ezarejestrowanymi Uczestnikami\u201d.<\/li>\n<\/ol>\n\n\n\n<h2 class=\"wp-block-heading has-text-align-center\">\u00a72<\/h2>\n\n\n\n<ol class=\"wp-block-list\">\n<li>Wst\u0119p na teren Imprezy jest nieodp\u0142atny.<\/li>\n\n\n\n<li>Organizator zapewnia Uczestnikom Imprezy obs\u0142ug\u0119 organizacyjno-informacyjn\u0105, pomoc medyczn\u0105, zaplecze higieniczno-sanitarne.<\/li>\n\n\n\n<li>Organizator mo\u017ce zapewni\u0107, zarejestrowanym Wolontariuszom oraz zarejestrowanym Uczestnikom, kwater\u0119 oraz wy\u017cywienie, za kt\u00f3re mo\u017ce zosta\u0107 pobrana dodatkowa op\u0142ata.<\/li>\n\n\n\n<li>Organizator nie ponosi odpowiedzialno\u015bci za jakiekolwiek przedmioty zagubione lub pozostawione na terenie Imprezy bez dozoru w\u0142a\u015bciciela.<\/li>\n\n\n\n<li>Organizator nie prowadzi depozytu przedmiot\u00f3w.<\/li>\n<\/ol>\n\n\n\n<h2 class=\"wp-block-heading has-text-align-center\">\u00a73<\/h2>\n\n\n\n<ol class=\"wp-block-list\">\n<li>Osoby ma\u0142oletnie mog\u0105 uczestniczy\u0107 w Imprezie pod opiek\u0105 swojego rodzica lub opiekuna prawnego. Osoby ma\u0142oletnie uczestnicz\u0105 w Imprezie na wy\u0142\u0105czn\u0105 odpowiedzialno\u015b\u0107 os\u00f3b, kt\u00f3re sprawuj\u0105 nad nimi piecz\u0119.<\/li>\n\n\n\n<li>Opuszczenie terenu Imprezy, przez osoby ma\u0142oletnie, bior\u0105ce udzia\u0142 w wydarzeniach zwi\u0105zanych z trwaniem Imprezy, jest mo\u017cliwe wy\u0142\u0105cznie po uprzednim zg\u0142oszeniu tego faktu opiekunowi grupy \/ Organizatorowi.<\/li>\n<\/ol>\n\n\n\n<h2 class=\"wp-block-heading has-text-align-center\">\u00a74<\/h2>\n\n\n\n<ol class=\"wp-block-list\">\n<li>Ka\u017cdy zarejestrowany Wolontariusz oraz zarejestrowany Uczestnik imprezy jest zobowi\u0105zany do noszenia specjalnego identyfikatora wydanego przez Organizatora. Identyfikator jest wydawany dla os\u00f3b zarejestrowanych i nie mog\u0105 z niego korzysta\u0107 osoby trzecie.<\/li>\n\n\n\n<li>Ka\u017cdy zarejestrowany Wolontariusz zobowi\u0105zuje si\u0119 do przestrzegania niniejszego regulaminu oraz Regulaminu Wolontariatu obowi\u0105zuj\u0105cego w Centrum Misji i Ewangelizacji.<\/li>\n\n\n\n<li>W kwaterach przeznaczonych dla zarejestrowanych Wolontariuszy oraz<br>zarejestrowanych Uczestnik\u00f3w mog\u0105 przebywa\u0107 wy\u0142\u0105cznie osoby przypisane do danej kwatery.<\/li>\n\n\n\n<li>Zarejestrowani Wolontariusze oraz zarejestrowani Uczestnicy, w przypadku<br>korzystania z zakwaterowania oferowanego przez Organizatora, zobowi\u0105zani s\u0105 do korzystania wy\u0142\u0105cznie z kwatery przydzielonej podczas rejestracji. Ka\u017cd\u0105 zmian\u0119 kwatery nale\u017cy uzgodni\u0107 z Organizatorem.<\/li>\n\n\n\n<li>Za spotkania wieczorne w grupach, porz\u0105dek i dyscyplin\u0119 na kwaterach s\u0105<br>odpowiedzialne wyznaczone przez Organizatora osoby.<\/li>\n\n\n\n<li>Osoby znajduj\u0105ce si\u0119 w kwaterach zobowi\u0105zane s\u0105 do zachowania czysto\u015bci i ciszy<br>nocnej obowi\u0105zuj\u0105cej w godzinach od 23.00 do 6.00.<\/li>\n<\/ol>\n\n\n\n<h2 class=\"wp-block-heading has-text-align-center\">\u00a75<\/h2>\n\n\n\n<ol class=\"wp-block-list\">\n<li>Uczestnik Imprezy jest zobowi\u0105zany:\n<ol class=\"wp-block-list\">\n<li>przestrzega\u0107 postanowie\u0144 niniejszego regulaminu oraz powszechnie obowi\u0105zuj\u0105cych przepis\u00f3w prawa;<\/li>\n\n\n\n<li>przestrzega\u0107 i nie zak\u0142\u00f3ca\u0107 porz\u0105dku publicznego;<\/li>\n\n\n\n<li>nie zagra\u017ca\u0107 bezpiecze\u0144stwu innych os\u00f3b obecnych na Imprezie;<\/li>\n\n\n\n<li>stosowa\u0107 si\u0119 do polece\u0144 wydawanych przez s\u0142u\u017cby Organizatora Imprezy;<\/li>\n\n\n\n<li>do niepozostawiania bez swojego dozoru jakichkolwiek nale\u017c\u0105cych do niego przedmiot\u00f3w;<\/li>\n<\/ol>\n<\/li>\n\n\n\n<li>W przypadku niedostosowania si\u0119 do ust. 1 pkt 5) Organizator zastrzega prawo do usuni\u0119cia przedmiotu pozostaj\u0105cego bez opieki, poza teren Imprezy, oraz utylizacj\u0119 przedmiotu na koszt W\u0142a\u015bciciela.<\/li>\n\n\n\n<li>Uczestnik Imprezy zobowi\u0105zany jest do zachowywania si\u0119 w spos\u00f3b zgodny z<br>zasadami wsp\u00f3\u0142\u017cycia spo\u0142ecznego.<\/li>\n<\/ol>\n\n\n\n<h2 class=\"wp-block-heading has-text-align-center\">\u00a76<\/h2>\n\n\n\n<ol class=\"wp-block-list\">\n<li>Ze wzgl\u0119d\u00f3w bezpiecze\u0144stwa zakazuje si\u0119 wst\u0119pu na Imprez\u0119 osobie:\n<ol class=\"wp-block-list\">\n<li>znajduj\u0105cej si\u0119 pod wp\u0142ywem alkoholu, \u015brodk\u00f3w odurzaj\u0105cych, substancji psychotropowych lub innych podobnie dzia\u0142aj\u0105cych \u015brodk\u00f3w;<\/li>\n\n\n\n<li>zachowuj\u0105cej si\u0119 agresywnie, prowokacyjnie albo w inny spos\u00f3b stwarzaj\u0105cej zagro\u017cenie dla bezpiecze\u0144stwa lub porz\u0105dku;<\/li>\n\n\n\n<li>posiadaj\u0105cej bro\u0144, amunicj\u0119 lub inne niebezpieczne przedmioty mog\u0105ce by\u0107 u\u017cyte jako bro\u0144, materia\u0142y wybuchowe, pirotechniczne oraz inne substancje o podobnym dzia\u0142aniu lub wszelkiego rodzaju materia\u0142y po\u017carowo niebezpieczne, pojemniki na p\u0142yny lub produkty spo\u017cywcze wykonane z twardego materia\u0142u w tym szklane butelki oraz inne pojemniki pod ci\u015bnieniem lub inne niebezpieczne w ocenie Organizatora przedmioty;<\/li>\n\n\n\n<li>posiadaj\u0105cej przedmioty, urz\u0105dzenia lub p\u0142yny uznane za mog\u0105ce zagra\u017ca\u0107 bezpiecze\u0144stwu.<\/li>\n<\/ol>\n<\/li>\n\n\n\n<li>Organizator mo\u017ce odm\u00f3wi\u0107 wst\u0119pu na Imprez\u0119 oraz przebywania na terenie Imprezy osobom:\n<ol class=\"wp-block-list\">\n<li>kt\u00f3rych wygl\u0105d zewn\u0119trzny uniemo\u017cliwia lub utrudnia ich identyfikacj\u0119;<\/li>\n\n\n\n<li>zachowuj\u0105cym si\u0119 w spos\u00f3b regulaminem zabroniony;<\/li>\n<\/ol>\n<\/li>\n\n\n\n<li>Organizator zastrzega sobie prawo odmowy wyra\u017cenia zgody na wniesienie jakiegokolwiek przedmiotu, je\u017celi istnieje uzasadnione podejrzenie, \u017ce mo\u017ce on by\u0107 u\u017cyty w celu pope\u0142nienia czynu zabronionego.<\/li>\n<\/ol>\n\n\n\n<h2 class=\"wp-block-heading has-text-align-center\">\u00a77<\/h2>\n\n\n\n<ol class=\"wp-block-list\">\n<li>Podczas Imprezy zabrania si\u0119:\n<ol class=\"wp-block-list\">\n<li>posiadania oraz spo\u017cywania alkoholu, za\u017cywania \u015brodk\u00f3w odurzaj\u0105cych, substancji psychotropowych lub innych podobnie dzia\u0142aj\u0105cych \u015brodk\u00f3w;<\/li>\n\n\n\n<li>rozniecania i podsycania ognia oraz palenia wyrob\u00f3w tytoniowych na ca\u0142ym terenie Imprezy,<\/li>\n\n\n\n<li>sprzedawania, reklamowania (w tym rozdawania druk\u00f3w i ulotek), akwizycji i przeprowadzania zbi\u00f3rek pieni\u0119\u017cnych bez zgody Organizatora;<\/li>\n\n\n\n<li>zachowania prowokuj\u0105cych do zak\u0142\u00f3cania porz\u0105dku lub zagra\u017caj\u0105cych bezpiecze\u0144stwu, obra\u017aliwych, wulgarnych, rasistowskich, obscenicznych lub poni\u017caj\u0105cych inne osoby z jakiegokolwiek powodu lub innych mog\u0105cych wywo\u0142ywa\u0107 konflikty, nawo\u0142ywania do wa\u015bni na tle narodowo\u015bciowym, religijnym, spo\u0142ecznym, \u015bwiatopogl\u0105dowym itp., a tak\u017ce sk\u0142aniania innych Uczestnik\u00f3w Imprezy do takich zachowa\u0144;<\/li>\n\n\n\n<li>stosowania jakiejkolwiek przemocy lub formu\u0142owania gr\u00f3\u017ab pod adresem innych Uczestnik\u00f3w Imprezy;<\/li>\n\n\n\n<li>rzucania niebezpiecznymi przedmiotami;<\/li>\n\n\n\n<li>za\u0142atwiania potrzeb fizjologicznych poza miejscami i urz\u0105dzeniami do tego wyznaczonymi a tak\u017ce za\u015bmiecania terenu Imprezy;<\/li>\n\n\n\n<li>u\u017cywania element\u00f3w odzie\u017cy lub przedmiot\u00f3w s\u0142u\u017c\u0105cych do zakrycia twarzy lub do uniemo\u017cliwienia lub utrudnienia identyfikacji;<\/li>\n\n\n\n<li>zastawiania dr\u00f3g ewakuacyjnych lub uniemo\u017cliwiania swobodnego przep\u0142ywu os\u00f3b,<\/li>\n\n\n\n<li>dewastacji mienia Organizatora lub os\u00f3b trzecich;<\/li>\n\n\n\n<li>wnoszenia transparent\u00f3w, plakat\u00f3w, baner\u00f3w itp. bez zgody Organizatora;<\/li>\n\n\n\n<li>u\u017cywania i korzystania z urz\u0105dze\u0144 znajduj\u0105cych si\u0119 na terenie Imprezy w spos\u00f3b niezgodny z ich przeznaczeniem;<\/li>\n\n\n\n<li>niszczenia obiekt\u00f3w i urz\u0105dze\u0144 znajduj\u0105cych si\u0119 na terenie Imprezy.<\/li>\n<\/ol>\n<\/li>\n\n\n\n<li>Zabrania si\u0119 wnoszenia i posiadania na Imprezie:\n<ol class=\"wp-block-list\">\n<li>broni, amunicji lub innych niebezpiecznych przedmiot\u00f3w, mog\u0105cych by\u0107 u\u017cyty jako bro\u0144,<\/li>\n\n\n\n<li>materia\u0142\u00f3w zawieraj\u0105cych tre\u015bci obra\u017aliwe, wulgarne, rasistowskie, obsceniczne lub poni\u017caj\u0105ce inne osoby;<\/li>\n\n\n\n<li>materia\u0142\u00f3w reklamowych, za wyj\u0105tkiem dopuszczonych za zgod\u0105 Organizatora;<\/li>\n\n\n\n<li>materia\u0142\u00f3w wybuchowych, wyrob\u00f3w pirotechnicznych oraz innych substancji o podobnym dzia\u0142aniu oraz wszelkiego rodzaju materia\u0142\u00f3w po\u017carowo niebezpiecznych.<\/li>\n<\/ol>\n<\/li>\n<\/ol>\n\n\n\n<h2 class=\"wp-block-heading has-text-align-center\">\u00a78<\/h2>\n\n\n\n<ol class=\"wp-block-list\">\n<li>Uczestnik Imprezy zobowi\u0105zany jest do bezwzgl\u0119dnego przestrzegania polece\u0144 i zarz\u0105dze\u0144 s\u0142u\u017cb odpowiedzialnych za ochron\u0119 i bezpiecze\u0144stwo podczas Imprezy.<\/li>\n\n\n\n<li>Wszelka dzia\u0142alno\u015b\u0107 us\u0142ugowa lub handlowa, jak i transmisje, nagrania radiowe i<br>telewizyjne, filmowanie i wykonywanie zdj\u0119\u0107 na terenie Imprezy, nie mo\u017ce odbywa\u0107 si\u0119 bez pisemnej zgody Organizatora.<\/li>\n\n\n\n<li>Organizator jest uprawniony do utrwalania przebiegu Imprezy, a w szczeg\u00f3lno\u015bci zachowania os\u00f3b w niej uczestnicz\u0105cych, za pomoc\u0105 urz\u0105dze\u0144 rejestruj\u0105cych obraz i d\u017awi\u0119k. Materia\u0142y zgromadzone podczas utrwalania przebiegu Imprezy mog\u0105 stanowi\u0107 dowody w zakresie stosownych post\u0119powa\u0144.<\/li>\n\n\n\n<li>Udzia\u0142 w Imprezie oraz wej\u015bcie na teren Imprezy, jest r\u00f3wnoznaczny z akceptacj\u0105 rozpowszechniania wizerunku utrwalonego podczas Imprezy w celu realizacji cel\u00f3w dokumentacyjnych, sprawozdawczych, reklamowych, promocyjnych w kraju i za granic\u0105; akceptacja dotyczy r\u00f3wnie\u017c os\u00f3b ma\u0142oletnich b\u0105d\u017a nieletnich, kt\u00f3re uczestnicz\u0105 w Imprezie pod opiek\u0105 i za zgod\u0105 os\u00f3b sprawuj\u0105cych nad nimi opiek\u0119 prawn\u0105 b\u0105d\u017a piecz\u0119.<\/li>\n\n\n\n<li>Niniejszy regulamin zosta\u0142 udost\u0119pniony Uczestnikom Imprezy, poprzez jego<br>wywieszenie przy wej\u015bciu na teren Imprezy oraz na ka\u017cde \u017c\u0105danie zainteresowanego oraz stanowi element w zg\u0142osze\u0144 do rejestracji zarejestrowanych Wolontariuszy i zarejestrowanych Uczestnik\u00f3w.<\/li>\n<\/ol>\n\n\n\n<hr class=\"wp-block-separator has-alpha-channel-opacity\" style=\"margin-top:var(--wp--preset--spacing--50);margin-bottom:var(--wp--preset--spacing--50)\"\/>\n\n\n\n<div class=\"wp-block-file\"><a id=\"wp-block-file--media-485e7824-e91f-4aae-93b0-30f426f6ab7d\" href=\"https:\/\/te.cme.org.pl\/2026\/wp-content\/uploads\/sites\/3\/2026\/05\/regulamin-tygodnia-ewangelizacyjnego-w-dziegielowie.pdf\" target=\"_blank\" rel=\"noreferrer noopener\">Regulamin Tygodnia Ewangelizacyjnego w Dzi\u0119gielowie<\/a><a href=\"https:\/\/te.cme.org.pl\/2026\/wp-content\/uploads\/sites\/3\/2026\/05\/regulamin-tygodnia-ewangelizacyjnego-w-dziegielowie.pdf\" class=\"wp-block-file__button wp-element-button\" download aria-describedby=\"wp-block-file--media-485e7824-e91f-4aae-93b0-30f426f6ab7d\">Pobierz<\/a><\/div>\n","protected":false},"excerpt":{"rendered":"<p>\u00a71 \u00a72 \u00a73 \u00a74 \u00a75 \u00a76 \u00a77 \u00a78<\/p>\n","protected":false},"author":1,"featured_media":0,"parent":0,"menu_order":0,"comment_status":"closed","ping_status":"closed","template":"","meta":{"footnotes":""},"class_list":["post-295","page","type-page","status-publish","hentry"],"_links":{"self":[{"href":"https:\/\/te.cme.org.pl\/2026\/wp-json\/wp\/v2\/pages\/295","targetHints":{"allow":["GET"]}}],"collection":[{"href":"https:\/\/te.cme.org.pl\/2026\/wp-json\/wp\/v2\/pages"}],"about":[{"href":"https:\/\/te.cme.org.pl\/2026\/wp-json\/wp\/v2\/types\/page"}],"author":[{"embeddable":true,"href":"https:\/\/te.cme.org.pl\/2026\/wp-json\/wp\/v2\/users\/1"}],"replies":[{"embeddable":true,"href":"https:\/\/te.cme.org.pl\/2026\/wp-json\/wp\/v2\/comments?post=295"}],"version-history":[{"count":2,"href":"https:\/\/te.cme.org.pl\/2026\/wp-json\/wp\/v2\/pages\/295\/revisions"}],"predecessor-version":[{"id":298,"href":"https:\/\/te.cme.org.pl\/2026\/wp-json\/wp\/v2\/pages\/295\/revisions\/298"}],"wp:attachment":[{"href":"https:\/\/te.cme.org.pl\/2026\/wp-json\/wp\/v2\/media?parent=295"}],"curies":[{"name":"wp","href":"https:\/\/api.w.org\/{rel}","templated":true}]}}