{"id":55,"date":"2025-11-26T07:33:24","date_gmt":"2025-11-26T06:33:24","guid":{"rendered":"https:\/\/te.cme.org.pl\/2026\/?page_id=55"},"modified":"2025-11-26T07:35:35","modified_gmt":"2025-11-26T06:35:35","slug":"modl-sie-o-te","status":"publish","type":"page","link":"https:\/\/te.cme.org.pl\/2026\/wspieraj-te\/modl-sie-o-te\/","title":{"rendered":"M\u00f3dl si\u0119 o TE"},"content":{"rendered":"\n<figure class=\"wp-block-pullquote has-large-font-size\" style=\"font-style:italic;font-weight:300\"><blockquote><p>Wyznawajcie tedy grzechy jedni drugim i m\u00f3dlcie si\u0119 jedni za drugich, aby\u015bcie byli uzdrowieni. Wiele mo\u017ce usilna modlitwa sprawiedliwego.<\/p><cite>List Jakuba 5,16<\/cite><\/blockquote><\/figure>\n\n\n\n<p>Wierz\u0105c w si\u0142\u0119 modlitwy i moc naszego wspania\u0142ego Boga, przedstawiamy wam nasze dzi\u0119kczynienie i pro\u015bby, by\u015bmy wsp\u00f3lnie mogli przynosi\u0107 je przed tron Bo\u017cej \u0142aski.<\/p>\n\n\n\n<p>O tym za co dzi\u0119kowa\u0107 i o co si\u0119 modli\u0107, przeczytasz w naszych listach modlitewnych:<\/p>\n\n\n<ul style=\"font-style:normal;font-weight:900;text-decoration:none;\" class=\"wp-elements-86c6beee3056214155968655886149d4 wp-block-page-list has-text-color has-accent-1-color\"><li class=\"wp-block-pages-list__item\"><a class=\"wp-block-pages-list__item__link\" href=\"https:\/\/te.cme.org.pl\/2026\/wspieraj-te\/modl-sie-o-te\/1-list-modlitewny\/\">I List Modlitewny TED 2026<\/a><\/li><li class=\"wp-block-pages-list__item\"><a class=\"wp-block-pages-list__item__link\" href=\"https:\/\/te.cme.org.pl\/2026\/wspieraj-te\/modl-sie-o-te\/2-list-modlitewny\/\">II List Modlitewny TED 2026<\/a><\/li><\/ul>","protected":false},"excerpt":{"rendered":"<p>Wyznawajcie tedy grzechy jedni drugim i m\u00f3dlcie si\u0119 jedni za drugich, aby\u015bcie byli uzdrowieni. Wiele mo\u017ce usilna modlitwa sprawiedliwego. List Jakuba 5,16 Wierz\u0105c w si\u0142\u0119 modlitwy i moc naszego wspania\u0142ego Boga, przedstawiamy wam nasze dzi\u0119kczynienie i pro\u015bby, by\u015bmy wsp\u00f3lnie mogli przynosi\u0107 je przed tron Bo\u017cej \u0142aski. O tym za co dzi\u0119kowa\u0107 i o co si\u0119 [&hellip;]<\/p>\n","protected":false},"author":1,"featured_media":0,"parent":36,"menu_order":2,"comment_status":"closed","ping_status":"closed","template":"wp-custom-template-wspieraj-te","meta":{"footnotes":""},"class_list":["post-55","page","type-page","status-publish","hentry"],"_links":{"self":[{"href":"https:\/\/te.cme.org.pl\/2026\/wp-json\/wp\/v2\/pages\/55","targetHints":{"allow":["GET"]}}],"collection":[{"href":"https:\/\/te.cme.org.pl\/2026\/wp-json\/wp\/v2\/pages"}],"about":[{"href":"https:\/\/te.cme.org.pl\/2026\/wp-json\/wp\/v2\/types\/page"}],"author":[{"embeddable":true,"href":"https:\/\/te.cme.org.pl\/2026\/wp-json\/wp\/v2\/users\/1"}],"replies":[{"embeddable":true,"href":"https:\/\/te.cme.org.pl\/2026\/wp-json\/wp\/v2\/comments?post=55"}],"version-history":[{"count":2,"href":"https:\/\/te.cme.org.pl\/2026\/wp-json\/wp\/v2\/pages\/55\/revisions"}],"predecessor-version":[{"id":57,"href":"https:\/\/te.cme.org.pl\/2026\/wp-json\/wp\/v2\/pages\/55\/revisions\/57"}],"up":[{"embeddable":true,"href":"https:\/\/te.cme.org.pl\/2026\/wp-json\/wp\/v2\/pages\/36"}],"wp:attachment":[{"href":"https:\/\/te.cme.org.pl\/2026\/wp-json\/wp\/v2\/media?parent=55"}],"curies":[{"name":"wp","href":"https:\/\/api.w.org\/{rel}","templated":true}]}}